{"id":3261,"date":"2026-01-29T13:36:33","date_gmt":"2026-01-29T13:36:33","guid":{"rendered":"https:\/\/redsailaruba.com\/alquiler-de-material\/"},"modified":"2026-02-19T08:37:38","modified_gmt":"2026-02-19T08:37:38","slug":"alquiler-de-material","status":"publish","type":"page","link":"https:\/\/redsailaruba.com\/es\/alquiler-de-material\/","title":{"rendered":"Alquiler de material"},"content":{"rendered":"\n\n<div class=\"block block-text  my-4 my-lg-6\">\n     <div class=\"container\"> \n        <div class=\"row\">\n            <div class=\"col-12 col-lg-8 mx-auto \">\n                <p>Las pesas, los cinturones de lastre y las botellas est\u00e1n incluidos en el precio de la inmersi\u00f3n desde barco. El resto del equipo se puede alquilar en nuestras tiendas de buceo.<\/p>\n<p>Disponemos de una amplia selecci\u00f3n de equipos de buceo nuevos y en buen estado para quienes no tengan el suyo propio o prefieran no tener que cargar con \u00e9l hasta Aruba.<\/p>\n<ul>\n<li>Paquete completo de equipo de buceo (por d\u00eda)<\/li>\n<li>Paquete completo de equipo de buceo (por semana)<\/li>\n<li>BCD (por d\u00eda)<\/li>\n<li>Regulador (por d\u00eda)<\/li>\n<li>Traje de neopreno (por d\u00eda)<\/li>\n<li>Pulpo (por d\u00eda)<\/li>\n<li>Nitrox (por botella)<\/li>\n<li>Mascarilla con receta (por d\u00eda)<\/li>\n<li>Chaleco de snorkel (por d\u00eda)<\/li>\n<li>SNORKELING Conjunto de m\u00e1scara\/esn\u00f3rquel y aletas (por d\u00eda)<\/li>\n<li>ESN\u00d3RQUEL M\u00e1scara\/esn\u00f3rquel o aletas (por d\u00eda)<\/li>\n<li>BUCEO Conjunto de m\u00e1scara\/esn\u00f3rquel y aletas (por d\u00eda)<\/li>\n<li>BUCEO M\u00e1scara\/esn\u00f3rquel o aletas (cada uno por d\u00eda)<\/li>\n<li>Alquiler de c\u00e1mara subacu\u00e1tica con flash y pel\u00edcula (por viaje)<\/li>\n<li>Linterna subacu\u00e1tica<\/li>\n<\/ul>\n            <\/div>\n        <\/div>\n        \n                <\/div> <\/div>\n\n<div class=\"block block-text  my-4 my-lg-6\">\n     <div class=\"container\"> \n        <div class=\"row\">\n            <div class=\"col-12 col-lg-8 mx-auto \">\n                            <\/div>\n        <\/div>\n        \n                <\/div> <\/div>","protected":false},"excerpt":{"rendered":"","protected":false},"author":1,"featured_media":2645,"parent":0,"menu_order":0,"comment_status":"closed","ping_status":"closed","template":"","meta":{"_acf_changed":false,"footnotes":""},"class_list":["post-3261","page","type-page","status-publish","has-post-thumbnail","hentry"],"acf":[],"yoast_head":"<!-- This site is optimized with the Yoast SEO Premium plugin v27.3 (Yoast SEO v27.3) - https:\/\/yoast.com\/product\/yoast-seo-premium-wordpress\/ -->\n<title>Alquiler de Equipo en Aruba: Equipo de buceo y m\u00e1s - Red Sail Aruba%<\/title>\n<meta name=\"description\" content=\"Consigue el mejor Alquiler de Equipo de Aruba para submarinismo y snorkel. Alquila equipo de primera calidad y disfruta de las maravillas submarinas.\" \/>\n<meta name=\"robots\" content=\"index, follow, max-snippet:-1, max-image-preview:large, max-video-preview:-1\" \/>\n<link rel=\"canonical\" href=\"https:\/\/redsailaruba.com\/es\/alquiler-de-material\/\" \/>\n<meta property=\"og:locale\" content=\"es_ES\" \/>\n<meta property=\"og:type\" content=\"article\" \/>\n<meta property=\"og:title\" content=\"Alquiler de material\" \/>\n<meta property=\"og:description\" content=\"Consigue el mejor Alquiler de Equipo de Aruba para submarinismo y snorkel. Alquila equipo de primera calidad y disfruta de las maravillas submarinas.\" \/>\n<meta property=\"og:url\" content=\"https:\/\/redsailaruba.com\/es\/alquiler-de-material\/\" \/>\n<meta property=\"og:site_name\" content=\"Red Sail Aruba\" \/>\n<meta property=\"article:modified_time\" content=\"2026-02-19T08:37:38+00:00\" \/>\n<meta property=\"og:image\" content=\"https:\/\/redsailaruba.com\/app\/uploads\/2021\/10\/Instructor-dive-gear-hand-out-at-pier-scaled.webp\" \/>\n\t<meta property=\"og:image:width\" content=\"2560\" \/>\n\t<meta property=\"og:image:height\" content=\"1707\" \/>\n\t<meta property=\"og:image:type\" content=\"image\/webp\" \/>\n<meta name=\"twitter:card\" content=\"summary_large_image\" \/>\n<script type=\"application\/ld+json\" class=\"yoast-schema-graph\">{\"@context\":\"https:\\\/\\\/schema.org\",\"@graph\":[{\"@type\":\"WebPage\",\"@id\":\"https:\\\/\\\/redsailaruba.com\\\/es\\\/alquiler-de-material\\\/\",\"url\":\"https:\\\/\\\/redsailaruba.com\\\/es\\\/alquiler-de-material\\\/\",\"name\":\"Alquiler de Equipo en Aruba: Equipo de buceo y m\u00e1s - Red Sail Aruba%\",\"isPartOf\":{\"@id\":\"https:\\\/\\\/redsailaruba.com\\\/es\\\/#website\"},\"primaryImageOfPage\":{\"@id\":\"https:\\\/\\\/redsailaruba.com\\\/es\\\/alquiler-de-material\\\/#primaryimage\"},\"image\":{\"@id\":\"https:\\\/\\\/redsailaruba.com\\\/es\\\/alquiler-de-material\\\/#primaryimage\"},\"thumbnailUrl\":\"https:\\\/\\\/redsailaruba.com\\\/app\\\/uploads\\\/2021\\\/10\\\/Instructor-dive-gear-hand-out-at-pier-scaled.webp\",\"datePublished\":\"2026-01-29T13:36:33+00:00\",\"dateModified\":\"2026-02-19T08:37:38+00:00\",\"description\":\"Consigue el mejor Alquiler de Equipo de Aruba para submarinismo y snorkel. Alquila equipo de primera calidad y disfruta de las maravillas submarinas.\",\"breadcrumb\":{\"@id\":\"https:\\\/\\\/redsailaruba.com\\\/es\\\/alquiler-de-material\\\/#breadcrumb\"},\"inLanguage\":\"es-ES\",\"potentialAction\":[{\"@type\":\"ReadAction\",\"target\":[\"https:\\\/\\\/redsailaruba.com\\\/es\\\/alquiler-de-material\\\/\"]}]},{\"@type\":\"ImageObject\",\"inLanguage\":\"es-ES\",\"@id\":\"https:\\\/\\\/redsailaruba.com\\\/es\\\/alquiler-de-material\\\/#primaryimage\",\"url\":\"https:\\\/\\\/redsailaruba.com\\\/app\\\/uploads\\\/2021\\\/10\\\/Instructor-dive-gear-hand-out-at-pier-scaled.webp\",\"contentUrl\":\"https:\\\/\\\/redsailaruba.com\\\/app\\\/uploads\\\/2021\\\/10\\\/Instructor-dive-gear-hand-out-at-pier-scaled.webp\",\"width\":2560,\"height\":1707,\"caption\":\"Un instructor reparte equipo de buceo en un embarcadero.\"},{\"@type\":\"BreadcrumbList\",\"@id\":\"https:\\\/\\\/redsailaruba.com\\\/es\\\/alquiler-de-material\\\/#breadcrumb\",\"itemListElement\":[{\"@type\":\"ListItem\",\"position\":1,\"name\":\"Inicio\",\"item\":\"https:\\\/\\\/redsailaruba.com\\\/es\\\/\"},{\"@type\":\"ListItem\",\"position\":2,\"name\":\"Alquiler de material\"}]},{\"@type\":\"WebSite\",\"@id\":\"https:\\\/\\\/redsailaruba.com\\\/es\\\/#website\",\"url\":\"https:\\\/\\\/redsailaruba.com\\\/es\\\/\",\"name\":\"Red Sail Aruba\",\"description\":\"Los mejores deportes acu\u00e1ticos, ropa isle\u00f1a y destinos de Aruba\",\"publisher\":{\"@id\":\"https:\\\/\\\/redsailaruba.com\\\/es\\\/#organization\"},\"potentialAction\":[{\"@type\":\"SearchAction\",\"target\":{\"@type\":\"EntryPoint\",\"urlTemplate\":\"https:\\\/\\\/redsailaruba.com\\\/es\\\/?s={search_term_string}\"},\"query-input\":{\"@type\":\"PropertyValueSpecification\",\"valueRequired\":true,\"valueName\":\"search_term_string\"}}],\"inLanguage\":\"es-ES\"},{\"@type\":\"Organization\",\"@id\":\"https:\\\/\\\/redsailaruba.com\\\/es\\\/#organization\",\"name\":\"Red Sail Aruba\",\"url\":\"https:\\\/\\\/redsailaruba.com\\\/es\\\/\",\"logo\":{\"@type\":\"ImageObject\",\"inLanguage\":\"es-ES\",\"@id\":\"https:\\\/\\\/redsailaruba.com\\\/es\\\/#\\\/schema\\\/logo\\\/image\\\/\",\"url\":\"https:\\\/\\\/redsailaruba.com\\\/app\\\/uploads\\\/2026\\\/02\\\/rsa-969.png\",\"contentUrl\":\"https:\\\/\\\/redsailaruba.com\\\/app\\\/uploads\\\/2026\\\/02\\\/rsa-969.png\",\"width\":696,\"height\":696,\"caption\":\"Red Sail Aruba\"},\"image\":{\"@id\":\"https:\\\/\\\/redsailaruba.com\\\/es\\\/#\\\/schema\\\/logo\\\/image\\\/\"}}]}<\/script>\n<!-- \/ Yoast SEO Premium plugin. -->","yoast_head_json":{"title":"Alquiler de Equipo en Aruba: Equipo de buceo y m\u00e1s - Red Sail Aruba%","description":"Consigue el mejor Alquiler de Equipo de Aruba para submarinismo y snorkel. Alquila equipo de primera calidad y disfruta de las maravillas submarinas.","robots":{"index":"index","follow":"follow","max-snippet":"max-snippet:-1","max-image-preview":"max-image-preview:large","max-video-preview":"max-video-preview:-1"},"canonical":"https:\/\/redsailaruba.com\/es\/alquiler-de-material\/","og_locale":"es_ES","og_type":"article","og_title":"Alquiler de material","og_description":"Consigue el mejor Alquiler de Equipo de Aruba para submarinismo y snorkel. Alquila equipo de primera calidad y disfruta de las maravillas submarinas.","og_url":"https:\/\/redsailaruba.com\/es\/alquiler-de-material\/","og_site_name":"Red Sail Aruba","article_modified_time":"2026-02-19T08:37:38+00:00","og_image":[{"width":2560,"height":1707,"url":"https:\/\/redsailaruba.com\/app\/uploads\/2021\/10\/Instructor-dive-gear-hand-out-at-pier-scaled.webp","type":"image\/webp"}],"twitter_card":"summary_large_image","schema":{"@context":"https:\/\/schema.org","@graph":[{"@type":"WebPage","@id":"https:\/\/redsailaruba.com\/es\/alquiler-de-material\/","url":"https:\/\/redsailaruba.com\/es\/alquiler-de-material\/","name":"Alquiler de Equipo en Aruba: Equipo de buceo y m\u00e1s - Red Sail Aruba%","isPartOf":{"@id":"https:\/\/redsailaruba.com\/es\/#website"},"primaryImageOfPage":{"@id":"https:\/\/redsailaruba.com\/es\/alquiler-de-material\/#primaryimage"},"image":{"@id":"https:\/\/redsailaruba.com\/es\/alquiler-de-material\/#primaryimage"},"thumbnailUrl":"https:\/\/redsailaruba.com\/app\/uploads\/2021\/10\/Instructor-dive-gear-hand-out-at-pier-scaled.webp","datePublished":"2026-01-29T13:36:33+00:00","dateModified":"2026-02-19T08:37:38+00:00","description":"Consigue el mejor Alquiler de Equipo de Aruba para submarinismo y snorkel. Alquila equipo de primera calidad y disfruta de las maravillas submarinas.","breadcrumb":{"@id":"https:\/\/redsailaruba.com\/es\/alquiler-de-material\/#breadcrumb"},"inLanguage":"es-ES","potentialAction":[{"@type":"ReadAction","target":["https:\/\/redsailaruba.com\/es\/alquiler-de-material\/"]}]},{"@type":"ImageObject","inLanguage":"es-ES","@id":"https:\/\/redsailaruba.com\/es\/alquiler-de-material\/#primaryimage","url":"https:\/\/redsailaruba.com\/app\/uploads\/2021\/10\/Instructor-dive-gear-hand-out-at-pier-scaled.webp","contentUrl":"https:\/\/redsailaruba.com\/app\/uploads\/2021\/10\/Instructor-dive-gear-hand-out-at-pier-scaled.webp","width":2560,"height":1707,"caption":"Un instructor reparte equipo de buceo en un embarcadero."},{"@type":"BreadcrumbList","@id":"https:\/\/redsailaruba.com\/es\/alquiler-de-material\/#breadcrumb","itemListElement":[{"@type":"ListItem","position":1,"name":"Inicio","item":"https:\/\/redsailaruba.com\/es\/"},{"@type":"ListItem","position":2,"name":"Alquiler de material"}]},{"@type":"WebSite","@id":"https:\/\/redsailaruba.com\/es\/#website","url":"https:\/\/redsailaruba.com\/es\/","name":"Red Sail Aruba","description":"Los mejores deportes acu\u00e1ticos, ropa isle\u00f1a y destinos de Aruba","publisher":{"@id":"https:\/\/redsailaruba.com\/es\/#organization"},"potentialAction":[{"@type":"SearchAction","target":{"@type":"EntryPoint","urlTemplate":"https:\/\/redsailaruba.com\/es\/?s={search_term_string}"},"query-input":{"@type":"PropertyValueSpecification","valueRequired":true,"valueName":"search_term_string"}}],"inLanguage":"es-ES"},{"@type":"Organization","@id":"https:\/\/redsailaruba.com\/es\/#organization","name":"Red Sail Aruba","url":"https:\/\/redsailaruba.com\/es\/","logo":{"@type":"ImageObject","inLanguage":"es-ES","@id":"https:\/\/redsailaruba.com\/es\/#\/schema\/logo\/image\/","url":"https:\/\/redsailaruba.com\/app\/uploads\/2026\/02\/rsa-969.png","contentUrl":"https:\/\/redsailaruba.com\/app\/uploads\/2026\/02\/rsa-969.png","width":696,"height":696,"caption":"Red Sail Aruba"},"image":{"@id":"https:\/\/redsailaruba.com\/es\/#\/schema\/logo\/image\/"}}]}},"_links":{"self":[{"href":"https:\/\/redsailaruba.com\/es\/wp-json\/wp\/v2\/pages\/3261","targetHints":{"allow":["GET"]}}],"collection":[{"href":"https:\/\/redsailaruba.com\/es\/wp-json\/wp\/v2\/pages"}],"about":[{"href":"https:\/\/redsailaruba.com\/es\/wp-json\/wp\/v2\/types\/page"}],"author":[{"embeddable":true,"href":"https:\/\/redsailaruba.com\/es\/wp-json\/wp\/v2\/users\/1"}],"replies":[{"embeddable":true,"href":"https:\/\/redsailaruba.com\/es\/wp-json\/wp\/v2\/comments?post=3261"}],"version-history":[{"count":2,"href":"https:\/\/redsailaruba.com\/es\/wp-json\/wp\/v2\/pages\/3261\/revisions"}],"predecessor-version":[{"id":3586,"href":"https:\/\/redsailaruba.com\/es\/wp-json\/wp\/v2\/pages\/3261\/revisions\/3586"}],"wp:featuredmedia":[{"embeddable":true,"href":"https:\/\/redsailaruba.com\/es\/wp-json\/wp\/v2\/media\/2645"}],"wp:attachment":[{"href":"https:\/\/redsailaruba.com\/es\/wp-json\/wp\/v2\/media?parent=3261"}],"curies":[{"name":"wp","href":"https:\/\/api.w.org\/{rel}","templated":true}]}}