{"id":3600,"date":"2026-01-29T14:11:08","date_gmt":"2026-01-29T14:11:08","guid":{"rendered":"https:\/\/redsailaruba.com\/tiendas-al-por-menor\/"},"modified":"2026-02-19T08:42:53","modified_gmt":"2026-02-19T08:42:53","slug":"tiendas-al-por-menor","status":"publish","type":"page","link":"https:\/\/redsailaruba.com\/es\/tiendas-al-por-menor\/","title":{"rendered":"Tiendas al por menor"},"content":{"rendered":"\n\n<div class=\"block block-text  my-4 my-lg-6\">\n     <div class=\"container\"> \n        <div class=\"row\">\n            <div class=\"col-12 col-lg-8 mx-auto \">\n                <p>Tanto si buscas un conjunto llamativo, un regalo perfecto, gafas de sol, accesorios o art\u00edculos de vacaciones para divertirte al sol. \u00a1Las boutiques Red Sail tienen justo lo que buscas! Desde relajados atuendos informales y atractivos atuendos deportivos, favorecedores trajes de ba\u00f1o, magn\u00edficos encubrimientos, bolsos y otros accesorios seductores de todo tipo y estilo, perfectos para cualquier dama, caballero y tambi\u00e9n ni\u00f1os. Ubicados en los siguientes lugares para tu comodidad:   <\/p>\n<p><strong>Marriott Stellaris<\/strong><br \/>\nModerno centro tur\u00edstico, trajes de ba\u00f1o y una boutique de regalos. Situada en el vest\u00edbulo principal, abre todos los d\u00edas de 9 a 21 h. <\/p>\n<p><strong>Hyatt Regency<\/strong><br \/>\nBoutique moderna de resort, trajes de ba\u00f1o y regalos: -Situada en la planta principal del vest\u00edbulo, abierta todos los d\u00edas de 9 de la ma\u00f1ana a 9 de la noche.<\/p>\n<p><strong>Hyatt Regency<\/strong><br \/>\nBoutique de trajes de ba\u00f1o y accesorios de lujo: Situada en la planta principal del vest\u00edbulo, abierta todos los d\u00edas de 9 a 18 h.<\/p>\n<p><strong>Embassy Suites<\/strong><br \/>\nModerno complejo tur\u00edstico y boutique de trajes de ba\u00f1o, regalos y art\u00edculos de conveniencia &#8211; Situada en la planta principal del vest\u00edbulo, abierta todos los d\u00edas de 9 de la ma\u00f1ana a 9 de la noche.<\/p>\n<p><strong>La Cabana Beach Resort<\/strong><br \/>\nBoutique moderna de resort, trajes de ba\u00f1o y regalos, abierta todos los d\u00edas de 9 a 18 h.<\/p>\n<p><strong>JOIA Iberostar Grand<\/strong><br \/>\nModerna boutique de resorts y trajes de ba\u00f1o, regalos y art\u00edculos de conveniencia &#8211; Situada en la planta principal del vest\u00edbulo, abierta todos los d\u00edas de 9 a 21 h.<\/p>\n<p><strong>Manchebo Beach Resort<\/strong><br \/>\nBoutique moderna de resort, trajes de ba\u00f1o y regalos, abierta todos los d\u00edas de 9 a 18 h.<\/p>\n<p><strong>Renaissance Private Island Resort<\/strong><br \/>\nBoutique moderna de resort, trajes de ba\u00f1o y regalos, abierta todos los d\u00edas de 9.00 a 17.30.<\/p>\n            <\/div>\n        <\/div>\n        \n                <\/div> <\/div>","protected":false},"excerpt":{"rendered":"","protected":false},"author":1,"featured_media":3601,"parent":0,"menu_order":0,"comment_status":"closed","ping_status":"closed","template":"","meta":{"_acf_changed":false,"footnotes":""},"class_list":["post-3600","page","type-page","status-publish","has-post-thumbnail","hentry"],"acf":[],"yoast_head":"<!-- This site is optimized with the Yoast SEO Premium plugin v27.3 (Yoast SEO v27.3) - https:\/\/yoast.com\/product\/yoast-seo-premium-wordpress\/ -->\n<title>Boutiques minoristas de Aruba: Tu destino de compras - Red Sail Aruba%<\/title>\n<meta name=\"description\" content=\"Encuentra las mejores Boutiques Minoristas de Aruba para ropa informal, ropa de playa y regalos \u00fanicos. Convenientemente situadas en los principales complejos tur\u00edsticos.\" \/>\n<meta name=\"robots\" content=\"index, follow, max-snippet:-1, max-image-preview:large, max-video-preview:-1\" \/>\n<link rel=\"canonical\" href=\"https:\/\/redsailaruba.com\/es\/tiendas-al-por-menor\/\" \/>\n<meta property=\"og:locale\" content=\"es_ES\" \/>\n<meta property=\"og:type\" content=\"article\" \/>\n<meta property=\"og:title\" content=\"Tiendas al por menor\" \/>\n<meta property=\"og:description\" content=\"Encuentra las mejores Boutiques Minoristas de Aruba para ropa informal, ropa de playa y regalos \u00fanicos. Convenientemente situadas en los principales complejos tur\u00edsticos.\" \/>\n<meta property=\"og:url\" content=\"https:\/\/redsailaruba.com\/es\/tiendas-al-por-menor\/\" \/>\n<meta property=\"og:site_name\" content=\"Red Sail Aruba\" \/>\n<meta property=\"article:modified_time\" content=\"2026-02-19T08:42:53+00:00\" \/>\n<meta property=\"og:image\" content=\"https:\/\/redsailaruba.com\/app\/uploads\/2026\/01\/2025112735-bathing-suits-boutiques-01.jpg\" \/>\n\t<meta property=\"og:image:width\" content=\"600\" \/>\n\t<meta property=\"og:image:height\" content=\"824\" \/>\n\t<meta property=\"og:image:type\" content=\"image\/jpeg\" \/>\n<meta name=\"twitter:card\" content=\"summary_large_image\" \/>\n<script type=\"application\/ld+json\" class=\"yoast-schema-graph\">{\"@context\":\"https:\\\/\\\/schema.org\",\"@graph\":[{\"@type\":\"WebPage\",\"@id\":\"https:\\\/\\\/redsailaruba.com\\\/es\\\/tiendas-al-por-menor\\\/\",\"url\":\"https:\\\/\\\/redsailaruba.com\\\/es\\\/tiendas-al-por-menor\\\/\",\"name\":\"Boutiques minoristas de Aruba: Tu destino de compras - Red Sail Aruba%\",\"isPartOf\":{\"@id\":\"https:\\\/\\\/redsailaruba.com\\\/es\\\/#website\"},\"primaryImageOfPage\":{\"@id\":\"https:\\\/\\\/redsailaruba.com\\\/es\\\/tiendas-al-por-menor\\\/#primaryimage\"},\"image\":{\"@id\":\"https:\\\/\\\/redsailaruba.com\\\/es\\\/tiendas-al-por-menor\\\/#primaryimage\"},\"thumbnailUrl\":\"https:\\\/\\\/redsailaruba.com\\\/app\\\/uploads\\\/2026\\\/01\\\/2025112735-bathing-suits-boutiques-01.jpg\",\"datePublished\":\"2026-01-29T14:11:08+00:00\",\"dateModified\":\"2026-02-19T08:42:53+00:00\",\"description\":\"Encuentra las mejores Boutiques Minoristas de Aruba para ropa informal, ropa de playa y regalos \u00fanicos. Convenientemente situadas en los principales complejos tur\u00edsticos.\",\"breadcrumb\":{\"@id\":\"https:\\\/\\\/redsailaruba.com\\\/es\\\/tiendas-al-por-menor\\\/#breadcrumb\"},\"inLanguage\":\"es-ES\",\"potentialAction\":[{\"@type\":\"ReadAction\",\"target\":[\"https:\\\/\\\/redsailaruba.com\\\/es\\\/tiendas-al-por-menor\\\/\"]}]},{\"@type\":\"ImageObject\",\"inLanguage\":\"es-ES\",\"@id\":\"https:\\\/\\\/redsailaruba.com\\\/es\\\/tiendas-al-por-menor\\\/#primaryimage\",\"url\":\"https:\\\/\\\/redsailaruba.com\\\/app\\\/uploads\\\/2026\\\/01\\\/2025112735-bathing-suits-boutiques-01.jpg\",\"contentUrl\":\"https:\\\/\\\/redsailaruba.com\\\/app\\\/uploads\\\/2026\\\/01\\\/2025112735-bathing-suits-boutiques-01.jpg\",\"width\":600,\"height\":824,\"caption\":\"A girl in a brown bikini\"},{\"@type\":\"BreadcrumbList\",\"@id\":\"https:\\\/\\\/redsailaruba.com\\\/es\\\/tiendas-al-por-menor\\\/#breadcrumb\",\"itemListElement\":[{\"@type\":\"ListItem\",\"position\":1,\"name\":\"Inicio\",\"item\":\"https:\\\/\\\/redsailaruba.com\\\/es\\\/\"},{\"@type\":\"ListItem\",\"position\":2,\"name\":\"Tiendas al por menor\"}]},{\"@type\":\"WebSite\",\"@id\":\"https:\\\/\\\/redsailaruba.com\\\/es\\\/#website\",\"url\":\"https:\\\/\\\/redsailaruba.com\\\/es\\\/\",\"name\":\"Red Sail Aruba\",\"description\":\"Los mejores deportes acu\u00e1ticos, ropa isle\u00f1a y destinos de Aruba\",\"publisher\":{\"@id\":\"https:\\\/\\\/redsailaruba.com\\\/es\\\/#organization\"},\"potentialAction\":[{\"@type\":\"SearchAction\",\"target\":{\"@type\":\"EntryPoint\",\"urlTemplate\":\"https:\\\/\\\/redsailaruba.com\\\/es\\\/?s={search_term_string}\"},\"query-input\":{\"@type\":\"PropertyValueSpecification\",\"valueRequired\":true,\"valueName\":\"search_term_string\"}}],\"inLanguage\":\"es-ES\"},{\"@type\":\"Organization\",\"@id\":\"https:\\\/\\\/redsailaruba.com\\\/es\\\/#organization\",\"name\":\"Red Sail Aruba\",\"url\":\"https:\\\/\\\/redsailaruba.com\\\/es\\\/\",\"logo\":{\"@type\":\"ImageObject\",\"inLanguage\":\"es-ES\",\"@id\":\"https:\\\/\\\/redsailaruba.com\\\/es\\\/#\\\/schema\\\/logo\\\/image\\\/\",\"url\":\"https:\\\/\\\/redsailaruba.com\\\/app\\\/uploads\\\/2026\\\/02\\\/rsa-969.png\",\"contentUrl\":\"https:\\\/\\\/redsailaruba.com\\\/app\\\/uploads\\\/2026\\\/02\\\/rsa-969.png\",\"width\":696,\"height\":696,\"caption\":\"Red Sail Aruba\"},\"image\":{\"@id\":\"https:\\\/\\\/redsailaruba.com\\\/es\\\/#\\\/schema\\\/logo\\\/image\\\/\"}}]}<\/script>\n<!-- \/ Yoast SEO Premium plugin. -->","yoast_head_json":{"title":"Boutiques minoristas de Aruba: Tu destino de compras - Red Sail Aruba%","description":"Encuentra las mejores Boutiques Minoristas de Aruba para ropa informal, ropa de playa y regalos \u00fanicos. Convenientemente situadas en los principales complejos tur\u00edsticos.","robots":{"index":"index","follow":"follow","max-snippet":"max-snippet:-1","max-image-preview":"max-image-preview:large","max-video-preview":"max-video-preview:-1"},"canonical":"https:\/\/redsailaruba.com\/es\/tiendas-al-por-menor\/","og_locale":"es_ES","og_type":"article","og_title":"Tiendas al por menor","og_description":"Encuentra las mejores Boutiques Minoristas de Aruba para ropa informal, ropa de playa y regalos \u00fanicos. Convenientemente situadas en los principales complejos tur\u00edsticos.","og_url":"https:\/\/redsailaruba.com\/es\/tiendas-al-por-menor\/","og_site_name":"Red Sail Aruba","article_modified_time":"2026-02-19T08:42:53+00:00","og_image":[{"width":600,"height":824,"url":"https:\/\/redsailaruba.com\/app\/uploads\/2026\/01\/2025112735-bathing-suits-boutiques-01.jpg","type":"image\/jpeg"}],"twitter_card":"summary_large_image","schema":{"@context":"https:\/\/schema.org","@graph":[{"@type":"WebPage","@id":"https:\/\/redsailaruba.com\/es\/tiendas-al-por-menor\/","url":"https:\/\/redsailaruba.com\/es\/tiendas-al-por-menor\/","name":"Boutiques minoristas de Aruba: Tu destino de compras - Red Sail Aruba%","isPartOf":{"@id":"https:\/\/redsailaruba.com\/es\/#website"},"primaryImageOfPage":{"@id":"https:\/\/redsailaruba.com\/es\/tiendas-al-por-menor\/#primaryimage"},"image":{"@id":"https:\/\/redsailaruba.com\/es\/tiendas-al-por-menor\/#primaryimage"},"thumbnailUrl":"https:\/\/redsailaruba.com\/app\/uploads\/2026\/01\/2025112735-bathing-suits-boutiques-01.jpg","datePublished":"2026-01-29T14:11:08+00:00","dateModified":"2026-02-19T08:42:53+00:00","description":"Encuentra las mejores Boutiques Minoristas de Aruba para ropa informal, ropa de playa y regalos \u00fanicos. Convenientemente situadas en los principales complejos tur\u00edsticos.","breadcrumb":{"@id":"https:\/\/redsailaruba.com\/es\/tiendas-al-por-menor\/#breadcrumb"},"inLanguage":"es-ES","potentialAction":[{"@type":"ReadAction","target":["https:\/\/redsailaruba.com\/es\/tiendas-al-por-menor\/"]}]},{"@type":"ImageObject","inLanguage":"es-ES","@id":"https:\/\/redsailaruba.com\/es\/tiendas-al-por-menor\/#primaryimage","url":"https:\/\/redsailaruba.com\/app\/uploads\/2026\/01\/2025112735-bathing-suits-boutiques-01.jpg","contentUrl":"https:\/\/redsailaruba.com\/app\/uploads\/2026\/01\/2025112735-bathing-suits-boutiques-01.jpg","width":600,"height":824,"caption":"A girl in a brown bikini"},{"@type":"BreadcrumbList","@id":"https:\/\/redsailaruba.com\/es\/tiendas-al-por-menor\/#breadcrumb","itemListElement":[{"@type":"ListItem","position":1,"name":"Inicio","item":"https:\/\/redsailaruba.com\/es\/"},{"@type":"ListItem","position":2,"name":"Tiendas al por menor"}]},{"@type":"WebSite","@id":"https:\/\/redsailaruba.com\/es\/#website","url":"https:\/\/redsailaruba.com\/es\/","name":"Red Sail Aruba","description":"Los mejores deportes acu\u00e1ticos, ropa isle\u00f1a y destinos de Aruba","publisher":{"@id":"https:\/\/redsailaruba.com\/es\/#organization"},"potentialAction":[{"@type":"SearchAction","target":{"@type":"EntryPoint","urlTemplate":"https:\/\/redsailaruba.com\/es\/?s={search_term_string}"},"query-input":{"@type":"PropertyValueSpecification","valueRequired":true,"valueName":"search_term_string"}}],"inLanguage":"es-ES"},{"@type":"Organization","@id":"https:\/\/redsailaruba.com\/es\/#organization","name":"Red Sail Aruba","url":"https:\/\/redsailaruba.com\/es\/","logo":{"@type":"ImageObject","inLanguage":"es-ES","@id":"https:\/\/redsailaruba.com\/es\/#\/schema\/logo\/image\/","url":"https:\/\/redsailaruba.com\/app\/uploads\/2026\/02\/rsa-969.png","contentUrl":"https:\/\/redsailaruba.com\/app\/uploads\/2026\/02\/rsa-969.png","width":696,"height":696,"caption":"Red Sail Aruba"},"image":{"@id":"https:\/\/redsailaruba.com\/es\/#\/schema\/logo\/image\/"}}]}},"_links":{"self":[{"href":"https:\/\/redsailaruba.com\/es\/wp-json\/wp\/v2\/pages\/3600","targetHints":{"allow":["GET"]}}],"collection":[{"href":"https:\/\/redsailaruba.com\/es\/wp-json\/wp\/v2\/pages"}],"about":[{"href":"https:\/\/redsailaruba.com\/es\/wp-json\/wp\/v2\/types\/page"}],"author":[{"embeddable":true,"href":"https:\/\/redsailaruba.com\/es\/wp-json\/wp\/v2\/users\/1"}],"replies":[{"embeddable":true,"href":"https:\/\/redsailaruba.com\/es\/wp-json\/wp\/v2\/comments?post=3600"}],"version-history":[{"count":1,"href":"https:\/\/redsailaruba.com\/es\/wp-json\/wp\/v2\/pages\/3600\/revisions"}],"predecessor-version":[{"id":3602,"href":"https:\/\/redsailaruba.com\/es\/wp-json\/wp\/v2\/pages\/3600\/revisions\/3602"}],"wp:featuredmedia":[{"embeddable":true,"href":"https:\/\/redsailaruba.com\/es\/wp-json\/wp\/v2\/media\/3601"}],"wp:attachment":[{"href":"https:\/\/redsailaruba.com\/es\/wp-json\/wp\/v2\/media?parent=3600"}],"curies":[{"name":"wp","href":"https:\/\/api.w.org\/{rel}","templated":true}]}}