{"id":3636,"date":"2026-01-29T14:18:22","date_gmt":"2026-01-29T14:18:22","guid":{"rendered":"https:\/\/redsailaruba.com\/politicas-y-procedimientos-generales\/"},"modified":"2026-02-19T08:45:21","modified_gmt":"2026-02-19T08:45:21","slug":"politicas-y-procedimientos-generales","status":"publish","type":"page","link":"https:\/\/redsailaruba.com\/es\/politicas-y-procedimientos-generales\/","title":{"rendered":"Pol\u00edticas y procedimientos generales"},"content":{"rendered":"\n\n<div class=\"block block-text  my-4 my-lg-6\">\n     <div class=\"container\"> \n        <div class=\"row\">\n            <div class=\"col-12 col-lg-8 mx-auto \">\n                <p>Todas las tarifas est\u00e1n sujetas a cambios sin previo aviso.<\/p>\n<h3>Buceadores Certificados Junior<\/h3>\n<p>Los buceadores j\u00fanior certificados de 10-11 a\u00f1os est\u00e1n limitados a 40 pies en todas las inmersiones.<\/p>\n<p>Los J\u00f3venes Buceadores certificados de 12 a 14 a\u00f1os pueden bucear hasta una profundidad m\u00e1xima de 72 pies, aunque la profundidad real la determina el divemaster. Los buceadores j\u00fanior deben ir acompa\u00f1ados por uno de sus padres, un tutor legal certificado o un instructor. <\/p>\n<p>Con un buceador junior avanzado cualificado, la profundidad m\u00e1xima es de 70 pies.<\/p>\n<h3>Buceo y paquetes de buceo<\/h3>\n<p>Todos los buceadores certificados deben tener una tarjeta de certificaci\u00f3n. Red Sail Sports acepta, entre otras, las siguientes tarjetas de certificaci\u00f3n: BSAC, PADI, NAUI, ANDI, NASDS, SSI, YMCA, SDI y TDI. <\/p>\n<p>La cancelaci\u00f3n de todos los paquetes de buceo debe hacerse con 24 horas de antelaci\u00f3n para recibir un reembolso completo. Con menos de 24 horas de antelaci\u00f3n, se aplicar\u00e1 una penalizaci\u00f3n del 50%. <\/p>\n<p>La cancelaci\u00f3n de reservas a la carta requiere un preaviso de 24 horas.<\/p>\n<h3>Pol\u00edtica del curso de reciclaje<\/h3>\n<p>Si tu \u00faltima inmersi\u00f3n fue hace m\u00e1s de 1 a\u00f1o, se recomienda un curso de repaso.<br \/>\nSi tu \u00faltima inmersi\u00f3n fue hace 2-4 a\u00f1os, se requiere un curso de actualizaci\u00f3n.<br \/>\nSi tu \u00faltima inmersi\u00f3n fue hace 5-9 a\u00f1os, se requiere un curso completo de actualizaci\u00f3n.<br \/>\nY si tu \u00faltima inmersi\u00f3n fue hace m\u00e1s de 10 a\u00f1os, se requiere un curso en un centro tur\u00edstico o un curso de certificaci\u00f3n completo.<\/p>\n<h3>Curso y Cursos de Certificaci\u00f3n<\/h3>\n<p>Todos los buceadores principiantes pueden bucear hasta una profundidad m\u00e1xima de 12 metros.<\/p>\n<h3>Trajes de neopreno<\/h3>\n<p>La temperatura del agua de noviembre a mayo es de unos 77 a 78 grados. De junio a octubre es de 79 a 82 grados. Un traje corto de 3 MM en verano suele ser suficiente. Se recomienda un traje completo de 3 MM en los meses de invierno.   <\/p>\n<h3>Servicio de transporte<\/h3>\n<p>Red Sail Sports proporciona transporte gratuito de ida y vuelta a las inmersiones para los hu\u00e9spedes.<\/p>\n<h3>Elegir un punto de inmersi\u00f3n<\/h3>\n<p>El capit\u00e1n del barco de buceo har\u00e1 todo lo posible por llegar a los puntos de inmersi\u00f3n solicitados. Sin embargo, como existe una pol\u00edtica de &#8220;por orden de llegada&#8221; para los amarres, los sitios no pueden reservarse con antelaci\u00f3n ni garantizarse. El tiempo tambi\u00e9n es un factor a la hora de seleccionar el lugar de inmersi\u00f3n adecuado para el grupo.  <\/p>\n<h3>Seguridad y conservaci\u00f3n<\/h3>\n<p>Red Sail Sports respalda las pr\u00e1cticas seguras de buceo y fomenta la conservaci\u00f3n del medio ambiente entre sus miembros. Se anima a los buceadores a permanecer por encima de los 100 pies y a evitar da\u00f1ar el arrecife de coral. <\/p>\n<h3>Ratios de inmersi\u00f3n<\/h3>\n<p>La proporci\u00f3n de inmersiones de Red Sail Sports es de un divemaster por cada diez buceadores certificados en cada inmersi\u00f3n guiada. Proporcionamos un instructor por cada cuatro alumnos del Curso Resort. No permitimos que los buceadores buceen solos desde nuestros barcos de buceo.  <\/p>\n<h3>Pol\u00edtica inform\u00e1tica de buceo<\/h3>\n<p>Red Sail Sports da la bienvenida a los ordenadores de buceo a bordo de todos nuestros barcos de buceo. Los ordenadores proporcionar\u00e1n a los buceadores m\u00e1s tiempo de fondo; sin embargo, te pedimos que sigas estas normas si piensas bucear con un ordenador: <\/p>\n<ul>\n<li>Cada buceador debe tener su propio ordenador.<\/li>\n<li>Los buceadores deben estar de vuelta en el barco con no menos de 500 psi en su botella y de vuelta a la hora anunciada por los divemasters antes de cada inmersi\u00f3n.<\/li>\n<li>Los buceadores deben permanecer dentro del l\u00edmite de cinco minutos sin descompresi\u00f3n.<\/li>\n<li>Recomendamos una parada de seguridad de cinco minutos a 15 pies despu\u00e9s de cada inmersi\u00f3n.<\/li>\n<li>Los perfiles se registrar\u00e1n despu\u00e9s de cada inmersi\u00f3n en un libro de registro (los buceadores deben proporcionar sus propios libros de registro).<\/li>\n<\/ul>\n            <\/div>\n        <\/div>\n        \n                <\/div> <\/div>","protected":false},"excerpt":{"rendered":"","protected":false},"author":1,"featured_media":3167,"parent":0,"menu_order":0,"comment_status":"closed","ping_status":"closed","template":"","meta":{"_acf_changed":false,"footnotes":""},"class_list":["post-3636","page","type-page","status-publish","has-post-thumbnail","hentry"],"acf":[],"yoast_head":"<!-- This site is optimized with the Yoast SEO Premium plugin v27.3 (Yoast SEO v27.3) - https:\/\/yoast.com\/product\/yoast-seo-premium-wordpress\/ -->\n<title>Aruba Pol\u00edticas y procedimientos generales que debes conocer - Red Sail Aruba<\/title>\n<meta name=\"description\" content=\"Inf\u00f3rmate sobre las Pol\u00edticas y Procedimientos Generales de Aruba para todos los buceadores certificados. Informaci\u00f3n importante sobre profundidades de inmersi\u00f3n y cancelaciones.\" \/>\n<meta name=\"robots\" content=\"index, follow, max-snippet:-1, max-image-preview:large, max-video-preview:-1\" \/>\n<link rel=\"canonical\" href=\"https:\/\/redsailaruba.com\/es\/politicas-y-procedimientos-generales\/\" \/>\n<meta property=\"og:locale\" content=\"es_ES\" \/>\n<meta property=\"og:type\" content=\"article\" \/>\n<meta property=\"og:title\" content=\"Pol\u00edticas y procedimientos generales\" \/>\n<meta property=\"og:description\" content=\"Inf\u00f3rmate sobre las Pol\u00edticas y Procedimientos Generales de Aruba para todos los buceadores certificados. Informaci\u00f3n importante sobre profundidades de inmersi\u00f3n y cancelaciones.\" \/>\n<meta property=\"og:url\" content=\"https:\/\/redsailaruba.com\/es\/politicas-y-procedimientos-generales\/\" \/>\n<meta property=\"og:site_name\" content=\"Red Sail Aruba\" \/>\n<meta property=\"article:modified_time\" content=\"2026-02-19T08:45:21+00:00\" \/>\n<meta property=\"og:image\" content=\"https:\/\/redsailaruba.com\/app\/uploads\/2021\/10\/Students-viewing-Ipad-lesson-scaled.webp\" \/>\n\t<meta property=\"og:image:width\" content=\"1707\" \/>\n\t<meta property=\"og:image:height\" content=\"2560\" \/>\n\t<meta property=\"og:image:type\" content=\"image\/webp\" \/>\n<meta name=\"twitter:card\" content=\"summary_large_image\" \/>\n<script type=\"application\/ld+json\" class=\"yoast-schema-graph\">{\"@context\":\"https:\\\/\\\/schema.org\",\"@graph\":[{\"@type\":\"WebPage\",\"@id\":\"https:\\\/\\\/redsailaruba.com\\\/es\\\/politicas-y-procedimientos-generales\\\/\",\"url\":\"https:\\\/\\\/redsailaruba.com\\\/es\\\/politicas-y-procedimientos-generales\\\/\",\"name\":\"Aruba Pol\u00edticas y procedimientos generales que debes conocer - Red Sail Aruba\",\"isPartOf\":{\"@id\":\"https:\\\/\\\/redsailaruba.com\\\/es\\\/#website\"},\"primaryImageOfPage\":{\"@id\":\"https:\\\/\\\/redsailaruba.com\\\/es\\\/politicas-y-procedimientos-generales\\\/#primaryimage\"},\"image\":{\"@id\":\"https:\\\/\\\/redsailaruba.com\\\/es\\\/politicas-y-procedimientos-generales\\\/#primaryimage\"},\"thumbnailUrl\":\"https:\\\/\\\/redsailaruba.com\\\/app\\\/uploads\\\/2021\\\/10\\\/Students-viewing-Ipad-lesson-scaled.webp\",\"datePublished\":\"2026-01-29T14:18:22+00:00\",\"dateModified\":\"2026-02-19T08:45:21+00:00\",\"description\":\"Inf\u00f3rmate sobre las Pol\u00edticas y Procedimientos Generales de Aruba para todos los buceadores certificados. Informaci\u00f3n importante sobre profundidades de inmersi\u00f3n y cancelaciones.\",\"breadcrumb\":{\"@id\":\"https:\\\/\\\/redsailaruba.com\\\/es\\\/politicas-y-procedimientos-generales\\\/#breadcrumb\"},\"inLanguage\":\"es-ES\",\"potentialAction\":[{\"@type\":\"ReadAction\",\"target\":[\"https:\\\/\\\/redsailaruba.com\\\/es\\\/politicas-y-procedimientos-generales\\\/\"]}]},{\"@type\":\"ImageObject\",\"inLanguage\":\"es-ES\",\"@id\":\"https:\\\/\\\/redsailaruba.com\\\/es\\\/politicas-y-procedimientos-generales\\\/#primaryimage\",\"url\":\"https:\\\/\\\/redsailaruba.com\\\/app\\\/uploads\\\/2021\\\/10\\\/Students-viewing-Ipad-lesson-scaled.webp\",\"contentUrl\":\"https:\\\/\\\/redsailaruba.com\\\/app\\\/uploads\\\/2021\\\/10\\\/Students-viewing-Ipad-lesson-scaled.webp\",\"width\":1707,\"height\":2560,\"caption\":\"Alumnos viendo la lecci\u00f3n del Ipad\"},{\"@type\":\"BreadcrumbList\",\"@id\":\"https:\\\/\\\/redsailaruba.com\\\/es\\\/politicas-y-procedimientos-generales\\\/#breadcrumb\",\"itemListElement\":[{\"@type\":\"ListItem\",\"position\":1,\"name\":\"Inicio\",\"item\":\"https:\\\/\\\/redsailaruba.com\\\/es\\\/\"},{\"@type\":\"ListItem\",\"position\":2,\"name\":\"Pol\u00edticas y procedimientos generales\"}]},{\"@type\":\"WebSite\",\"@id\":\"https:\\\/\\\/redsailaruba.com\\\/es\\\/#website\",\"url\":\"https:\\\/\\\/redsailaruba.com\\\/es\\\/\",\"name\":\"Red Sail Aruba\",\"description\":\"Los mejores deportes acu\u00e1ticos, ropa isle\u00f1a y destinos de Aruba\",\"publisher\":{\"@id\":\"https:\\\/\\\/redsailaruba.com\\\/es\\\/#organization\"},\"potentialAction\":[{\"@type\":\"SearchAction\",\"target\":{\"@type\":\"EntryPoint\",\"urlTemplate\":\"https:\\\/\\\/redsailaruba.com\\\/es\\\/?s={search_term_string}\"},\"query-input\":{\"@type\":\"PropertyValueSpecification\",\"valueRequired\":true,\"valueName\":\"search_term_string\"}}],\"inLanguage\":\"es-ES\"},{\"@type\":\"Organization\",\"@id\":\"https:\\\/\\\/redsailaruba.com\\\/es\\\/#organization\",\"name\":\"Red Sail Aruba\",\"url\":\"https:\\\/\\\/redsailaruba.com\\\/es\\\/\",\"logo\":{\"@type\":\"ImageObject\",\"inLanguage\":\"es-ES\",\"@id\":\"https:\\\/\\\/redsailaruba.com\\\/es\\\/#\\\/schema\\\/logo\\\/image\\\/\",\"url\":\"https:\\\/\\\/redsailaruba.com\\\/app\\\/uploads\\\/2026\\\/02\\\/rsa-969.png\",\"contentUrl\":\"https:\\\/\\\/redsailaruba.com\\\/app\\\/uploads\\\/2026\\\/02\\\/rsa-969.png\",\"width\":696,\"height\":696,\"caption\":\"Red Sail Aruba\"},\"image\":{\"@id\":\"https:\\\/\\\/redsailaruba.com\\\/es\\\/#\\\/schema\\\/logo\\\/image\\\/\"}}]}<\/script>\n<!-- \/ Yoast SEO Premium plugin. -->","yoast_head_json":{"title":"Aruba Pol\u00edticas y procedimientos generales que debes conocer - Red Sail Aruba","description":"Inf\u00f3rmate sobre las Pol\u00edticas y Procedimientos Generales de Aruba para todos los buceadores certificados. Informaci\u00f3n importante sobre profundidades de inmersi\u00f3n y cancelaciones.","robots":{"index":"index","follow":"follow","max-snippet":"max-snippet:-1","max-image-preview":"max-image-preview:large","max-video-preview":"max-video-preview:-1"},"canonical":"https:\/\/redsailaruba.com\/es\/politicas-y-procedimientos-generales\/","og_locale":"es_ES","og_type":"article","og_title":"Pol\u00edticas y procedimientos generales","og_description":"Inf\u00f3rmate sobre las Pol\u00edticas y Procedimientos Generales de Aruba para todos los buceadores certificados. Informaci\u00f3n importante sobre profundidades de inmersi\u00f3n y cancelaciones.","og_url":"https:\/\/redsailaruba.com\/es\/politicas-y-procedimientos-generales\/","og_site_name":"Red Sail Aruba","article_modified_time":"2026-02-19T08:45:21+00:00","og_image":[{"width":1707,"height":2560,"url":"https:\/\/redsailaruba.com\/app\/uploads\/2021\/10\/Students-viewing-Ipad-lesson-scaled.webp","type":"image\/webp"}],"twitter_card":"summary_large_image","schema":{"@context":"https:\/\/schema.org","@graph":[{"@type":"WebPage","@id":"https:\/\/redsailaruba.com\/es\/politicas-y-procedimientos-generales\/","url":"https:\/\/redsailaruba.com\/es\/politicas-y-procedimientos-generales\/","name":"Aruba Pol\u00edticas y procedimientos generales que debes conocer - Red Sail Aruba","isPartOf":{"@id":"https:\/\/redsailaruba.com\/es\/#website"},"primaryImageOfPage":{"@id":"https:\/\/redsailaruba.com\/es\/politicas-y-procedimientos-generales\/#primaryimage"},"image":{"@id":"https:\/\/redsailaruba.com\/es\/politicas-y-procedimientos-generales\/#primaryimage"},"thumbnailUrl":"https:\/\/redsailaruba.com\/app\/uploads\/2021\/10\/Students-viewing-Ipad-lesson-scaled.webp","datePublished":"2026-01-29T14:18:22+00:00","dateModified":"2026-02-19T08:45:21+00:00","description":"Inf\u00f3rmate sobre las Pol\u00edticas y Procedimientos Generales de Aruba para todos los buceadores certificados. Informaci\u00f3n importante sobre profundidades de inmersi\u00f3n y cancelaciones.","breadcrumb":{"@id":"https:\/\/redsailaruba.com\/es\/politicas-y-procedimientos-generales\/#breadcrumb"},"inLanguage":"es-ES","potentialAction":[{"@type":"ReadAction","target":["https:\/\/redsailaruba.com\/es\/politicas-y-procedimientos-generales\/"]}]},{"@type":"ImageObject","inLanguage":"es-ES","@id":"https:\/\/redsailaruba.com\/es\/politicas-y-procedimientos-generales\/#primaryimage","url":"https:\/\/redsailaruba.com\/app\/uploads\/2021\/10\/Students-viewing-Ipad-lesson-scaled.webp","contentUrl":"https:\/\/redsailaruba.com\/app\/uploads\/2021\/10\/Students-viewing-Ipad-lesson-scaled.webp","width":1707,"height":2560,"caption":"Alumnos viendo la lecci\u00f3n del Ipad"},{"@type":"BreadcrumbList","@id":"https:\/\/redsailaruba.com\/es\/politicas-y-procedimientos-generales\/#breadcrumb","itemListElement":[{"@type":"ListItem","position":1,"name":"Inicio","item":"https:\/\/redsailaruba.com\/es\/"},{"@type":"ListItem","position":2,"name":"Pol\u00edticas y procedimientos generales"}]},{"@type":"WebSite","@id":"https:\/\/redsailaruba.com\/es\/#website","url":"https:\/\/redsailaruba.com\/es\/","name":"Red Sail Aruba","description":"Los mejores deportes acu\u00e1ticos, ropa isle\u00f1a y destinos de Aruba","publisher":{"@id":"https:\/\/redsailaruba.com\/es\/#organization"},"potentialAction":[{"@type":"SearchAction","target":{"@type":"EntryPoint","urlTemplate":"https:\/\/redsailaruba.com\/es\/?s={search_term_string}"},"query-input":{"@type":"PropertyValueSpecification","valueRequired":true,"valueName":"search_term_string"}}],"inLanguage":"es-ES"},{"@type":"Organization","@id":"https:\/\/redsailaruba.com\/es\/#organization","name":"Red Sail Aruba","url":"https:\/\/redsailaruba.com\/es\/","logo":{"@type":"ImageObject","inLanguage":"es-ES","@id":"https:\/\/redsailaruba.com\/es\/#\/schema\/logo\/image\/","url":"https:\/\/redsailaruba.com\/app\/uploads\/2026\/02\/rsa-969.png","contentUrl":"https:\/\/redsailaruba.com\/app\/uploads\/2026\/02\/rsa-969.png","width":696,"height":696,"caption":"Red Sail Aruba"},"image":{"@id":"https:\/\/redsailaruba.com\/es\/#\/schema\/logo\/image\/"}}]}},"_links":{"self":[{"href":"https:\/\/redsailaruba.com\/es\/wp-json\/wp\/v2\/pages\/3636","targetHints":{"allow":["GET"]}}],"collection":[{"href":"https:\/\/redsailaruba.com\/es\/wp-json\/wp\/v2\/pages"}],"about":[{"href":"https:\/\/redsailaruba.com\/es\/wp-json\/wp\/v2\/types\/page"}],"author":[{"embeddable":true,"href":"https:\/\/redsailaruba.com\/es\/wp-json\/wp\/v2\/users\/1"}],"replies":[{"embeddable":true,"href":"https:\/\/redsailaruba.com\/es\/wp-json\/wp\/v2\/comments?post=3636"}],"version-history":[{"count":1,"href":"https:\/\/redsailaruba.com\/es\/wp-json\/wp\/v2\/pages\/3636\/revisions"}],"predecessor-version":[{"id":3637,"href":"https:\/\/redsailaruba.com\/es\/wp-json\/wp\/v2\/pages\/3636\/revisions\/3637"}],"wp:featuredmedia":[{"embeddable":true,"href":"https:\/\/redsailaruba.com\/es\/wp-json\/wp\/v2\/media\/3167"}],"wp:attachment":[{"href":"https:\/\/redsailaruba.com\/es\/wp-json\/wp\/v2\/media?parent=3636"}],"curies":[{"name":"wp","href":"https:\/\/api.w.org\/{rel}","templated":true}]}}