{"id":3643,"date":"2026-01-29T14:18:25","date_gmt":"2026-01-29T14:18:25","guid":{"rendered":"https:\/\/redsailaruba.com\/puntos-de-inmersion\/"},"modified":"2026-02-19T08:39:30","modified_gmt":"2026-02-19T08:39:30","slug":"puntos-de-inmersion","status":"publish","type":"page","link":"https:\/\/redsailaruba.com\/es\/puntos-de-inmersion\/","title":{"rendered":"Puntos de inmersi\u00f3n"},"content":{"rendered":"\n\n<div class=\"block block-text  my-4 my-lg-6\">\n     <div class=\"container\"> \n        <div class=\"row\">\n            <div class=\"col-12 col-lg-8 mx-auto \">\n                <p><span class=\"inleiding\">Aruba tiene muchos lugares para bucear. Quiz\u00e1 te interese visitar <a href=\"https:\/\/www.aruba.com\/us\/things-to-do\/on-the-water\" target=\"_blank\" rel=\"noopener\">la p\u00e1gina web de lugares de buceo de Aruba<\/a> para ver m\u00e1s lugares de buceo. Tambi\u00e9n hemos enumerado algunos lugares a continuaci\u00f3n:  <\/span><\/p>\n<h2>Pecio de Antilla<\/h2>\n<p>Este carguero alem\u00e1n fue hundido el 10 de mayo de 1940 cuando los alemanes invadieron Holanda durante la II Guerra Mundial y es uno de los mayores pecios del Caribe (400&#8242; de eslora). Est\u00e1 cubierto de esponjas tubulares, formaciones coralinas y peces tropicales.   <a href=\"https:\/\/redsailaruba.com\/es\/velas-de-catamaran\/antilla-y-boca-catalina-snorkel-sail\/\">M\u00e1s informaci\u00f3n sobre el Pecio de Antilla.<\/a><\/p>\n<h2>Avi\u00f3n Arashi<\/h2>\n<p>Un arrecife fascinante para principiantes. Un Lockheed Lodestar hundido se encuentra a 35 pies de profundidad. Formaciones de coral y peces loro y \u00e1ngel rodean los restos del avi\u00f3n.  <\/p>\n<h2>Malmok y Debbie<\/h2>\n<p>En este t\u00edpico arrecife de fondo encontrar\u00e1s corales hoja y coral cerebro muy extendidos. De vez en cuando se ven rayas y langostas en este lugar. En 1992 se hundi\u00f3 una barcaza de combustible de 120&#8242; como atracci\u00f3n adicional.  <\/p>\n<h2>Estrella Gerren<\/h2>\n<p>Hundido en agosto de 2000, es el pecio m\u00e1s reciente de Aruba. Los bancos de peces ya han descubierto el lugar: pueden encontrarse rayas azules, roncadores franceses, colas azules, colas amarillas, pargos y peces cabra amarillos. <\/p>\n<h2>Pedernalis<\/h2>\n<p>Un para\u00edso para principiantes que ofrece una combinaci\u00f3n de grandes trozos de pecio repartidos entre formaciones coralinas. Puedes ver secciones de camarotes, lavabos, etc., as\u00ed como un sistema de tuber\u00edas que acompa\u00f1a a este petrolero que fue torpedeado en 1942 durante la Segunda Guerra Mundial por un submarino alem\u00e1n. <a href=\"https:\/\/redsailaruba.com\/es\/buceo\/snorkel-pedernalis-un-tanque\/\">M\u00e1s informaci\u00f3n sobre la experiencia de snorkel en Pedernalis<\/a>. <\/p>\n<h2>Arrecife del Puerto \/ Barco Piloto<\/h2>\n<p>Arrecife formado por formaciones de coral blando y coral duro, desciende gradualmente hasta un viejo pecio de un barco piloto, donde a menudo se ven un par de morenas verdes.<\/p>\n<h2>Avi\u00f3n del Renacimiento<\/h2>\n<p>Sum\u00e9rgete en este pecio del Convair 400. El avi\u00f3n estaba hundido en un arrecife inclinado rodeado de corales blandos. <\/p>\n<h2>Arrecife de esponjas<\/h2>\n<p>Hogar de los corales blandos que van desde las esponjas oreja de elefante naranjas a las esponjas tubo moradas y amarillas. Tambi\u00e9n muchas esponjas jarr\u00f3n y peque\u00f1as esponjas cesta. <\/p>\n<h2>Arrecife de neum\u00e1ticos<\/h2>\n<p>Coral negro, l\u00e1tigos de mar, dedos de mar y muchas gorgonias y abanicos de mar. La morena verde y las rayas \u00e1guila se ven ocasionalmente por aqu\u00ed. <\/p>\n<h2>Arrecife de Barcadera<\/h2>\n<p>Un arrecife sano y hermoso, muy denso con grandes formaciones coralinas. Muchos corales cerebro y abundancia de enormes abanicos de mar en las aguas poco profundas. \u00a1Echa <a href=\"https:\/\/redsailaruba.com\/es\/actividades\/aventura-en-el-arrecife-de-barcadera\/\">un vistazo a nuestra aventura en el Arrecife Barcadera<\/a>! <\/p>\n<h2>Arrecife Kantil<\/h2>\n<p>Fascinante descenso con gigantescas rocas de coral cerebro y estrella. Tambi\u00e9n hay muchas formaciones masivas de corales hoja y l\u00e1mina. Excelente para bucear a la deriva.  <\/p>\n<h2>Skalahein<\/h2>\n<p>Hermosas formaciones coralinas, muy coloridas, muchas esponjas. Gran variedad de peces tropicales. Es una buena inmersi\u00f3n poco profunda.  <\/p>\n<h2>Jane Pecio<\/h2>\n<p>Un carguero de cemento de 250&#8242; sentado en posici\u00f3n vertical sobre el fondo a 90&#8242; de profundidad. El pecio est\u00e1 rodeado de hermosas formaciones coralinas. En este lugar encontrar\u00e1s muchos peces \u00e1ngel y bancos de peces tropicales dentro y alrededor del pecio.  <\/p>\n<h2>Arrecife Plonco<\/h2>\n<p>Entre un gran arrecife tienes la oportunidad de encontrarte con grandes langostas, que hurgan en el fondo del oc\u00e9ano en busca de un bocado.<\/p>\n<h2>Pendiente de Palmera<\/h2>\n<p>Magn\u00edficas formaciones coralinas, inclinadas hasta grandes profundidades. Muy conocido por las barracudas. <\/p>\n<h2>Elecci\u00f3n del Capit\u00e1n<\/h2>\n<p>Este lugar consiste en una ca\u00edda con enormes corales cerebro y estrella, y abanicos de mar que descienden por la pendiente hasta el fondo. Las morenas moteadas son muy comunes en este lugar. <\/p>\n<h2>El dedo<\/h2>\n<p>El arrecife sale como un dedo que apunta hacia las aguas profundas. Hermosas formaciones coralinas, abanicos de mar en la arena que rodea el dedo. A menudo se ven tortugas en este punto de inmersi\u00f3n.  <\/p>\n<h2>Arrecife de Mike<\/h2>\n<p>Enormes grupos de gorgonias y corales cerebro y estrella dominan el Arrecife de Mike. Brillantes esponjas moradas y naranjas, as\u00ed como una gran variedad de peces, habitan este arrecife. <\/p>\n<h2>Arrecife Mangel Halto<\/h2>\n<p>Una pronunciada pendiente te da la oportunidad de admirar una mir\u00edada de combinaciones de coral y vida marina. Ver\u00e1s interesante vida marina, como an\u00e9monas de mar y pulpos. <\/p>\n<h2>Arrecife de la Laguna Espa\u00f1ola<\/h2>\n<p>Precioso punto de inmersi\u00f3n con mucha variedad de corales blandos, grandes corales cerebro y distintos tipos de pargos.<\/p>\n<h2>Arrecife de la Isla de Oro<\/h2>\n<p>La parte poco profunda del arrecife ofrece muchos peces juveniles diferentes, seguida de la parte m\u00e1s profunda con bonitas formaciones coralinas.<\/p>\n            <\/div>\n        <\/div>\n        \n                <\/div> <\/div>","protected":false},"excerpt":{"rendered":"","protected":false},"author":1,"featured_media":3435,"parent":0,"menu_order":0,"comment_status":"closed","ping_status":"closed","template":"","meta":{"_acf_changed":false,"footnotes":""},"class_list":["post-3643","page","type-page","status-publish","has-post-thumbnail","hentry"],"acf":[],"yoast_head":"<!-- This site is optimized with the Yoast SEO Premium plugin v27.3 (Yoast SEO v27.3) - https:\/\/yoast.com\/product\/yoast-seo-premium-wordpress\/ -->\n<title>Puntos de inmersi\u00f3n de Aruba: Los mejores lugares para aventuras submarinas - Red Sail Aruba%<\/title>\n<meta name=\"description\" content=\"Explora los mejores lugares de buceo de Aruba, con su variada vida marina y sus emocionantes pecios, como el Pecio Antilla.\" \/>\n<meta name=\"robots\" content=\"index, follow, max-snippet:-1, max-image-preview:large, max-video-preview:-1\" \/>\n<link rel=\"canonical\" href=\"https:\/\/redsailaruba.com\/es\/puntos-de-inmersion\/\" \/>\n<meta property=\"og:locale\" content=\"es_ES\" \/>\n<meta property=\"og:type\" content=\"article\" \/>\n<meta property=\"og:title\" content=\"Puntos de inmersi\u00f3n\" \/>\n<meta property=\"og:description\" content=\"Explora los mejores lugares de buceo de Aruba, con su variada vida marina y sus emocionantes pecios, como el Pecio Antilla.\" \/>\n<meta property=\"og:url\" content=\"https:\/\/redsailaruba.com\/es\/puntos-de-inmersion\/\" \/>\n<meta property=\"og:site_name\" content=\"Red Sail Aruba\" \/>\n<meta property=\"article:modified_time\" content=\"2026-02-19T08:39:30+00:00\" \/>\n<meta property=\"og:image\" content=\"https:\/\/redsailaruba.com\/app\/uploads\/2021\/11\/redsail-aruba-dive-6.webp\" \/>\n\t<meta property=\"og:image:width\" content=\"1280\" \/>\n\t<meta property=\"og:image:height\" content=\"854\" \/>\n\t<meta property=\"og:image:type\" content=\"image\/webp\" \/>\n<meta name=\"twitter:card\" content=\"summary_large_image\" \/>\n<script type=\"application\/ld+json\" class=\"yoast-schema-graph\">{\"@context\":\"https:\\\/\\\/schema.org\",\"@graph\":[{\"@type\":\"WebPage\",\"@id\":\"https:\\\/\\\/redsailaruba.com\\\/es\\\/puntos-de-inmersion\\\/\",\"url\":\"https:\\\/\\\/redsailaruba.com\\\/es\\\/puntos-de-inmersion\\\/\",\"name\":\"Puntos de inmersi\u00f3n de Aruba: Los mejores lugares para aventuras submarinas - Red Sail Aruba%\",\"isPartOf\":{\"@id\":\"https:\\\/\\\/redsailaruba.com\\\/es\\\/#website\"},\"primaryImageOfPage\":{\"@id\":\"https:\\\/\\\/redsailaruba.com\\\/es\\\/puntos-de-inmersion\\\/#primaryimage\"},\"image\":{\"@id\":\"https:\\\/\\\/redsailaruba.com\\\/es\\\/puntos-de-inmersion\\\/#primaryimage\"},\"thumbnailUrl\":\"https:\\\/\\\/redsailaruba.com\\\/app\\\/uploads\\\/2021\\\/11\\\/redsail-aruba-dive-6.webp\",\"datePublished\":\"2026-01-29T14:18:25+00:00\",\"dateModified\":\"2026-02-19T08:39:30+00:00\",\"description\":\"Explora los mejores lugares de buceo de Aruba, con su variada vida marina y sus emocionantes pecios, como el Pecio Antilla.\",\"breadcrumb\":{\"@id\":\"https:\\\/\\\/redsailaruba.com\\\/es\\\/puntos-de-inmersion\\\/#breadcrumb\"},\"inLanguage\":\"es-ES\",\"potentialAction\":[{\"@type\":\"ReadAction\",\"target\":[\"https:\\\/\\\/redsailaruba.com\\\/es\\\/puntos-de-inmersion\\\/\"]}]},{\"@type\":\"ImageObject\",\"inLanguage\":\"es-ES\",\"@id\":\"https:\\\/\\\/redsailaruba.com\\\/es\\\/puntos-de-inmersion\\\/#primaryimage\",\"url\":\"https:\\\/\\\/redsailaruba.com\\\/app\\\/uploads\\\/2021\\\/11\\\/redsail-aruba-dive-6.webp\",\"contentUrl\":\"https:\\\/\\\/redsailaruba.com\\\/app\\\/uploads\\\/2021\\\/11\\\/redsail-aruba-dive-6.webp\",\"width\":1280,\"height\":854,\"caption\":\"Un submarinista de la Red Sail Aruba silueteado bajo el agua azul.\"},{\"@type\":\"BreadcrumbList\",\"@id\":\"https:\\\/\\\/redsailaruba.com\\\/es\\\/puntos-de-inmersion\\\/#breadcrumb\",\"itemListElement\":[{\"@type\":\"ListItem\",\"position\":1,\"name\":\"Inicio\",\"item\":\"https:\\\/\\\/redsailaruba.com\\\/es\\\/\"},{\"@type\":\"ListItem\",\"position\":2,\"name\":\"Puntos de inmersi\u00f3n\"}]},{\"@type\":\"WebSite\",\"@id\":\"https:\\\/\\\/redsailaruba.com\\\/es\\\/#website\",\"url\":\"https:\\\/\\\/redsailaruba.com\\\/es\\\/\",\"name\":\"Red Sail Aruba\",\"description\":\"Los mejores deportes acu\u00e1ticos, ropa isle\u00f1a y destinos de Aruba\",\"publisher\":{\"@id\":\"https:\\\/\\\/redsailaruba.com\\\/es\\\/#organization\"},\"potentialAction\":[{\"@type\":\"SearchAction\",\"target\":{\"@type\":\"EntryPoint\",\"urlTemplate\":\"https:\\\/\\\/redsailaruba.com\\\/es\\\/?s={search_term_string}\"},\"query-input\":{\"@type\":\"PropertyValueSpecification\",\"valueRequired\":true,\"valueName\":\"search_term_string\"}}],\"inLanguage\":\"es-ES\"},{\"@type\":\"Organization\",\"@id\":\"https:\\\/\\\/redsailaruba.com\\\/es\\\/#organization\",\"name\":\"Red Sail Aruba\",\"url\":\"https:\\\/\\\/redsailaruba.com\\\/es\\\/\",\"logo\":{\"@type\":\"ImageObject\",\"inLanguage\":\"es-ES\",\"@id\":\"https:\\\/\\\/redsailaruba.com\\\/es\\\/#\\\/schema\\\/logo\\\/image\\\/\",\"url\":\"https:\\\/\\\/redsailaruba.com\\\/app\\\/uploads\\\/2026\\\/02\\\/rsa-969.png\",\"contentUrl\":\"https:\\\/\\\/redsailaruba.com\\\/app\\\/uploads\\\/2026\\\/02\\\/rsa-969.png\",\"width\":696,\"height\":696,\"caption\":\"Red Sail Aruba\"},\"image\":{\"@id\":\"https:\\\/\\\/redsailaruba.com\\\/es\\\/#\\\/schema\\\/logo\\\/image\\\/\"}}]}<\/script>\n<!-- \/ Yoast SEO Premium plugin. -->","yoast_head_json":{"title":"Puntos de inmersi\u00f3n de Aruba: Los mejores lugares para aventuras submarinas - Red Sail Aruba%","description":"Explora los mejores lugares de buceo de Aruba, con su variada vida marina y sus emocionantes pecios, como el Pecio Antilla.","robots":{"index":"index","follow":"follow","max-snippet":"max-snippet:-1","max-image-preview":"max-image-preview:large","max-video-preview":"max-video-preview:-1"},"canonical":"https:\/\/redsailaruba.com\/es\/puntos-de-inmersion\/","og_locale":"es_ES","og_type":"article","og_title":"Puntos de inmersi\u00f3n","og_description":"Explora los mejores lugares de buceo de Aruba, con su variada vida marina y sus emocionantes pecios, como el Pecio Antilla.","og_url":"https:\/\/redsailaruba.com\/es\/puntos-de-inmersion\/","og_site_name":"Red Sail Aruba","article_modified_time":"2026-02-19T08:39:30+00:00","og_image":[{"width":1280,"height":854,"url":"https:\/\/redsailaruba.com\/app\/uploads\/2021\/11\/redsail-aruba-dive-6.webp","type":"image\/webp"}],"twitter_card":"summary_large_image","schema":{"@context":"https:\/\/schema.org","@graph":[{"@type":"WebPage","@id":"https:\/\/redsailaruba.com\/es\/puntos-de-inmersion\/","url":"https:\/\/redsailaruba.com\/es\/puntos-de-inmersion\/","name":"Puntos de inmersi\u00f3n de Aruba: Los mejores lugares para aventuras submarinas - Red Sail Aruba%","isPartOf":{"@id":"https:\/\/redsailaruba.com\/es\/#website"},"primaryImageOfPage":{"@id":"https:\/\/redsailaruba.com\/es\/puntos-de-inmersion\/#primaryimage"},"image":{"@id":"https:\/\/redsailaruba.com\/es\/puntos-de-inmersion\/#primaryimage"},"thumbnailUrl":"https:\/\/redsailaruba.com\/app\/uploads\/2021\/11\/redsail-aruba-dive-6.webp","datePublished":"2026-01-29T14:18:25+00:00","dateModified":"2026-02-19T08:39:30+00:00","description":"Explora los mejores lugares de buceo de Aruba, con su variada vida marina y sus emocionantes pecios, como el Pecio Antilla.","breadcrumb":{"@id":"https:\/\/redsailaruba.com\/es\/puntos-de-inmersion\/#breadcrumb"},"inLanguage":"es-ES","potentialAction":[{"@type":"ReadAction","target":["https:\/\/redsailaruba.com\/es\/puntos-de-inmersion\/"]}]},{"@type":"ImageObject","inLanguage":"es-ES","@id":"https:\/\/redsailaruba.com\/es\/puntos-de-inmersion\/#primaryimage","url":"https:\/\/redsailaruba.com\/app\/uploads\/2021\/11\/redsail-aruba-dive-6.webp","contentUrl":"https:\/\/redsailaruba.com\/app\/uploads\/2021\/11\/redsail-aruba-dive-6.webp","width":1280,"height":854,"caption":"Un submarinista de la Red Sail Aruba silueteado bajo el agua azul."},{"@type":"BreadcrumbList","@id":"https:\/\/redsailaruba.com\/es\/puntos-de-inmersion\/#breadcrumb","itemListElement":[{"@type":"ListItem","position":1,"name":"Inicio","item":"https:\/\/redsailaruba.com\/es\/"},{"@type":"ListItem","position":2,"name":"Puntos de inmersi\u00f3n"}]},{"@type":"WebSite","@id":"https:\/\/redsailaruba.com\/es\/#website","url":"https:\/\/redsailaruba.com\/es\/","name":"Red Sail Aruba","description":"Los mejores deportes acu\u00e1ticos, ropa isle\u00f1a y destinos de Aruba","publisher":{"@id":"https:\/\/redsailaruba.com\/es\/#organization"},"potentialAction":[{"@type":"SearchAction","target":{"@type":"EntryPoint","urlTemplate":"https:\/\/redsailaruba.com\/es\/?s={search_term_string}"},"query-input":{"@type":"PropertyValueSpecification","valueRequired":true,"valueName":"search_term_string"}}],"inLanguage":"es-ES"},{"@type":"Organization","@id":"https:\/\/redsailaruba.com\/es\/#organization","name":"Red Sail Aruba","url":"https:\/\/redsailaruba.com\/es\/","logo":{"@type":"ImageObject","inLanguage":"es-ES","@id":"https:\/\/redsailaruba.com\/es\/#\/schema\/logo\/image\/","url":"https:\/\/redsailaruba.com\/app\/uploads\/2026\/02\/rsa-969.png","contentUrl":"https:\/\/redsailaruba.com\/app\/uploads\/2026\/02\/rsa-969.png","width":696,"height":696,"caption":"Red Sail Aruba"},"image":{"@id":"https:\/\/redsailaruba.com\/es\/#\/schema\/logo\/image\/"}}]}},"_links":{"self":[{"href":"https:\/\/redsailaruba.com\/es\/wp-json\/wp\/v2\/pages\/3643","targetHints":{"allow":["GET"]}}],"collection":[{"href":"https:\/\/redsailaruba.com\/es\/wp-json\/wp\/v2\/pages"}],"about":[{"href":"https:\/\/redsailaruba.com\/es\/wp-json\/wp\/v2\/types\/page"}],"author":[{"embeddable":true,"href":"https:\/\/redsailaruba.com\/es\/wp-json\/wp\/v2\/users\/1"}],"replies":[{"embeddable":true,"href":"https:\/\/redsailaruba.com\/es\/wp-json\/wp\/v2\/comments?post=3643"}],"version-history":[{"count":2,"href":"https:\/\/redsailaruba.com\/es\/wp-json\/wp\/v2\/pages\/3643\/revisions"}],"predecessor-version":[{"id":3895,"href":"https:\/\/redsailaruba.com\/es\/wp-json\/wp\/v2\/pages\/3643\/revisions\/3895"}],"wp:featuredmedia":[{"embeddable":true,"href":"https:\/\/redsailaruba.com\/es\/wp-json\/wp\/v2\/media\/3435"}],"wp:attachment":[{"href":"https:\/\/redsailaruba.com\/es\/wp-json\/wp\/v2\/media?parent=3643"}],"curies":[{"name":"wp","href":"https:\/\/api.w.org\/{rel}","templated":true}]}}