{"id":3663,"date":"2026-02-02T08:25:30","date_gmt":"2026-02-02T08:25:30","guid":{"rendered":"https:\/\/redsailaruba.com\/empleo\/"},"modified":"2026-02-19T08:47:01","modified_gmt":"2026-02-19T08:47:01","slug":"empleo","status":"publish","type":"page","link":"https:\/\/redsailaruba.com\/es\/empleo\/","title":{"rendered":"Empleo"},"content":{"rendered":"\n\n<div class=\"block block-text  my-4 my-lg-6\">\n     <div class=\"container\"> \n        <div class=\"row\">\n            <div class=\"col-12 col-lg-8 mx-auto \">\n                <p>Red Sail Sports es el mayor operador tur\u00edstico de buceo y deportes acu\u00e1ticos de Aruba. Operamos una flota de barcos de buceo y lujosos catamaranes, adem\u00e1s de una gran variedad de juguetes para la playa y los deportes acu\u00e1ticos. Tambi\u00e9n gestionamos numerosas tiendas minoristas de gran \u00e9xito.  <\/p>\n<p>Los empleados de Red Sail Sports son un equipo divertido y trabajador de personas con talento que combinan sus esfuerzos para garantizar el \u00e9xito continuado de nuestra empresa. Explora nuestras oportunidades de empleo para encontrar una que se ajuste a tus intereses y habilidades. Si ves que encaja, presenta tu candidatura en l\u00ednea.  <\/p>\n<p><a href=\"https:\/\/redsailaruba.com\/job-application\/\">Solicita trabajo en l\u00ednea<\/a>.<\/p>\n<h2 class=\"subhead\">Oportunidades de empleo en Red Sail<\/h2>\n<p>Los puestos de trabajo que aparecen a continuaci\u00f3n est\u00e1n disponibles ocasionalmente, as\u00ed que cons\u00faltanos a menudo.<\/p>\n<p>Todos los empleados de Red Sail Sports reciben uniformes gratuitos, seguro m\u00e9dico, uso gratuito de los servicios y un descuento en las tiendas de Red Sail Sports.<\/p>\n<h2>Departamento de Buceo<\/h2>\n<h3>Supervisor de Buceo<\/h3>\n<ul>\n<li>Instructor personal PADI IDC<\/li>\n<li>M\u00ednimo de 1000 inmersiones registradas<\/li>\n<li>5 a\u00f1os de experiencia a tiempo completo en un centro de buceo<\/li>\n<li>Conocimientos de mantenimiento de equipos y dep\u00f3sitos<\/li>\n<li>Conocimientos de mantenimiento de compresores Bauer<\/li>\n<li>Experiencia en el manejo de embarcaciones bimotor<\/li>\n<li>Capacidad de liderazgo<\/li>\n<li>Capacidad de organizaci\u00f3n<\/li>\n<li>Bajo nivel de estr\u00e9s<\/li>\n<\/ul>\n<h3>Requisitos adicionales:<\/h3>\n<ul>\n<li>Licencia de capit\u00e1n<\/li>\n<li>Experiencia en mantenimiento de motores diesel, Cummins y Perkins<\/li>\n<\/ul>\n<h3>Instructores de buceo<\/h3>\n<p>\u00a1Vive y trabaja en uno de los mejores lugares de buceo del mundo! Buscamos instructores de buceo capaces de ense\u00f1ar y guiar a buceadores de todas las edades y habilidades. Red Sail Sports ofrece instrucci\u00f3n diaria de buceo, incluidos cursos en complejos tur\u00edsticos, certificaci\u00f3n completa, cursos especializados y formaci\u00f3n de instructores. Se requiere titulaci\u00f3n de Instructor de Buceo PADI, afiliaci\u00f3n en vigor y seguro, con al menos dos a\u00f1os de experiencia como instructor.   <\/p>\n<h2>Reservas de playa\/deportes acu\u00e1ticos<\/h2>\n<p>Trabaja al aire libre en la playa asistiendo a nuestros hu\u00e9spedes con Waverunners, esqu\u00ed acu\u00e1tico, wakeboard, parasailing, veleros, kayaks y todos los dem\u00e1s juguetes para deportes acu\u00e1ticos. Se requiere titulaci\u00f3n y experiencia previa en deportes acu\u00e1ticos. (Nataci\u00f3n, Socorrismo, Vela, Waverunners, Esqu\u00ed Acu\u00e1tico).  <\/p>\n<h2>Capitanes Y Tripulantes De Catamaranes<\/h2>\n<p>\u00a1Llamamiento a todos los capitanes y tripulantes! Los tripulantes de catamar\u00e1n tendr\u00e1n el placer diario de trabajar en uno de nuestros lujosos catamaranes. Ofrecemos salidas de un d\u00eda con almuerzo incluido, con una excursi\u00f3n al famoso pecio de la Antilla y varias paradas para hacer snorkel. Adem\u00e1s, los catamaranes navegan al atardecer para contemplar las impresionantes puestas de sol del Caribe.   <\/p>\n<p>Las tareas incluyen (pero no se limitan a): ayudar al capit\u00e1n en la navegaci\u00f3n del barco, registrar y dar la bienvenida a los hu\u00e9spedes, realizar sesiones informativas del viaje a los hu\u00e9spedes a bordo, supervisar a los buceadores mientras est\u00e1n en el agua para detectar cualquier problema, servir comida y bebidas a bordo, inventario y mantenimiento general. Se requiere titulaci\u00f3n de navegaci\u00f3n y experiencia en nataci\u00f3n. <\/p>\n<h2>Empleados de comercio<\/h2>\n<p>Buscamos personas orientadas al servicio al cliente que tengan experiencia previa en ventas al por menor.<\/p>\n<p>Las tareas incluyen (pero no se limitan a): atenci\u00f3n al cliente, ventas, gesti\u00f3n\/balanceo de caja, inventario, pedidos y merchandising.<\/p>\n            <\/div>\n        <\/div>\n        \n                <\/div> <\/div>","protected":false},"excerpt":{"rendered":"","protected":false},"author":1,"featured_media":3462,"parent":0,"menu_order":0,"comment_status":"closed","ping_status":"closed","template":"","meta":{"_acf_changed":false,"footnotes":""},"class_list":["post-3663","page","type-page","status-publish","has-post-thumbnail","hentry"],"acf":[],"yoast_head":"<!-- This site is optimized with the Yoast SEO Premium plugin v27.3 (Yoast SEO v27.3) - https:\/\/yoast.com\/product\/yoast-seo-premium-wordpress\/ -->\n<title>Oportunidades de empleo en Red Sail: \u00danete a nuestro talentoso equipo - Red Sail Aruba<\/title>\n<meta name=\"description\" content=\"Descubre emocionantes oportunidades de empleo en Red Sail. Presenta tu solicitud online y forma parte de un equipo de talento dedicado al \u00e9xito en los deportes acu\u00e1ticos.\" \/>\n<meta name=\"robots\" content=\"index, follow, max-snippet:-1, max-image-preview:large, max-video-preview:-1\" \/>\n<link rel=\"canonical\" href=\"https:\/\/redsailaruba.com\/es\/empleo\/\" \/>\n<meta property=\"og:locale\" content=\"es_ES\" \/>\n<meta property=\"og:type\" content=\"article\" \/>\n<meta property=\"og:title\" content=\"Empleo\" \/>\n<meta property=\"og:description\" content=\"Descubre emocionantes oportunidades de empleo en Red Sail. Presenta tu solicitud online y forma parte de un equipo de talento dedicado al \u00e9xito en los deportes acu\u00e1ticos.\" \/>\n<meta property=\"og:url\" content=\"https:\/\/redsailaruba.com\/es\/empleo\/\" \/>\n<meta property=\"og:site_name\" content=\"Red Sail Aruba\" \/>\n<meta property=\"article:modified_time\" content=\"2026-02-19T08:47:01+00:00\" \/>\n<meta property=\"og:image\" content=\"https:\/\/redsailaruba.com\/app\/uploads\/2021\/11\/redsail-aruba-sail-24.webp\" \/>\n\t<meta property=\"og:image:width\" content=\"1280\" \/>\n\t<meta property=\"og:image:height\" content=\"854\" \/>\n\t<meta property=\"og:image:type\" content=\"image\/webp\" \/>\n<meta name=\"twitter:card\" content=\"summary_large_image\" \/>\n<script type=\"application\/ld+json\" class=\"yoast-schema-graph\">{\"@context\":\"https:\\\/\\\/schema.org\",\"@graph\":[{\"@type\":\"WebPage\",\"@id\":\"https:\\\/\\\/redsailaruba.com\\\/es\\\/empleo\\\/\",\"url\":\"https:\\\/\\\/redsailaruba.com\\\/es\\\/empleo\\\/\",\"name\":\"Oportunidades de empleo en Red Sail: \u00danete a nuestro talentoso equipo - Red Sail Aruba\",\"isPartOf\":{\"@id\":\"https:\\\/\\\/redsailaruba.com\\\/es\\\/#website\"},\"primaryImageOfPage\":{\"@id\":\"https:\\\/\\\/redsailaruba.com\\\/es\\\/empleo\\\/#primaryimage\"},\"image\":{\"@id\":\"https:\\\/\\\/redsailaruba.com\\\/es\\\/empleo\\\/#primaryimage\"},\"thumbnailUrl\":\"https:\\\/\\\/redsailaruba.com\\\/app\\\/uploads\\\/2021\\\/11\\\/redsail-aruba-sail-24.webp\",\"datePublished\":\"2026-02-02T08:25:30+00:00\",\"dateModified\":\"2026-02-19T08:47:01+00:00\",\"description\":\"Descubre emocionantes oportunidades de empleo en Red Sail. Presenta tu solicitud online y forma parte de un equipo de talento dedicado al \u00e9xito en los deportes acu\u00e1ticos.\",\"breadcrumb\":{\"@id\":\"https:\\\/\\\/redsailaruba.com\\\/es\\\/empleo\\\/#breadcrumb\"},\"inLanguage\":\"es-ES\",\"potentialAction\":[{\"@type\":\"ReadAction\",\"target\":[\"https:\\\/\\\/redsailaruba.com\\\/es\\\/empleo\\\/\"]}]},{\"@type\":\"ImageObject\",\"inLanguage\":\"es-ES\",\"@id\":\"https:\\\/\\\/redsailaruba.com\\\/es\\\/empleo\\\/#primaryimage\",\"url\":\"https:\\\/\\\/redsailaruba.com\\\/app\\\/uploads\\\/2021\\\/11\\\/redsail-aruba-sail-24.webp\",\"contentUrl\":\"https:\\\/\\\/redsailaruba.com\\\/app\\\/uploads\\\/2021\\\/11\\\/redsail-aruba-sail-24.webp\",\"width\":1280,\"height\":854,\"caption\":\"Un miembro de la tripulaci\u00f3n de Red Sail sirviendo comida en una cafeter\u00eda.\"},{\"@type\":\"BreadcrumbList\",\"@id\":\"https:\\\/\\\/redsailaruba.com\\\/es\\\/empleo\\\/#breadcrumb\",\"itemListElement\":[{\"@type\":\"ListItem\",\"position\":1,\"name\":\"Inicio\",\"item\":\"https:\\\/\\\/redsailaruba.com\\\/es\\\/\"},{\"@type\":\"ListItem\",\"position\":2,\"name\":\"Empleo\"}]},{\"@type\":\"WebSite\",\"@id\":\"https:\\\/\\\/redsailaruba.com\\\/es\\\/#website\",\"url\":\"https:\\\/\\\/redsailaruba.com\\\/es\\\/\",\"name\":\"Red Sail Aruba\",\"description\":\"Los mejores deportes acu\u00e1ticos, ropa isle\u00f1a y destinos de Aruba\",\"publisher\":{\"@id\":\"https:\\\/\\\/redsailaruba.com\\\/es\\\/#organization\"},\"potentialAction\":[{\"@type\":\"SearchAction\",\"target\":{\"@type\":\"EntryPoint\",\"urlTemplate\":\"https:\\\/\\\/redsailaruba.com\\\/es\\\/?s={search_term_string}\"},\"query-input\":{\"@type\":\"PropertyValueSpecification\",\"valueRequired\":true,\"valueName\":\"search_term_string\"}}],\"inLanguage\":\"es-ES\"},{\"@type\":\"Organization\",\"@id\":\"https:\\\/\\\/redsailaruba.com\\\/es\\\/#organization\",\"name\":\"Red Sail Aruba\",\"url\":\"https:\\\/\\\/redsailaruba.com\\\/es\\\/\",\"logo\":{\"@type\":\"ImageObject\",\"inLanguage\":\"es-ES\",\"@id\":\"https:\\\/\\\/redsailaruba.com\\\/es\\\/#\\\/schema\\\/logo\\\/image\\\/\",\"url\":\"https:\\\/\\\/redsailaruba.com\\\/app\\\/uploads\\\/2026\\\/02\\\/rsa-969.png\",\"contentUrl\":\"https:\\\/\\\/redsailaruba.com\\\/app\\\/uploads\\\/2026\\\/02\\\/rsa-969.png\",\"width\":696,\"height\":696,\"caption\":\"Red Sail Aruba\"},\"image\":{\"@id\":\"https:\\\/\\\/redsailaruba.com\\\/es\\\/#\\\/schema\\\/logo\\\/image\\\/\"}}]}<\/script>\n<!-- \/ Yoast SEO Premium plugin. -->","yoast_head_json":{"title":"Oportunidades de empleo en Red Sail: \u00danete a nuestro talentoso equipo - Red Sail Aruba","description":"Descubre emocionantes oportunidades de empleo en Red Sail. Presenta tu solicitud online y forma parte de un equipo de talento dedicado al \u00e9xito en los deportes acu\u00e1ticos.","robots":{"index":"index","follow":"follow","max-snippet":"max-snippet:-1","max-image-preview":"max-image-preview:large","max-video-preview":"max-video-preview:-1"},"canonical":"https:\/\/redsailaruba.com\/es\/empleo\/","og_locale":"es_ES","og_type":"article","og_title":"Empleo","og_description":"Descubre emocionantes oportunidades de empleo en Red Sail. Presenta tu solicitud online y forma parte de un equipo de talento dedicado al \u00e9xito en los deportes acu\u00e1ticos.","og_url":"https:\/\/redsailaruba.com\/es\/empleo\/","og_site_name":"Red Sail Aruba","article_modified_time":"2026-02-19T08:47:01+00:00","og_image":[{"width":1280,"height":854,"url":"https:\/\/redsailaruba.com\/app\/uploads\/2021\/11\/redsail-aruba-sail-24.webp","type":"image\/webp"}],"twitter_card":"summary_large_image","schema":{"@context":"https:\/\/schema.org","@graph":[{"@type":"WebPage","@id":"https:\/\/redsailaruba.com\/es\/empleo\/","url":"https:\/\/redsailaruba.com\/es\/empleo\/","name":"Oportunidades de empleo en Red Sail: \u00danete a nuestro talentoso equipo - Red Sail Aruba","isPartOf":{"@id":"https:\/\/redsailaruba.com\/es\/#website"},"primaryImageOfPage":{"@id":"https:\/\/redsailaruba.com\/es\/empleo\/#primaryimage"},"image":{"@id":"https:\/\/redsailaruba.com\/es\/empleo\/#primaryimage"},"thumbnailUrl":"https:\/\/redsailaruba.com\/app\/uploads\/2021\/11\/redsail-aruba-sail-24.webp","datePublished":"2026-02-02T08:25:30+00:00","dateModified":"2026-02-19T08:47:01+00:00","description":"Descubre emocionantes oportunidades de empleo en Red Sail. Presenta tu solicitud online y forma parte de un equipo de talento dedicado al \u00e9xito en los deportes acu\u00e1ticos.","breadcrumb":{"@id":"https:\/\/redsailaruba.com\/es\/empleo\/#breadcrumb"},"inLanguage":"es-ES","potentialAction":[{"@type":"ReadAction","target":["https:\/\/redsailaruba.com\/es\/empleo\/"]}]},{"@type":"ImageObject","inLanguage":"es-ES","@id":"https:\/\/redsailaruba.com\/es\/empleo\/#primaryimage","url":"https:\/\/redsailaruba.com\/app\/uploads\/2021\/11\/redsail-aruba-sail-24.webp","contentUrl":"https:\/\/redsailaruba.com\/app\/uploads\/2021\/11\/redsail-aruba-sail-24.webp","width":1280,"height":854,"caption":"Un miembro de la tripulaci\u00f3n de Red Sail sirviendo comida en una cafeter\u00eda."},{"@type":"BreadcrumbList","@id":"https:\/\/redsailaruba.com\/es\/empleo\/#breadcrumb","itemListElement":[{"@type":"ListItem","position":1,"name":"Inicio","item":"https:\/\/redsailaruba.com\/es\/"},{"@type":"ListItem","position":2,"name":"Empleo"}]},{"@type":"WebSite","@id":"https:\/\/redsailaruba.com\/es\/#website","url":"https:\/\/redsailaruba.com\/es\/","name":"Red Sail Aruba","description":"Los mejores deportes acu\u00e1ticos, ropa isle\u00f1a y destinos de Aruba","publisher":{"@id":"https:\/\/redsailaruba.com\/es\/#organization"},"potentialAction":[{"@type":"SearchAction","target":{"@type":"EntryPoint","urlTemplate":"https:\/\/redsailaruba.com\/es\/?s={search_term_string}"},"query-input":{"@type":"PropertyValueSpecification","valueRequired":true,"valueName":"search_term_string"}}],"inLanguage":"es-ES"},{"@type":"Organization","@id":"https:\/\/redsailaruba.com\/es\/#organization","name":"Red Sail Aruba","url":"https:\/\/redsailaruba.com\/es\/","logo":{"@type":"ImageObject","inLanguage":"es-ES","@id":"https:\/\/redsailaruba.com\/es\/#\/schema\/logo\/image\/","url":"https:\/\/redsailaruba.com\/app\/uploads\/2026\/02\/rsa-969.png","contentUrl":"https:\/\/redsailaruba.com\/app\/uploads\/2026\/02\/rsa-969.png","width":696,"height":696,"caption":"Red Sail Aruba"},"image":{"@id":"https:\/\/redsailaruba.com\/es\/#\/schema\/logo\/image\/"}}]}},"_links":{"self":[{"href":"https:\/\/redsailaruba.com\/es\/wp-json\/wp\/v2\/pages\/3663","targetHints":{"allow":["GET"]}}],"collection":[{"href":"https:\/\/redsailaruba.com\/es\/wp-json\/wp\/v2\/pages"}],"about":[{"href":"https:\/\/redsailaruba.com\/es\/wp-json\/wp\/v2\/types\/page"}],"author":[{"embeddable":true,"href":"https:\/\/redsailaruba.com\/es\/wp-json\/wp\/v2\/users\/1"}],"replies":[{"embeddable":true,"href":"https:\/\/redsailaruba.com\/es\/wp-json\/wp\/v2\/comments?post=3663"}],"version-history":[{"count":3,"href":"https:\/\/redsailaruba.com\/es\/wp-json\/wp\/v2\/pages\/3663\/revisions"}],"predecessor-version":[{"id":3898,"href":"https:\/\/redsailaruba.com\/es\/wp-json\/wp\/v2\/pages\/3663\/revisions\/3898"}],"wp:featuredmedia":[{"embeddable":true,"href":"https:\/\/redsailaruba.com\/es\/wp-json\/wp\/v2\/media\/3462"}],"wp:attachment":[{"href":"https:\/\/redsailaruba.com\/es\/wp-json\/wp\/v2\/media?parent=3663"}],"curies":[{"name":"wp","href":"https:\/\/api.w.org\/{rel}","templated":true}]}}