{"id":3257,"date":"2026-01-29T13:36:32","date_gmt":"2026-01-29T13:36:32","guid":{"rendered":"https:\/\/redsailaruba.com\/aluguel-de-equipamentos\/"},"modified":"2026-02-19T08:37:38","modified_gmt":"2026-02-19T08:37:38","slug":"aluguel-de-equipamentos","status":"publish","type":"page","link":"https:\/\/redsailaruba.com\/pt-br\/aluguel-de-equipamentos\/","title":{"rendered":"Aluguel de equipamentos"},"content":{"rendered":"\n\n<div class=\"block block-text  my-4 my-lg-6\">\n     <div class=\"container\"> \n        <div class=\"row\">\n            <div class=\"col-12 col-lg-8 mx-auto \">\n                <p>Pesos, cintos de peso e tanques est\u00e3o inclu\u00eddos no custo do mergulho de barco. Todos os outros equipamentos est\u00e3o dispon\u00edveis para aluguel em nossas lojas de mergulho.<\/p>\n<p>Temos uma ampla sele\u00e7\u00e3o de equipamentos de mergulho novos e bem conservados para aqueles que n\u00e3o t\u00eam seus pr\u00f3prios equipamentos ou preferem n\u00e3o ter que carreg\u00e1-los para Aruba.<\/p>\n<ul>\n<li>Pacote completo de equipamento de mergulho (por dia)<\/li>\n<li>Pacote completo de equipamento de mergulho (por semana)<\/li>\n<li>BCD (por dia)<\/li>\n<li>Regulador (por dia)<\/li>\n<li>Roupa de mergulho (por dia)<\/li>\n<li>Polvo (por dia)<\/li>\n<li>Nitrox (por tanque)<\/li>\n<li>M\u00e1scara de prescri\u00e7\u00e3o (por dia)<\/li>\n<li>Colete de snorkel (por dia)<\/li>\n<li>Conjunto de m\u00e1scara\/snorkel e nadadeiras para SNORKELING (por dia)<\/li>\n<li>SNORKELING M\u00e1scara\/Snorkel ou nadadeiras (por dia)<\/li>\n<li>Mergulho Conjunto de m\u00e1scara\/snorkel e nadadeiras (por dia)<\/li>\n<li>Mergulho M\u00e1scara\/Snorkel ou nadadeiras (cada um por dia)<\/li>\n<li>Aluguel de c\u00e2mera subaqu\u00e1tica com flash e filme (por viagem)<\/li>\n<li>Luz de mergulho subaqu\u00e1tica<\/li>\n<\/ul>\n            <\/div>\n        <\/div>\n        \n                <\/div> <\/div>\n\n<div class=\"block block-text  my-4 my-lg-6\">\n     <div class=\"container\"> \n        <div class=\"row\">\n            <div class=\"col-12 col-lg-8 mx-auto \">\n                            <\/div>\n        <\/div>\n        \n                <\/div> <\/div>","protected":false},"excerpt":{"rendered":"","protected":false},"author":1,"featured_media":3208,"parent":0,"menu_order":0,"comment_status":"closed","ping_status":"closed","template":"","meta":{"_acf_changed":false,"footnotes":""},"class_list":["post-3257","page","type-page","status-publish","has-post-thumbnail","hentry"],"acf":[],"yoast_head":"<!-- This site is optimized with the Yoast SEO Premium plugin v27.3 (Yoast SEO v27.3) - https:\/\/yoast.com\/product\/yoast-seo-premium-wordpress\/ -->\n<title>Aluguel de equipamentos em Aruba: Equipamentos de mergulho e muito mais - Red Sail Aruba<\/title>\n<meta name=\"description\" content=\"Obtenha o melhor aluguel de equipamentos em Aruba para mergulho aut\u00f4nomo e snorkel. Alugue equipamentos de alta qualidade e aproveite as maravilhas subaqu\u00e1ticas.\" \/>\n<meta name=\"robots\" content=\"index, follow, max-snippet:-1, max-image-preview:large, max-video-preview:-1\" \/>\n<link rel=\"canonical\" href=\"https:\/\/redsailaruba.com\/pt-br\/aluguel-de-equipamentos\/\" \/>\n<meta property=\"og:locale\" content=\"pt_BR\" \/>\n<meta property=\"og:type\" content=\"article\" \/>\n<meta property=\"og:title\" content=\"Aluguel de equipamentos\" \/>\n<meta property=\"og:description\" content=\"Obtenha o melhor aluguel de equipamentos em Aruba para mergulho aut\u00f4nomo e snorkel. Alugue equipamentos de alta qualidade e aproveite as maravilhas subaqu\u00e1ticas.\" \/>\n<meta property=\"og:url\" content=\"https:\/\/redsailaruba.com\/pt-br\/aluguel-de-equipamentos\/\" \/>\n<meta property=\"og:site_name\" content=\"Red Sail Aruba\" \/>\n<meta property=\"article:modified_time\" content=\"2026-02-19T08:37:38+00:00\" \/>\n<meta property=\"og:image\" content=\"https:\/\/redsailaruba.com\/app\/uploads\/2021\/10\/Instructor-dive-gear-hand-out-at-pier-scaled.webp\" \/>\n\t<meta property=\"og:image:width\" content=\"2560\" \/>\n\t<meta property=\"og:image:height\" content=\"1707\" \/>\n\t<meta property=\"og:image:type\" content=\"image\/webp\" \/>\n<meta name=\"twitter:card\" content=\"summary_large_image\" \/>\n<script type=\"application\/ld+json\" class=\"yoast-schema-graph\">{\"@context\":\"https:\\\/\\\/schema.org\",\"@graph\":[{\"@type\":\"WebPage\",\"@id\":\"https:\\\/\\\/redsailaruba.com\\\/pt-br\\\/aluguel-de-equipamentos\\\/\",\"url\":\"https:\\\/\\\/redsailaruba.com\\\/pt-br\\\/aluguel-de-equipamentos\\\/\",\"name\":\"Aluguel de equipamentos em Aruba: Equipamentos de mergulho e muito mais - Red Sail Aruba\",\"isPartOf\":{\"@id\":\"https:\\\/\\\/redsailaruba.com\\\/pt-br\\\/#website\"},\"primaryImageOfPage\":{\"@id\":\"https:\\\/\\\/redsailaruba.com\\\/pt-br\\\/aluguel-de-equipamentos\\\/#primaryimage\"},\"image\":{\"@id\":\"https:\\\/\\\/redsailaruba.com\\\/pt-br\\\/aluguel-de-equipamentos\\\/#primaryimage\"},\"thumbnailUrl\":\"https:\\\/\\\/redsailaruba.com\\\/app\\\/uploads\\\/2021\\\/10\\\/Instructor-dive-gear-hand-out-at-pier-scaled.webp\",\"datePublished\":\"2026-01-29T13:36:32+00:00\",\"dateModified\":\"2026-02-19T08:37:38+00:00\",\"description\":\"Obtenha o melhor aluguel de equipamentos em Aruba para mergulho aut\u00f4nomo e snorkel. Alugue equipamentos de alta qualidade e aproveite as maravilhas subaqu\u00e1ticas.\",\"breadcrumb\":{\"@id\":\"https:\\\/\\\/redsailaruba.com\\\/pt-br\\\/aluguel-de-equipamentos\\\/#breadcrumb\"},\"inLanguage\":\"pt-BR\",\"potentialAction\":[{\"@type\":\"ReadAction\",\"target\":[\"https:\\\/\\\/redsailaruba.com\\\/pt-br\\\/aluguel-de-equipamentos\\\/\"]}]},{\"@type\":\"ImageObject\",\"inLanguage\":\"pt-BR\",\"@id\":\"https:\\\/\\\/redsailaruba.com\\\/pt-br\\\/aluguel-de-equipamentos\\\/#primaryimage\",\"url\":\"https:\\\/\\\/redsailaruba.com\\\/app\\\/uploads\\\/2021\\\/10\\\/Instructor-dive-gear-hand-out-at-pier-scaled.webp\",\"contentUrl\":\"https:\\\/\\\/redsailaruba.com\\\/app\\\/uploads\\\/2021\\\/10\\\/Instructor-dive-gear-hand-out-at-pier-scaled.webp\",\"width\":2560,\"height\":1707,\"caption\":\"Um instrutor distribui equipamentos de mergulho em um p\u00eder.\"},{\"@type\":\"BreadcrumbList\",\"@id\":\"https:\\\/\\\/redsailaruba.com\\\/pt-br\\\/aluguel-de-equipamentos\\\/#breadcrumb\",\"itemListElement\":[{\"@type\":\"ListItem\",\"position\":1,\"name\":\"In\u00edcio\",\"item\":\"https:\\\/\\\/redsailaruba.com\\\/pt-br\\\/\"},{\"@type\":\"ListItem\",\"position\":2,\"name\":\"Aluguel de equipamentos\"}]},{\"@type\":\"WebSite\",\"@id\":\"https:\\\/\\\/redsailaruba.com\\\/pt-br\\\/#website\",\"url\":\"https:\\\/\\\/redsailaruba.com\\\/pt-br\\\/\",\"name\":\"Red Sail Aruba\",\"description\":\"Os melhores esportes aqu\u00e1ticos, roupas t\u00edpicas e destinos de Aruba.\",\"publisher\":{\"@id\":\"https:\\\/\\\/redsailaruba.com\\\/pt-br\\\/#organization\"},\"potentialAction\":[{\"@type\":\"SearchAction\",\"target\":{\"@type\":\"EntryPoint\",\"urlTemplate\":\"https:\\\/\\\/redsailaruba.com\\\/pt-br\\\/?s={search_term_string}\"},\"query-input\":{\"@type\":\"PropertyValueSpecification\",\"valueRequired\":true,\"valueName\":\"search_term_string\"}}],\"inLanguage\":\"pt-BR\"},{\"@type\":\"Organization\",\"@id\":\"https:\\\/\\\/redsailaruba.com\\\/pt-br\\\/#organization\",\"name\":\"Red Sail Aruba\",\"url\":\"https:\\\/\\\/redsailaruba.com\\\/pt-br\\\/\",\"logo\":{\"@type\":\"ImageObject\",\"inLanguage\":\"pt-BR\",\"@id\":\"https:\\\/\\\/redsailaruba.com\\\/pt-br\\\/#\\\/schema\\\/logo\\\/image\\\/\",\"url\":\"https:\\\/\\\/redsailaruba.com\\\/app\\\/uploads\\\/2026\\\/02\\\/rsa-969.png\",\"contentUrl\":\"https:\\\/\\\/redsailaruba.com\\\/app\\\/uploads\\\/2026\\\/02\\\/rsa-969.png\",\"width\":696,\"height\":696,\"caption\":\"Red Sail Aruba\"},\"image\":{\"@id\":\"https:\\\/\\\/redsailaruba.com\\\/pt-br\\\/#\\\/schema\\\/logo\\\/image\\\/\"}}]}<\/script>\n<!-- \/ Yoast SEO Premium plugin. -->","yoast_head_json":{"title":"Aluguel de equipamentos em Aruba: Equipamentos de mergulho e muito mais - Red Sail Aruba","description":"Obtenha o melhor aluguel de equipamentos em Aruba para mergulho aut\u00f4nomo e snorkel. Alugue equipamentos de alta qualidade e aproveite as maravilhas subaqu\u00e1ticas.","robots":{"index":"index","follow":"follow","max-snippet":"max-snippet:-1","max-image-preview":"max-image-preview:large","max-video-preview":"max-video-preview:-1"},"canonical":"https:\/\/redsailaruba.com\/pt-br\/aluguel-de-equipamentos\/","og_locale":"pt_BR","og_type":"article","og_title":"Aluguel de equipamentos","og_description":"Obtenha o melhor aluguel de equipamentos em Aruba para mergulho aut\u00f4nomo e snorkel. Alugue equipamentos de alta qualidade e aproveite as maravilhas subaqu\u00e1ticas.","og_url":"https:\/\/redsailaruba.com\/pt-br\/aluguel-de-equipamentos\/","og_site_name":"Red Sail Aruba","article_modified_time":"2026-02-19T08:37:38+00:00","og_image":[{"width":2560,"height":1707,"url":"https:\/\/redsailaruba.com\/app\/uploads\/2021\/10\/Instructor-dive-gear-hand-out-at-pier-scaled.webp","type":"image\/webp"}],"twitter_card":"summary_large_image","schema":{"@context":"https:\/\/schema.org","@graph":[{"@type":"WebPage","@id":"https:\/\/redsailaruba.com\/pt-br\/aluguel-de-equipamentos\/","url":"https:\/\/redsailaruba.com\/pt-br\/aluguel-de-equipamentos\/","name":"Aluguel de equipamentos em Aruba: Equipamentos de mergulho e muito mais - Red Sail Aruba","isPartOf":{"@id":"https:\/\/redsailaruba.com\/pt-br\/#website"},"primaryImageOfPage":{"@id":"https:\/\/redsailaruba.com\/pt-br\/aluguel-de-equipamentos\/#primaryimage"},"image":{"@id":"https:\/\/redsailaruba.com\/pt-br\/aluguel-de-equipamentos\/#primaryimage"},"thumbnailUrl":"https:\/\/redsailaruba.com\/app\/uploads\/2021\/10\/Instructor-dive-gear-hand-out-at-pier-scaled.webp","datePublished":"2026-01-29T13:36:32+00:00","dateModified":"2026-02-19T08:37:38+00:00","description":"Obtenha o melhor aluguel de equipamentos em Aruba para mergulho aut\u00f4nomo e snorkel. Alugue equipamentos de alta qualidade e aproveite as maravilhas subaqu\u00e1ticas.","breadcrumb":{"@id":"https:\/\/redsailaruba.com\/pt-br\/aluguel-de-equipamentos\/#breadcrumb"},"inLanguage":"pt-BR","potentialAction":[{"@type":"ReadAction","target":["https:\/\/redsailaruba.com\/pt-br\/aluguel-de-equipamentos\/"]}]},{"@type":"ImageObject","inLanguage":"pt-BR","@id":"https:\/\/redsailaruba.com\/pt-br\/aluguel-de-equipamentos\/#primaryimage","url":"https:\/\/redsailaruba.com\/app\/uploads\/2021\/10\/Instructor-dive-gear-hand-out-at-pier-scaled.webp","contentUrl":"https:\/\/redsailaruba.com\/app\/uploads\/2021\/10\/Instructor-dive-gear-hand-out-at-pier-scaled.webp","width":2560,"height":1707,"caption":"Um instrutor distribui equipamentos de mergulho em um p\u00eder."},{"@type":"BreadcrumbList","@id":"https:\/\/redsailaruba.com\/pt-br\/aluguel-de-equipamentos\/#breadcrumb","itemListElement":[{"@type":"ListItem","position":1,"name":"In\u00edcio","item":"https:\/\/redsailaruba.com\/pt-br\/"},{"@type":"ListItem","position":2,"name":"Aluguel de equipamentos"}]},{"@type":"WebSite","@id":"https:\/\/redsailaruba.com\/pt-br\/#website","url":"https:\/\/redsailaruba.com\/pt-br\/","name":"Red Sail Aruba","description":"Os melhores esportes aqu\u00e1ticos, roupas t\u00edpicas e destinos de Aruba.","publisher":{"@id":"https:\/\/redsailaruba.com\/pt-br\/#organization"},"potentialAction":[{"@type":"SearchAction","target":{"@type":"EntryPoint","urlTemplate":"https:\/\/redsailaruba.com\/pt-br\/?s={search_term_string}"},"query-input":{"@type":"PropertyValueSpecification","valueRequired":true,"valueName":"search_term_string"}}],"inLanguage":"pt-BR"},{"@type":"Organization","@id":"https:\/\/redsailaruba.com\/pt-br\/#organization","name":"Red Sail Aruba","url":"https:\/\/redsailaruba.com\/pt-br\/","logo":{"@type":"ImageObject","inLanguage":"pt-BR","@id":"https:\/\/redsailaruba.com\/pt-br\/#\/schema\/logo\/image\/","url":"https:\/\/redsailaruba.com\/app\/uploads\/2026\/02\/rsa-969.png","contentUrl":"https:\/\/redsailaruba.com\/app\/uploads\/2026\/02\/rsa-969.png","width":696,"height":696,"caption":"Red Sail Aruba"},"image":{"@id":"https:\/\/redsailaruba.com\/pt-br\/#\/schema\/logo\/image\/"}}]}},"_links":{"self":[{"href":"https:\/\/redsailaruba.com\/pt-br\/wp-json\/wp\/v2\/pages\/3257","targetHints":{"allow":["GET"]}}],"collection":[{"href":"https:\/\/redsailaruba.com\/pt-br\/wp-json\/wp\/v2\/pages"}],"about":[{"href":"https:\/\/redsailaruba.com\/pt-br\/wp-json\/wp\/v2\/types\/page"}],"author":[{"embeddable":true,"href":"https:\/\/redsailaruba.com\/pt-br\/wp-json\/wp\/v2\/users\/1"}],"replies":[{"embeddable":true,"href":"https:\/\/redsailaruba.com\/pt-br\/wp-json\/wp\/v2\/comments?post=3257"}],"version-history":[{"count":2,"href":"https:\/\/redsailaruba.com\/pt-br\/wp-json\/wp\/v2\/pages\/3257\/revisions"}],"predecessor-version":[{"id":3588,"href":"https:\/\/redsailaruba.com\/pt-br\/wp-json\/wp\/v2\/pages\/3257\/revisions\/3588"}],"wp:featuredmedia":[{"embeddable":true,"href":"https:\/\/redsailaruba.com\/pt-br\/wp-json\/wp\/v2\/media\/3208"}],"wp:attachment":[{"href":"https:\/\/redsailaruba.com\/pt-br\/wp-json\/wp\/v2\/media?parent=3257"}],"curies":[{"name":"wp","href":"https:\/\/api.w.org\/{rel}","templated":true}]}}