{"id":3293,"date":"2026-01-29T13:36:45","date_gmt":"2026-01-29T13:36:45","guid":{"rendered":"https:\/\/redsailaruba.com\/transferencias\/"},"modified":"2026-02-18T13:47:20","modified_gmt":"2026-02-18T13:47:20","slug":"transferencias","status":"publish","type":"page","link":"https:\/\/redsailaruba.com\/pt-br\/transferencias\/","title":{"rendered":"Transfer\u00eancias"},"content":{"rendered":"\n\n<div class=\"block block-text  my-4 my-lg-6\">\n     <div class=\"container\"> \n        <div class=\"row\">\n            <div class=\"col-12 col-lg-8 mx-auto \">\n                <h2>Servi\u00e7os de traslado dispon\u00edveis 24 horas por dia e 7 dias por semana<\/h2>\n<p>Temos muito orgulho em oferecer aos viajantes de todo o mundo que chegam \u00e0s nossas costas acolhedoras uma variedade de passeios terrestres e servi\u00e7os de traslado. Nossa equipe profissional de falantes multil\u00edngues se orgulha de oferecer um servi\u00e7o personalizado para garantir que sua visita a Aruba seja inesquec\u00edvel.<\/p>\n<p>Nossa variedade de servi\u00e7os \u00e9 especialmente projetada tendo em mente sua divers\u00e3o, conforto e seguran\u00e7a.<\/p>\n<p>A El Tours oferece a voc\u00ea um servi\u00e7o personalizado no seu melhor. De reservas individuais a grupos de qualquer tamanho, podemos personalizar especialmente nossos servi\u00e7os para melhor atender a voc\u00ea. Nosso servi\u00e7o premiado garantir\u00e1 que voc\u00ea aproveite sua visita a Aruba do in\u00edcio ao fim.<\/p>\n<h3>Transfer\u00eancias de grupo<\/h3>\n<p>Uma variedade de servi\u00e7os de traslado em grupo est\u00e1 dispon\u00edvel para grupos de pelo menos 14 passageiros com nosso servi\u00e7o flex\u00edvel e acess\u00edvel. Se voc\u00ea tiver um grupo de menos de 14 passageiros, poder\u00e1 reservar um servi\u00e7o particular aqui.<\/p>\n<h3>Exemplo de servi\u00e7o de transfer\u00eancia de grupo:<\/h3>\n<ul>\n<li>Transporte para o aeroporto<\/li>\n<li>Transporte para o restaurante<\/li>\n<li>Transporte para atividades e atra\u00e7\u00f5es<\/li>\n<li>Transporte para casamentos e qualquer outro tipo de transfer\u00eancia de grupo que voc\u00ea possa precisar<\/li>\n<\/ul>\n<p>Nossos servi\u00e7os s\u00e3o muito flex\u00edveis e podemos personalizar qualquer servi\u00e7o para atender a qualquer solicita\u00e7\u00e3o que seu grupo possa ter.<\/p>\n<p><strong>Servi\u00e7os de traslado dispon\u00edveis 24 horas por dia e 7 dias por semana.<\/strong><br \/>\n<strong>As reservas devem ser feitas com pelo menos 24 horas de anteced\u00eancia.<\/strong><\/p>\n            <\/div>\n        <\/div>\n        \n                <\/div> <\/div>","protected":false},"excerpt":{"rendered":"","protected":false},"author":2,"featured_media":3294,"parent":0,"menu_order":0,"comment_status":"closed","ping_status":"closed","template":"","meta":{"_acf_changed":false,"footnotes":""},"class_list":["post-3293","page","type-page","status-publish","has-post-thumbnail","hentry"],"acf":[],"yoast_head":"<!-- This site is optimized with the Yoast SEO Premium plugin v27.3 (Yoast SEO v27.3) - https:\/\/yoast.com\/product\/yoast-seo-premium-wordpress\/ -->\n<title>Servi\u00e7os de transfer\u00eancia dispon\u00edveis 24 horas por dia - Red Sail Aruba<\/title>\n<meta name=\"description\" content=\"Viaje sem estresse com nossos servi\u00e7os de traslado dispon\u00edveis 24 horas por dia e 7 dias por semana para todos os tamanhos de grupos em Aruba.\" \/>\n<meta name=\"robots\" content=\"index, follow, max-snippet:-1, max-image-preview:large, max-video-preview:-1\" \/>\n<link rel=\"canonical\" href=\"https:\/\/redsailaruba.com\/pt-br\/transferencias\/\" \/>\n<meta property=\"og:locale\" content=\"pt_BR\" \/>\n<meta property=\"og:type\" content=\"article\" \/>\n<meta property=\"og:title\" content=\"Transfer\u00eancias\" \/>\n<meta property=\"og:description\" content=\"Viaje sem estresse com nossos servi\u00e7os de traslado dispon\u00edveis 24 horas por dia e 7 dias por semana para todos os tamanhos de grupos em Aruba.\" \/>\n<meta property=\"og:url\" content=\"https:\/\/redsailaruba.com\/pt-br\/transferencias\/\" \/>\n<meta property=\"og:site_name\" content=\"Red Sail Aruba\" \/>\n<meta property=\"article:modified_time\" content=\"2026-02-18T13:47:20+00:00\" \/>\n<meta property=\"og:image\" content=\"https:\/\/redsailaruba.com\/app\/uploads\/2021\/11\/Bus-tour-1.jpg\" \/>\n\t<meta property=\"og:image:width\" content=\"540\" \/>\n\t<meta property=\"og:image:height\" content=\"360\" \/>\n\t<meta property=\"og:image:type\" content=\"image\/jpeg\" \/>\n<meta name=\"twitter:card\" content=\"summary_large_image\" \/>\n<script type=\"application\/ld+json\" class=\"yoast-schema-graph\">{\"@context\":\"https:\\\/\\\/schema.org\",\"@graph\":[{\"@type\":\"WebPage\",\"@id\":\"https:\\\/\\\/redsailaruba.com\\\/pt-br\\\/transferencias\\\/\",\"url\":\"https:\\\/\\\/redsailaruba.com\\\/pt-br\\\/transferencias\\\/\",\"name\":\"Servi\u00e7os de transfer\u00eancia dispon\u00edveis 24 horas por dia - Red Sail Aruba\",\"isPartOf\":{\"@id\":\"https:\\\/\\\/redsailaruba.com\\\/pt-br\\\/#website\"},\"primaryImageOfPage\":{\"@id\":\"https:\\\/\\\/redsailaruba.com\\\/pt-br\\\/transferencias\\\/#primaryimage\"},\"image\":{\"@id\":\"https:\\\/\\\/redsailaruba.com\\\/pt-br\\\/transferencias\\\/#primaryimage\"},\"thumbnailUrl\":\"https:\\\/\\\/redsailaruba.com\\\/app\\\/uploads\\\/2021\\\/11\\\/Bus-tour-1.jpg\",\"datePublished\":\"2026-01-29T13:36:45+00:00\",\"dateModified\":\"2026-02-18T13:47:20+00:00\",\"description\":\"Viaje sem estresse com nossos servi\u00e7os de traslado dispon\u00edveis 24 horas por dia e 7 dias por semana para todos os tamanhos de grupos em Aruba.\",\"breadcrumb\":{\"@id\":\"https:\\\/\\\/redsailaruba.com\\\/pt-br\\\/transferencias\\\/#breadcrumb\"},\"inLanguage\":\"pt-BR\",\"potentialAction\":[{\"@type\":\"ReadAction\",\"target\":[\"https:\\\/\\\/redsailaruba.com\\\/pt-br\\\/transferencias\\\/\"]}]},{\"@type\":\"ImageObject\",\"inLanguage\":\"pt-BR\",\"@id\":\"https:\\\/\\\/redsailaruba.com\\\/pt-br\\\/transferencias\\\/#primaryimage\",\"url\":\"https:\\\/\\\/redsailaruba.com\\\/app\\\/uploads\\\/2021\\\/11\\\/Bus-tour-1.jpg\",\"contentUrl\":\"https:\\\/\\\/redsailaruba.com\\\/app\\\/uploads\\\/2021\\\/11\\\/Bus-tour-1.jpg\",\"width\":540,\"height\":360,\"caption\":\"Um \u00f4nibus de turismo dirigindo em uma estrada de terra\"},{\"@type\":\"BreadcrumbList\",\"@id\":\"https:\\\/\\\/redsailaruba.com\\\/pt-br\\\/transferencias\\\/#breadcrumb\",\"itemListElement\":[{\"@type\":\"ListItem\",\"position\":1,\"name\":\"In\u00edcio\",\"item\":\"https:\\\/\\\/redsailaruba.com\\\/pt-br\\\/\"},{\"@type\":\"ListItem\",\"position\":2,\"name\":\"Transfer\u00eancias\"}]},{\"@type\":\"WebSite\",\"@id\":\"https:\\\/\\\/redsailaruba.com\\\/pt-br\\\/#website\",\"url\":\"https:\\\/\\\/redsailaruba.com\\\/pt-br\\\/\",\"name\":\"Red Sail Aruba\",\"description\":\"Os melhores esportes aqu\u00e1ticos, roupas t\u00edpicas e destinos de Aruba.\",\"publisher\":{\"@id\":\"https:\\\/\\\/redsailaruba.com\\\/pt-br\\\/#organization\"},\"potentialAction\":[{\"@type\":\"SearchAction\",\"target\":{\"@type\":\"EntryPoint\",\"urlTemplate\":\"https:\\\/\\\/redsailaruba.com\\\/pt-br\\\/?s={search_term_string}\"},\"query-input\":{\"@type\":\"PropertyValueSpecification\",\"valueRequired\":true,\"valueName\":\"search_term_string\"}}],\"inLanguage\":\"pt-BR\"},{\"@type\":\"Organization\",\"@id\":\"https:\\\/\\\/redsailaruba.com\\\/pt-br\\\/#organization\",\"name\":\"Red Sail Aruba\",\"url\":\"https:\\\/\\\/redsailaruba.com\\\/pt-br\\\/\",\"logo\":{\"@type\":\"ImageObject\",\"inLanguage\":\"pt-BR\",\"@id\":\"https:\\\/\\\/redsailaruba.com\\\/pt-br\\\/#\\\/schema\\\/logo\\\/image\\\/\",\"url\":\"https:\\\/\\\/redsailaruba.com\\\/app\\\/uploads\\\/2026\\\/02\\\/rsa-969.png\",\"contentUrl\":\"https:\\\/\\\/redsailaruba.com\\\/app\\\/uploads\\\/2026\\\/02\\\/rsa-969.png\",\"width\":696,\"height\":696,\"caption\":\"Red Sail Aruba\"},\"image\":{\"@id\":\"https:\\\/\\\/redsailaruba.com\\\/pt-br\\\/#\\\/schema\\\/logo\\\/image\\\/\"}}]}<\/script>\n<!-- \/ Yoast SEO Premium plugin. -->","yoast_head_json":{"title":"Servi\u00e7os de transfer\u00eancia dispon\u00edveis 24 horas por dia - Red Sail Aruba","description":"Viaje sem estresse com nossos servi\u00e7os de traslado dispon\u00edveis 24 horas por dia e 7 dias por semana para todos os tamanhos de grupos em Aruba.","robots":{"index":"index","follow":"follow","max-snippet":"max-snippet:-1","max-image-preview":"max-image-preview:large","max-video-preview":"max-video-preview:-1"},"canonical":"https:\/\/redsailaruba.com\/pt-br\/transferencias\/","og_locale":"pt_BR","og_type":"article","og_title":"Transfer\u00eancias","og_description":"Viaje sem estresse com nossos servi\u00e7os de traslado dispon\u00edveis 24 horas por dia e 7 dias por semana para todos os tamanhos de grupos em Aruba.","og_url":"https:\/\/redsailaruba.com\/pt-br\/transferencias\/","og_site_name":"Red Sail Aruba","article_modified_time":"2026-02-18T13:47:20+00:00","og_image":[{"width":540,"height":360,"url":"https:\/\/redsailaruba.com\/app\/uploads\/2021\/11\/Bus-tour-1.jpg","type":"image\/jpeg"}],"twitter_card":"summary_large_image","schema":{"@context":"https:\/\/schema.org","@graph":[{"@type":"WebPage","@id":"https:\/\/redsailaruba.com\/pt-br\/transferencias\/","url":"https:\/\/redsailaruba.com\/pt-br\/transferencias\/","name":"Servi\u00e7os de transfer\u00eancia dispon\u00edveis 24 horas por dia - Red Sail Aruba","isPartOf":{"@id":"https:\/\/redsailaruba.com\/pt-br\/#website"},"primaryImageOfPage":{"@id":"https:\/\/redsailaruba.com\/pt-br\/transferencias\/#primaryimage"},"image":{"@id":"https:\/\/redsailaruba.com\/pt-br\/transferencias\/#primaryimage"},"thumbnailUrl":"https:\/\/redsailaruba.com\/app\/uploads\/2021\/11\/Bus-tour-1.jpg","datePublished":"2026-01-29T13:36:45+00:00","dateModified":"2026-02-18T13:47:20+00:00","description":"Viaje sem estresse com nossos servi\u00e7os de traslado dispon\u00edveis 24 horas por dia e 7 dias por semana para todos os tamanhos de grupos em Aruba.","breadcrumb":{"@id":"https:\/\/redsailaruba.com\/pt-br\/transferencias\/#breadcrumb"},"inLanguage":"pt-BR","potentialAction":[{"@type":"ReadAction","target":["https:\/\/redsailaruba.com\/pt-br\/transferencias\/"]}]},{"@type":"ImageObject","inLanguage":"pt-BR","@id":"https:\/\/redsailaruba.com\/pt-br\/transferencias\/#primaryimage","url":"https:\/\/redsailaruba.com\/app\/uploads\/2021\/11\/Bus-tour-1.jpg","contentUrl":"https:\/\/redsailaruba.com\/app\/uploads\/2021\/11\/Bus-tour-1.jpg","width":540,"height":360,"caption":"Um \u00f4nibus de turismo dirigindo em uma estrada de terra"},{"@type":"BreadcrumbList","@id":"https:\/\/redsailaruba.com\/pt-br\/transferencias\/#breadcrumb","itemListElement":[{"@type":"ListItem","position":1,"name":"In\u00edcio","item":"https:\/\/redsailaruba.com\/pt-br\/"},{"@type":"ListItem","position":2,"name":"Transfer\u00eancias"}]},{"@type":"WebSite","@id":"https:\/\/redsailaruba.com\/pt-br\/#website","url":"https:\/\/redsailaruba.com\/pt-br\/","name":"Red Sail Aruba","description":"Os melhores esportes aqu\u00e1ticos, roupas t\u00edpicas e destinos de Aruba.","publisher":{"@id":"https:\/\/redsailaruba.com\/pt-br\/#organization"},"potentialAction":[{"@type":"SearchAction","target":{"@type":"EntryPoint","urlTemplate":"https:\/\/redsailaruba.com\/pt-br\/?s={search_term_string}"},"query-input":{"@type":"PropertyValueSpecification","valueRequired":true,"valueName":"search_term_string"}}],"inLanguage":"pt-BR"},{"@type":"Organization","@id":"https:\/\/redsailaruba.com\/pt-br\/#organization","name":"Red Sail Aruba","url":"https:\/\/redsailaruba.com\/pt-br\/","logo":{"@type":"ImageObject","inLanguage":"pt-BR","@id":"https:\/\/redsailaruba.com\/pt-br\/#\/schema\/logo\/image\/","url":"https:\/\/redsailaruba.com\/app\/uploads\/2026\/02\/rsa-969.png","contentUrl":"https:\/\/redsailaruba.com\/app\/uploads\/2026\/02\/rsa-969.png","width":696,"height":696,"caption":"Red Sail Aruba"},"image":{"@id":"https:\/\/redsailaruba.com\/pt-br\/#\/schema\/logo\/image\/"}}]}},"_links":{"self":[{"href":"https:\/\/redsailaruba.com\/pt-br\/wp-json\/wp\/v2\/pages\/3293","targetHints":{"allow":["GET"]}}],"collection":[{"href":"https:\/\/redsailaruba.com\/pt-br\/wp-json\/wp\/v2\/pages"}],"about":[{"href":"https:\/\/redsailaruba.com\/pt-br\/wp-json\/wp\/v2\/types\/page"}],"author":[{"embeddable":true,"href":"https:\/\/redsailaruba.com\/pt-br\/wp-json\/wp\/v2\/users\/2"}],"replies":[{"embeddable":true,"href":"https:\/\/redsailaruba.com\/pt-br\/wp-json\/wp\/v2\/comments?post=3293"}],"version-history":[{"count":1,"href":"https:\/\/redsailaruba.com\/pt-br\/wp-json\/wp\/v2\/pages\/3293\/revisions"}],"predecessor-version":[{"id":3295,"href":"https:\/\/redsailaruba.com\/pt-br\/wp-json\/wp\/v2\/pages\/3293\/revisions\/3295"}],"wp:featuredmedia":[{"embeddable":true,"href":"https:\/\/redsailaruba.com\/pt-br\/wp-json\/wp\/v2\/media\/3294"}],"wp:attachment":[{"href":"https:\/\/redsailaruba.com\/pt-br\/wp-json\/wp\/v2\/media?parent=3293"}],"curies":[{"name":"wp","href":"https:\/\/api.w.org\/{rel}","templated":true}]}}