{"id":3480,"date":"2026-01-29T13:37:22","date_gmt":"2026-01-29T13:37:22","guid":{"rendered":"https:\/\/redsailaruba.com\/programacao-de-mergulho\/"},"modified":"2026-02-19T08:36:07","modified_gmt":"2026-02-19T08:36:07","slug":"programacao-de-mergulho","status":"publish","type":"page","link":"https:\/\/redsailaruba.com\/pt-br\/programacao-de-mergulho\/","title":{"rendered":"Programa\u00e7\u00e3o de mergulho"},"content":{"rendered":"\n<div class=\"block block-table mt-4\">\n     <div class=\"container\">         <div class=\"row\">\n            <div class=\"col-12 col-lg-8 mx-auto \">\n                <h3>Programa\u00e7\u00e3o de mergulho<\/h3>\n                <div class=\"table-responsive\">\n                    <table class=\"table\">\n                        <tbody>\n\n                            \n                                                                    <tr>\n                                        <th scope=\"row\">Segunda-feira<\/th>\n                                        <td>09:00am <br \/>\r\n09:15am<br \/>\r\n2:00pm<br \/>\r\n3:30pm<br \/>\r\n6:30am<\/td>\n                                        <td>Dois tanques<br \/>\r\nDois tanques<br \/>\r\nUm tanque<br \/>\r\nUm tanque<br \/>\r\nUm tanque<\/td>\n                                        <td>Costa Sul TBA<br \/>\r\nBlue Reef\/Pedernalis<br \/>\r\nAntilla<br \/>\r\nPedernalis<br \/>\r\nMergulho noturno-Pedernalis<\/td>\n                                        <td>100\/50 p\u00e9s <br \/>\r\n70\/25 p\u00e9s <br \/>\r\n60 p\u00e9s <br \/>\r\n25 p\u00e9s <br \/>\r\n25 p\u00e9s.<\/td>\n                                        <td class=\"text-end\">4 horas<br \/>\r\n3 horas<br \/>\r\n1,5 horas<br \/>\r\n1,5 horas<br \/>\r\n1,5 horas<\/td>\n                                    <\/tr>\n                                                                    <tr>\n                                        <th scope=\"row\">Ter\u00e7a-feira<\/th>\n                                        <td>09:00 <br \/>\r\n09:15<br \/>\r\n14:00<br \/>\r\n15:30<\/td>\n                                        <td>Dois tanques<br \/>\r\nDois tanques<br \/>\r\nUm tanque<br \/>\r\nUm tanque<\/td>\n                                        <td>Costa Sul TBA<br \/>\r\nAntilla\/Pedernalis<br \/>\r\nBlue Reef<br \/>\r\nPedernalis<\/td>\n                                        <td>100\/50 p\u00e9s <br \/>\r\n60\/25 p\u00e9s <br \/>\r\n70 p\u00e9s <br \/>\r\n25 p\u00e9s.<\/td>\n                                        <td class=\"text-end\">4 horas<br \/>\r\n3 horas <br \/>\r\n1,5 horas<br \/>\r\n1,5 horas<\/td>\n                                    <\/tr>\n                                                                    <tr>\n                                        <th scope=\"row\">Quarta-feira<\/th>\n                                        <td>09:00 <br \/>\r\n09:15<br \/>\r\n14:00<br \/>\r\n15:30<\/td>\n                                        <td>Dois tanques<br \/>\r\nDois tanques<br \/>\r\nUm tanque<br \/>\r\nUm tanque<\/td>\n                                        <td>Costa Sul TBA<br \/>\r\nAntilla\/Arashi<br \/>\r\nAntilla<br \/>\r\nPedernalis<\/td>\n                                        <td>100\/50 p\u00e9s <br \/>\r\n60\/40 p\u00e9s <br \/>\r\n60 p\u00e9s <br \/>\r\n25 p\u00e9s.<\/td>\n                                        <td class=\"text-end\">4 horas<br \/>\r\n3 horas <br \/>\r\n1,5 horas<br \/>\r\n1,5 horas<\/td>\n                                    <\/tr>\n                                                                    <tr>\n                                        <th scope=\"row\">Quinta-feira<\/th>\n                                        <td>09:00am <br \/>\r\n09:15am<br \/>\r\n2:00pm<br \/>\r\n3:30pm<br \/>\r\n6:30am<\/td>\n                                        <td>Dois tanques<br \/>\r\nDois tanques<br \/>\r\nUm tanque<br \/>\r\nUm tanque<br \/>\r\nUm tanque<\/td>\n                                        <td>Costa Sul TBA<br \/>\r\nIn\u00edcio Gerren\/Antilla<br \/>\r\nArashi<br \/>\r\nPedernalis<br \/>\r\nMergulho noturno-Antilla<\/td>\n                                        <td>100\/50 p\u00e9s <br \/>\r\n65\/60 p\u00e9s <br \/>\r\n40 p\u00e9s <br \/>\r\n25 p\u00e9s <br \/>\r\n60 p\u00e9s<\/td>\n                                        <td class=\"text-end\">4 horas<br \/>\r\n3 horas<br \/>\r\n1,5 horas<br \/>\r\n1,5 horas<br \/>\r\n1,5 horas<\/td>\n                                    <\/tr>\n                                                                    <tr>\n                                        <th scope=\"row\">Sexta-feira<\/th>\n                                        <td>9:00 <br \/>\r\n14:00 <br \/>\r\n15:30<\/td>\n                                        <td>Dois tanques<br \/>\r\nUm tanque<br \/>\r\nUm tanque<\/td>\n                                        <td>Barcadera reef\/Renaissance airplane<br \/>\r\nAntilla<br \/>\r\nPedernalis<\/td>\n                                        <td>80\/70 p\u00e9s <br \/>\r\n60 p\u00e9s <br \/>\r\n25 p\u00e9s.  <\/td>\n                                        <td class=\"text-end\">4 horas<br \/>\r\n1,5 horas<br \/>\r\n1,5 horas<\/td>\n                                    <\/tr>\n                                                                    <tr>\n                                        <th scope=\"row\">S\u00e1bado<\/th>\n                                        <td>09:00 <br \/>\r\n09:15<br \/>\r\n14:00<br \/>\r\n15:30<\/td>\n                                        <td>Dois tanques<br \/>\r\nDois tanques<br \/>\r\nUm tanque<br \/>\r\nUm tanque<\/td>\n                                        <td>Costa Sul TBA<br \/>\r\nAntilla\/Pedernalis<br \/>\r\nArashi<br \/>\r\nPedernalis<\/td>\n                                        <td>100\/50 p\u00e9s <br \/>\r\n60\/25 p\u00e9s <br \/>\r\n40 p\u00e9s <br \/>\r\n25 p\u00e9s.<\/td>\n                                        <td class=\"text-end\">4 horas <br \/>\r\n3 horas <br \/>\r\n1,5 horas<br \/>\r\n1,5 horas<\/td>\n                                    <\/tr>\n                                                                    <tr>\n                                        <th scope=\"row\">Domingo<\/th>\n                                        <td>FECHADO<\/td>\n                                        <td><\/td>\n                                        <td><\/td>\n                                        <td><\/td>\n                                        <td class=\"text-end\"><\/td>\n                                    <\/tr>\n                                \n                            \n                        <\/tbody>\n                    <\/table>\n                <\/div>\n            <\/div>\n        <\/div>\n                <\/div> <\/div>\n\n<div class=\"block block-text  my-4 my-lg-6\">\n     <div class=\"container\"> \n        <div class=\"row\">\n            <div class=\"col-12 col-lg-8 mx-auto \">\n                <p><img loading=\"lazy\" decoding=\"async\" class=\"alignleft wp-image-453 size-medium\" src=\"https:\/\/redsail.wiljeonline.dev\/wp-content\/uploads\/2021\/11\/padi-5-start-red-sail-aruba-233x300.jpg\" alt=\"classifica\u00e7\u00e3o padi five start\" width=\"233\" height=\"300\" srcset=\"https:\/\/redsailaruba.com\/app\/uploads\/2021\/11\/padi-5-start-red-sail-aruba-233x300.jpg 233w, https:\/\/redsailaruba.com\/app\/uploads\/2021\/11\/padi-5-start-red-sail-aruba.jpg 350w\" sizes=\"auto, (max-width: 233px) 100vw, 233px\" \/><\/p>\n<p>&nbsp;<\/p>\n<p>&nbsp;<\/p>\n<p>&nbsp;<\/p>\n<p>&nbsp;<\/p>\n<p>&nbsp;<\/p>\n<p>&nbsp;<\/p>\n<p>&nbsp;<\/p>\n<p>&nbsp;<\/p>\n<p>Somos um centro de mergulho 5 estrelas oficial da PADI. Mais informa\u00e7\u00f5es podem ser encontradas no site da Padi. <\/p>\n            <\/div>\n        <\/div>\n                    <div class=\"row mt-4\">\n                <div class=\"col-12 col-lg-8 mx-auto \">\n                                        <a class=\"btn btn-red\" href=\"https:\/\/www.padi.com\/padi-dive-centers\/business-levels?lang=en\" target=\"_blank\">Information about PADI<\/a>\n                <\/div>\n            <\/div>\n        \n                <\/div> <\/div>","protected":false},"excerpt":{"rendered":"","protected":false},"author":2,"featured_media":3481,"parent":0,"menu_order":0,"comment_status":"closed","ping_status":"closed","template":"","meta":{"_acf_changed":false,"footnotes":""},"class_list":["post-3480","page","type-page","status-publish","has-post-thumbnail","hentry"],"acf":[],"yoast_head":"<!-- This site is optimized with the Yoast SEO Premium plugin v27.3 (Yoast SEO v27.3) - https:\/\/yoast.com\/product\/yoast-seo-premium-wordpress\/ -->\n<title>Programa\u00e7\u00e3o de mergulho em Aruba: Hor\u00e1rios e planos de mergulho semanais - Red Sail Aruba<\/title>\n<meta name=\"description\" content=\"Explore o Dive Schedule Aruba e planeje suas aventuras subaqu\u00e1ticas! Descubra os melhores pontos de mergulho e hor\u00e1rios para sua viagem.\" \/>\n<meta name=\"robots\" content=\"index, follow, max-snippet:-1, max-image-preview:large, max-video-preview:-1\" \/>\n<link rel=\"canonical\" href=\"https:\/\/redsailaruba.com\/pt-br\/programacao-de-mergulho\/\" \/>\n<meta property=\"og:locale\" content=\"pt_BR\" \/>\n<meta property=\"og:type\" content=\"article\" \/>\n<meta property=\"og:title\" content=\"Programa\u00e7\u00e3o de mergulho\" \/>\n<meta property=\"og:description\" content=\"Explore o Dive Schedule Aruba e planeje suas aventuras subaqu\u00e1ticas! Descubra os melhores pontos de mergulho e hor\u00e1rios para sua viagem.\" \/>\n<meta property=\"og:url\" content=\"https:\/\/redsailaruba.com\/pt-br\/programacao-de-mergulho\/\" \/>\n<meta property=\"og:site_name\" content=\"Red Sail Aruba\" \/>\n<meta property=\"article:modified_time\" content=\"2026-02-19T08:36:07+00:00\" \/>\n<meta property=\"og:image\" content=\"https:\/\/redsailaruba.com\/app\/uploads\/2021\/11\/Scuba-academy-3.jpg\" \/>\n\t<meta property=\"og:image:width\" content=\"1073\" \/>\n\t<meta property=\"og:image:height\" content=\"934\" \/>\n\t<meta property=\"og:image:type\" content=\"image\/jpeg\" \/>\n<meta name=\"twitter:card\" content=\"summary_large_image\" \/>\n<script type=\"application\/ld+json\" class=\"yoast-schema-graph\">{\"@context\":\"https:\\\/\\\/schema.org\",\"@graph\":[{\"@type\":\"WebPage\",\"@id\":\"https:\\\/\\\/redsailaruba.com\\\/pt-br\\\/programacao-de-mergulho\\\/\",\"url\":\"https:\\\/\\\/redsailaruba.com\\\/pt-br\\\/programacao-de-mergulho\\\/\",\"name\":\"Programa\u00e7\u00e3o de mergulho em Aruba: Hor\u00e1rios e planos de mergulho semanais - Red Sail Aruba\",\"isPartOf\":{\"@id\":\"https:\\\/\\\/redsailaruba.com\\\/pt-br\\\/#website\"},\"primaryImageOfPage\":{\"@id\":\"https:\\\/\\\/redsailaruba.com\\\/pt-br\\\/programacao-de-mergulho\\\/#primaryimage\"},\"image\":{\"@id\":\"https:\\\/\\\/redsailaruba.com\\\/pt-br\\\/programacao-de-mergulho\\\/#primaryimage\"},\"thumbnailUrl\":\"https:\\\/\\\/redsailaruba.com\\\/app\\\/uploads\\\/2021\\\/11\\\/Scuba-academy-3.jpg\",\"datePublished\":\"2026-01-29T13:37:22+00:00\",\"dateModified\":\"2026-02-19T08:36:07+00:00\",\"description\":\"Explore o Dive Schedule Aruba e planeje suas aventuras subaqu\u00e1ticas! Descubra os melhores pontos de mergulho e hor\u00e1rios para sua viagem.\",\"breadcrumb\":{\"@id\":\"https:\\\/\\\/redsailaruba.com\\\/pt-br\\\/programacao-de-mergulho\\\/#breadcrumb\"},\"inLanguage\":\"pt-BR\",\"potentialAction\":[{\"@type\":\"ReadAction\",\"target\":[\"https:\\\/\\\/redsailaruba.com\\\/pt-br\\\/programacao-de-mergulho\\\/\"]}]},{\"@type\":\"ImageObject\",\"inLanguage\":\"pt-BR\",\"@id\":\"https:\\\/\\\/redsailaruba.com\\\/pt-br\\\/programacao-de-mergulho\\\/#primaryimage\",\"url\":\"https:\\\/\\\/redsailaruba.com\\\/app\\\/uploads\\\/2021\\\/11\\\/Scuba-academy-3.jpg\",\"contentUrl\":\"https:\\\/\\\/redsailaruba.com\\\/app\\\/uploads\\\/2021\\\/11\\\/Scuba-academy-3.jpg\",\"width\":1073,\"height\":934,\"caption\":\"Um mergulhador com equipamento de mergulho de vela vermelha emergindo pr\u00f3ximo a um catamar\u00e3 com passageiros a bordo.\"},{\"@type\":\"BreadcrumbList\",\"@id\":\"https:\\\/\\\/redsailaruba.com\\\/pt-br\\\/programacao-de-mergulho\\\/#breadcrumb\",\"itemListElement\":[{\"@type\":\"ListItem\",\"position\":1,\"name\":\"In\u00edcio\",\"item\":\"https:\\\/\\\/redsailaruba.com\\\/pt-br\\\/\"},{\"@type\":\"ListItem\",\"position\":2,\"name\":\"Programa\u00e7\u00e3o de mergulho\"}]},{\"@type\":\"WebSite\",\"@id\":\"https:\\\/\\\/redsailaruba.com\\\/pt-br\\\/#website\",\"url\":\"https:\\\/\\\/redsailaruba.com\\\/pt-br\\\/\",\"name\":\"Red Sail Aruba\",\"description\":\"Os melhores esportes aqu\u00e1ticos, roupas t\u00edpicas e destinos de Aruba.\",\"publisher\":{\"@id\":\"https:\\\/\\\/redsailaruba.com\\\/pt-br\\\/#organization\"},\"potentialAction\":[{\"@type\":\"SearchAction\",\"target\":{\"@type\":\"EntryPoint\",\"urlTemplate\":\"https:\\\/\\\/redsailaruba.com\\\/pt-br\\\/?s={search_term_string}\"},\"query-input\":{\"@type\":\"PropertyValueSpecification\",\"valueRequired\":true,\"valueName\":\"search_term_string\"}}],\"inLanguage\":\"pt-BR\"},{\"@type\":\"Organization\",\"@id\":\"https:\\\/\\\/redsailaruba.com\\\/pt-br\\\/#organization\",\"name\":\"Red Sail Aruba\",\"url\":\"https:\\\/\\\/redsailaruba.com\\\/pt-br\\\/\",\"logo\":{\"@type\":\"ImageObject\",\"inLanguage\":\"pt-BR\",\"@id\":\"https:\\\/\\\/redsailaruba.com\\\/pt-br\\\/#\\\/schema\\\/logo\\\/image\\\/\",\"url\":\"https:\\\/\\\/redsailaruba.com\\\/app\\\/uploads\\\/2026\\\/02\\\/rsa-969.png\",\"contentUrl\":\"https:\\\/\\\/redsailaruba.com\\\/app\\\/uploads\\\/2026\\\/02\\\/rsa-969.png\",\"width\":696,\"height\":696,\"caption\":\"Red Sail Aruba\"},\"image\":{\"@id\":\"https:\\\/\\\/redsailaruba.com\\\/pt-br\\\/#\\\/schema\\\/logo\\\/image\\\/\"}}]}<\/script>\n<!-- \/ Yoast SEO Premium plugin. -->","yoast_head_json":{"title":"Programa\u00e7\u00e3o de mergulho em Aruba: Hor\u00e1rios e planos de mergulho semanais - Red Sail Aruba","description":"Explore o Dive Schedule Aruba e planeje suas aventuras subaqu\u00e1ticas! Descubra os melhores pontos de mergulho e hor\u00e1rios para sua viagem.","robots":{"index":"index","follow":"follow","max-snippet":"max-snippet:-1","max-image-preview":"max-image-preview:large","max-video-preview":"max-video-preview:-1"},"canonical":"https:\/\/redsailaruba.com\/pt-br\/programacao-de-mergulho\/","og_locale":"pt_BR","og_type":"article","og_title":"Programa\u00e7\u00e3o de mergulho","og_description":"Explore o Dive Schedule Aruba e planeje suas aventuras subaqu\u00e1ticas! Descubra os melhores pontos de mergulho e hor\u00e1rios para sua viagem.","og_url":"https:\/\/redsailaruba.com\/pt-br\/programacao-de-mergulho\/","og_site_name":"Red Sail Aruba","article_modified_time":"2026-02-19T08:36:07+00:00","og_image":[{"width":1073,"height":934,"url":"https:\/\/redsailaruba.com\/app\/uploads\/2021\/11\/Scuba-academy-3.jpg","type":"image\/jpeg"}],"twitter_card":"summary_large_image","schema":{"@context":"https:\/\/schema.org","@graph":[{"@type":"WebPage","@id":"https:\/\/redsailaruba.com\/pt-br\/programacao-de-mergulho\/","url":"https:\/\/redsailaruba.com\/pt-br\/programacao-de-mergulho\/","name":"Programa\u00e7\u00e3o de mergulho em Aruba: Hor\u00e1rios e planos de mergulho semanais - Red Sail Aruba","isPartOf":{"@id":"https:\/\/redsailaruba.com\/pt-br\/#website"},"primaryImageOfPage":{"@id":"https:\/\/redsailaruba.com\/pt-br\/programacao-de-mergulho\/#primaryimage"},"image":{"@id":"https:\/\/redsailaruba.com\/pt-br\/programacao-de-mergulho\/#primaryimage"},"thumbnailUrl":"https:\/\/redsailaruba.com\/app\/uploads\/2021\/11\/Scuba-academy-3.jpg","datePublished":"2026-01-29T13:37:22+00:00","dateModified":"2026-02-19T08:36:07+00:00","description":"Explore o Dive Schedule Aruba e planeje suas aventuras subaqu\u00e1ticas! Descubra os melhores pontos de mergulho e hor\u00e1rios para sua viagem.","breadcrumb":{"@id":"https:\/\/redsailaruba.com\/pt-br\/programacao-de-mergulho\/#breadcrumb"},"inLanguage":"pt-BR","potentialAction":[{"@type":"ReadAction","target":["https:\/\/redsailaruba.com\/pt-br\/programacao-de-mergulho\/"]}]},{"@type":"ImageObject","inLanguage":"pt-BR","@id":"https:\/\/redsailaruba.com\/pt-br\/programacao-de-mergulho\/#primaryimage","url":"https:\/\/redsailaruba.com\/app\/uploads\/2021\/11\/Scuba-academy-3.jpg","contentUrl":"https:\/\/redsailaruba.com\/app\/uploads\/2021\/11\/Scuba-academy-3.jpg","width":1073,"height":934,"caption":"Um mergulhador com equipamento de mergulho de vela vermelha emergindo pr\u00f3ximo a um catamar\u00e3 com passageiros a bordo."},{"@type":"BreadcrumbList","@id":"https:\/\/redsailaruba.com\/pt-br\/programacao-de-mergulho\/#breadcrumb","itemListElement":[{"@type":"ListItem","position":1,"name":"In\u00edcio","item":"https:\/\/redsailaruba.com\/pt-br\/"},{"@type":"ListItem","position":2,"name":"Programa\u00e7\u00e3o de mergulho"}]},{"@type":"WebSite","@id":"https:\/\/redsailaruba.com\/pt-br\/#website","url":"https:\/\/redsailaruba.com\/pt-br\/","name":"Red Sail Aruba","description":"Os melhores esportes aqu\u00e1ticos, roupas t\u00edpicas e destinos de Aruba.","publisher":{"@id":"https:\/\/redsailaruba.com\/pt-br\/#organization"},"potentialAction":[{"@type":"SearchAction","target":{"@type":"EntryPoint","urlTemplate":"https:\/\/redsailaruba.com\/pt-br\/?s={search_term_string}"},"query-input":{"@type":"PropertyValueSpecification","valueRequired":true,"valueName":"search_term_string"}}],"inLanguage":"pt-BR"},{"@type":"Organization","@id":"https:\/\/redsailaruba.com\/pt-br\/#organization","name":"Red Sail Aruba","url":"https:\/\/redsailaruba.com\/pt-br\/","logo":{"@type":"ImageObject","inLanguage":"pt-BR","@id":"https:\/\/redsailaruba.com\/pt-br\/#\/schema\/logo\/image\/","url":"https:\/\/redsailaruba.com\/app\/uploads\/2026\/02\/rsa-969.png","contentUrl":"https:\/\/redsailaruba.com\/app\/uploads\/2026\/02\/rsa-969.png","width":696,"height":696,"caption":"Red Sail Aruba"},"image":{"@id":"https:\/\/redsailaruba.com\/pt-br\/#\/schema\/logo\/image\/"}}]}},"_links":{"self":[{"href":"https:\/\/redsailaruba.com\/pt-br\/wp-json\/wp\/v2\/pages\/3480","targetHints":{"allow":["GET"]}}],"collection":[{"href":"https:\/\/redsailaruba.com\/pt-br\/wp-json\/wp\/v2\/pages"}],"about":[{"href":"https:\/\/redsailaruba.com\/pt-br\/wp-json\/wp\/v2\/types\/page"}],"author":[{"embeddable":true,"href":"https:\/\/redsailaruba.com\/pt-br\/wp-json\/wp\/v2\/users\/2"}],"replies":[{"embeddable":true,"href":"https:\/\/redsailaruba.com\/pt-br\/wp-json\/wp\/v2\/comments?post=3480"}],"version-history":[{"count":2,"href":"https:\/\/redsailaruba.com\/pt-br\/wp-json\/wp\/v2\/pages\/3480\/revisions"}],"predecessor-version":[{"id":3893,"href":"https:\/\/redsailaruba.com\/pt-br\/wp-json\/wp\/v2\/pages\/3480\/revisions\/3893"}],"wp:featuredmedia":[{"embeddable":true,"href":"https:\/\/redsailaruba.com\/pt-br\/wp-json\/wp\/v2\/media\/3481"}],"wp:attachment":[{"href":"https:\/\/redsailaruba.com\/pt-br\/wp-json\/wp\/v2\/media?parent=3480"}],"curies":[{"name":"wp","href":"https:\/\/api.w.org\/{rel}","templated":true}]}}