{"id":3593,"date":"2026-01-29T14:07:52","date_gmt":"2026-01-29T14:07:52","guid":{"rendered":"https:\/\/redsailaruba.com\/locais-de-mergulho\/"},"modified":"2026-02-19T08:39:30","modified_gmt":"2026-02-19T08:39:30","slug":"locais-de-mergulho","status":"publish","type":"page","link":"https:\/\/redsailaruba.com\/pt-br\/locais-de-mergulho\/","title":{"rendered":"Locais de mergulho"},"content":{"rendered":"\n\n<div class=\"block block-text  my-4 my-lg-6\">\n     <div class=\"container\"> \n        <div class=\"row\">\n            <div class=\"col-12 col-lg-8 mx-auto \">\n                <p><span class=\"inleiding\">Aruba tem muitos locais de mergulho aut\u00f4nomo. Talvez voc\u00ea tenha interesse em visitar <a href=\"https:\/\/www.aruba.com\/us\/things-to-do\/on-the-water\" target=\"_blank\" rel=\"noopener\">a p\u00e1gina do site de mergulho de Aruba<\/a> para obter mais locais de mergulho. Tamb\u00e9m listamos alguns locais abaixo:  <\/span><\/p>\n<h2>Naufr\u00e1gio de Antilla<\/h2>\n<p>Esse cargueiro alem\u00e3o foi afundado em 10 de maio de 1940, quando os alem\u00e3es invadiram a Holanda durante a Segunda Guerra Mundial, e \u00e9 um dos maiores naufr\u00e1gios do Caribe (400 p\u00e9s de comprimento). Coberto por esponjas tubulares, forma\u00e7\u00f5es de corais e peixes tropicais.   <a href=\"https:\/\/redsailaruba.com\/pt-br\/catamaran-sails\/navegacao-com-snorkel-em-antilla\/\">Leia mais sobre o naufr\u00e1gio do Antilla.<\/a><\/p>\n<h2>Avi\u00e3o Arashi<\/h2>\n<p>Um recife fascinante para iniciantes. Um Lockheed Lodestar afundado fica a 35 p\u00e9s de \u00e1gua. Forma\u00e7\u00f5es de corais, papagaios e peixes-anjo cercam os destro\u00e7os do avi\u00e3o.  <\/p>\n<h2>Malmok e Debbie<\/h2>\n<p>Nesse recife de fundo t\u00edpico, voc\u00ea encontrar\u00e1 corais-c\u00e9rebro e folhas amplamente espalhados. Arraias e lagostas s\u00e3o vistas ocasionalmente nesse local. Em 1992, uma barca\u00e7a de combust\u00edvel de 120 p\u00e9s foi afundada como uma atra\u00e7\u00e3o adicional.  <\/p>\n<h2>Estrela Gerren<\/h2>\n<p>Afundado em agosto de 2000, este \u00e9 o mais novo local de naufr\u00e1gio de Aruba! Voc\u00ea pode encontrar cardumes de peixes que j\u00e1 descobriram o local &#8211; Blue Striped, French Grunt, Blue Tang, Yellow Tail, Snapper e Yellow Goatfish. <\/p>\n<h2>Pedernalis<\/h2>\n<p>Um para\u00edso para iniciantes que oferece uma combina\u00e7\u00e3o de grandes peda\u00e7os de destro\u00e7os espalhados entre forma\u00e7\u00f5es de coral. Voc\u00ea pode ver se\u00e7\u00f5es de cabines, lavat\u00f3rios, etc., bem como um sistema de tubula\u00e7\u00e3o que acompanha esse petroleiro que foi torpedeado em 1942 durante a Segunda Guerra Mundial por um submarino alem\u00e3o. <a href=\"https:\/\/redsailaruba.com\/pt-br\/diving\/snorkel-pedernalis-um-tanque\/\">Leia mais sobre nossa experi\u00eancia de snorkel em Pedernalis<\/a>. <\/p>\n<h2>Recife do porto \/ barco-piloto<\/h2>\n<p>O recife consiste em forma\u00e7\u00f5es de coral macio e coral duro e desce gradualmente at\u00e9 um antigo barco piloto naufragado, onde um par de moreias verdes \u00e9 visto com frequ\u00eancia.<\/p>\n<h2>Avi\u00e3o renascentista<\/h2>\n<p>Mergulhe neste naufr\u00e1gio do Convair 400. O avi\u00e3o foi afundado em um recife inclinado cercado por corais macios. <\/p>\n<h2>Recife de esponja<\/h2>\n<p>Lar dos corais moles, que v\u00e3o desde as esponjas de orelha de elefante laranja at\u00e9 as esponjas tubulares roxas e amarelas. Tamb\u00e9m h\u00e1 muitas esponjas de vaso e de cesta pequena. <\/p>\n<h2>Recife de pneus<\/h2>\n<p>Coral negro, sea whips, sea fingers e muitas gorg\u00f4nias e leques marinhos. A moreia verde e as raias \u00e1guia s\u00e3o vistas ocasionalmente aqui. <\/p>\n<h2>Recife de Barcadera<\/h2>\n<p>Um recife saud\u00e1vel e bonito, muito denso com grandes forma\u00e7\u00f5es de coral. Muitos corais-c\u00e9rebro e uma abund\u00e2ncia de enormes leques marinhos na parte rasa. <a href=\"https:\/\/redsailaruba.com\/pt-br\/activities\/aventura-no-recife-de-barcadera\/\">Confira nossa aventura no Recife Barcadera<\/a>! <\/p>\n<h2>Recife de Kantil<\/h2>\n<p>Fascinante queda com pedras gigantes de coral c\u00e9rebro e coral estrela. Voc\u00ea tamb\u00e9m encontrar\u00e1 muitas forma\u00e7\u00f5es maci\u00e7as de corais folha e folha. Excelente para mergulho \u00e0 deriva.  <\/p>\n<h2>Skalahein<\/h2>\n<p>Lindas forma\u00e7\u00f5es de coral, muito coloridas, muitas esponjas. Uma grande variedade de peixes tropicais. Esse \u00e9 um bom mergulho raso.  <\/p>\n<h2>Jane Sea Wreck<\/h2>\n<p>Um cargueiro de cimento de 250 p\u00e9s de comprimento, parado no fundo em 90 p\u00e9s de \u00e1gua. O naufr\u00e1gio \u00e9 cercado por belas forma\u00e7\u00f5es de coral. Nesse local, voc\u00ea encontrar\u00e1 muitos peixes-anjo e peixes tropicais em cardume dentro e ao redor do naufr\u00e1gio.  <\/p>\n<h2>Plonco Reef<\/h2>\n<p>Entre um grande recife, voc\u00ea tem a chance de encontrar grandes lagostas, que vasculham o fundo do oceano em busca de algo para comer.<\/p>\n<h2>De Palm Slope<\/h2>\n<p>Magn\u00edficas forma\u00e7\u00f5es de corais, que se inclinam para grandes profundidades. Muito conhecido pelas barracudas. <\/p>\n<h2>Escolha do capit\u00e3o<\/h2>\n<p>Esse local consiste em uma queda legal com enormes corais c\u00e9rebro e estrela e leques marinhos que descem a encosta at\u00e9 o fundo. As moreias pintadas s\u00e3o muito comuns nesse local. <\/p>\n<h2>O dedo<\/h2>\n<p>O recife surge como um dedo apontando para as \u00e1guas profundas. Belas forma\u00e7\u00f5es de coral, leques marinhos na areia ao redor do dedo. As tartarugas s\u00e3o vistas com frequ\u00eancia nesse local de mergulho.  <\/p>\n<h2>Recife do Mike<\/h2>\n<p>Enormes aglomerados de gorg\u00f4nias, corais c\u00e9rebro e estrela dominam o Mike&#8217;s Reef. Esponjas roxas e laranjas brilhantes, bem como uma grande variedade de peixes, habitam esse recife. <\/p>\n<h2>Recife de Mangel Halto<\/h2>\n<p>Um declive acentuado d\u00e1 a voc\u00ea a oportunidade de admirar uma infinidade de combina\u00e7\u00f5es de corais e vida marinha. Voc\u00ea ver\u00e1 uma vida marinha interessante, como an\u00eamonas-do-mar e polvos. <\/p>\n<h2>Recife da Lagoa Espanhola<\/h2>\n<p>Lindo local de mergulho com muita variedade de corais moles, grandes corais cerebrais e diferentes tipos de pargos.<\/p>\n<h2>Recife da Ilha de Oro<\/h2>\n<p>A parte rasa do recife oferece muitos peixes juvenis diferentes, seguida pela parte mais profunda, com belas forma\u00e7\u00f5es de coral.<\/p>\n            <\/div>\n        <\/div>\n        \n                <\/div> <\/div>","protected":false},"excerpt":{"rendered":"","protected":false},"author":1,"featured_media":3342,"parent":0,"menu_order":0,"comment_status":"closed","ping_status":"closed","template":"","meta":{"_acf_changed":false,"footnotes":""},"class_list":["post-3593","page","type-page","status-publish","has-post-thumbnail","hentry"],"acf":[],"yoast_head":"<!-- This site is optimized with the Yoast SEO Premium plugin v27.3 (Yoast SEO v27.3) - https:\/\/yoast.com\/product\/yoast-seo-premium-wordpress\/ -->\n<title>Locais de mergulho em Aruba: Principais pontos para aventuras subaqu\u00e1ticas - Red Sail Aruba<\/title>\n<meta name=\"description\" content=\"Explore os melhores pontos de mergulho de Aruba, com vida marinha diversificada e naufr\u00e1gios emocionantes, como o Antilla Wreck.\" \/>\n<meta name=\"robots\" content=\"index, follow, max-snippet:-1, max-image-preview:large, max-video-preview:-1\" \/>\n<link rel=\"canonical\" href=\"https:\/\/redsailaruba.com\/pt-br\/locais-de-mergulho\/\" \/>\n<meta property=\"og:locale\" content=\"pt_BR\" \/>\n<meta property=\"og:type\" content=\"article\" \/>\n<meta property=\"og:title\" content=\"Locais de mergulho\" \/>\n<meta property=\"og:description\" content=\"Explore os melhores pontos de mergulho de Aruba, com vida marinha diversificada e naufr\u00e1gios emocionantes, como o Antilla Wreck.\" \/>\n<meta property=\"og:url\" content=\"https:\/\/redsailaruba.com\/pt-br\/locais-de-mergulho\/\" \/>\n<meta property=\"og:site_name\" content=\"Red Sail Aruba\" \/>\n<meta property=\"article:modified_time\" content=\"2026-02-19T08:39:30+00:00\" \/>\n<meta property=\"og:image\" content=\"https:\/\/redsailaruba.com\/app\/uploads\/2021\/11\/redsail-aruba-dive-6.webp\" \/>\n\t<meta property=\"og:image:width\" content=\"1280\" \/>\n\t<meta property=\"og:image:height\" content=\"854\" \/>\n\t<meta property=\"og:image:type\" content=\"image\/webp\" \/>\n<meta name=\"twitter:card\" content=\"summary_large_image\" \/>\n<script type=\"application\/ld+json\" class=\"yoast-schema-graph\">{\"@context\":\"https:\\\/\\\/schema.org\",\"@graph\":[{\"@type\":\"WebPage\",\"@id\":\"https:\\\/\\\/redsailaruba.com\\\/pt-br\\\/locais-de-mergulho\\\/\",\"url\":\"https:\\\/\\\/redsailaruba.com\\\/pt-br\\\/locais-de-mergulho\\\/\",\"name\":\"Locais de mergulho em Aruba: Principais pontos para aventuras subaqu\u00e1ticas - Red Sail Aruba\",\"isPartOf\":{\"@id\":\"https:\\\/\\\/redsailaruba.com\\\/pt-br\\\/#website\"},\"primaryImageOfPage\":{\"@id\":\"https:\\\/\\\/redsailaruba.com\\\/pt-br\\\/locais-de-mergulho\\\/#primaryimage\"},\"image\":{\"@id\":\"https:\\\/\\\/redsailaruba.com\\\/pt-br\\\/locais-de-mergulho\\\/#primaryimage\"},\"thumbnailUrl\":\"https:\\\/\\\/redsailaruba.com\\\/app\\\/uploads\\\/2021\\\/11\\\/redsail-aruba-dive-6.webp\",\"datePublished\":\"2026-01-29T14:07:52+00:00\",\"dateModified\":\"2026-02-19T08:39:30+00:00\",\"description\":\"Explore os melhores pontos de mergulho de Aruba, com vida marinha diversificada e naufr\u00e1gios emocionantes, como o Antilla Wreck.\",\"breadcrumb\":{\"@id\":\"https:\\\/\\\/redsailaruba.com\\\/pt-br\\\/locais-de-mergulho\\\/#breadcrumb\"},\"inLanguage\":\"pt-BR\",\"potentialAction\":[{\"@type\":\"ReadAction\",\"target\":[\"https:\\\/\\\/redsailaruba.com\\\/pt-br\\\/locais-de-mergulho\\\/\"]}]},{\"@type\":\"ImageObject\",\"inLanguage\":\"pt-BR\",\"@id\":\"https:\\\/\\\/redsailaruba.com\\\/pt-br\\\/locais-de-mergulho\\\/#primaryimage\",\"url\":\"https:\\\/\\\/redsailaruba.com\\\/app\\\/uploads\\\/2021\\\/11\\\/redsail-aruba-dive-6.webp\",\"contentUrl\":\"https:\\\/\\\/redsailaruba.com\\\/app\\\/uploads\\\/2021\\\/11\\\/redsail-aruba-dive-6.webp\",\"width\":1280,\"height\":854,\"caption\":\"Um mergulhador da Red Sail Aruba silhueta debaixo d'\u00e1gua contra a \u00e1gua azul.\"},{\"@type\":\"BreadcrumbList\",\"@id\":\"https:\\\/\\\/redsailaruba.com\\\/pt-br\\\/locais-de-mergulho\\\/#breadcrumb\",\"itemListElement\":[{\"@type\":\"ListItem\",\"position\":1,\"name\":\"In\u00edcio\",\"item\":\"https:\\\/\\\/redsailaruba.com\\\/pt-br\\\/\"},{\"@type\":\"ListItem\",\"position\":2,\"name\":\"Locais de mergulho\"}]},{\"@type\":\"WebSite\",\"@id\":\"https:\\\/\\\/redsailaruba.com\\\/pt-br\\\/#website\",\"url\":\"https:\\\/\\\/redsailaruba.com\\\/pt-br\\\/\",\"name\":\"Red Sail Aruba\",\"description\":\"Os melhores esportes aqu\u00e1ticos, roupas t\u00edpicas e destinos de Aruba.\",\"publisher\":{\"@id\":\"https:\\\/\\\/redsailaruba.com\\\/pt-br\\\/#organization\"},\"potentialAction\":[{\"@type\":\"SearchAction\",\"target\":{\"@type\":\"EntryPoint\",\"urlTemplate\":\"https:\\\/\\\/redsailaruba.com\\\/pt-br\\\/?s={search_term_string}\"},\"query-input\":{\"@type\":\"PropertyValueSpecification\",\"valueRequired\":true,\"valueName\":\"search_term_string\"}}],\"inLanguage\":\"pt-BR\"},{\"@type\":\"Organization\",\"@id\":\"https:\\\/\\\/redsailaruba.com\\\/pt-br\\\/#organization\",\"name\":\"Red Sail Aruba\",\"url\":\"https:\\\/\\\/redsailaruba.com\\\/pt-br\\\/\",\"logo\":{\"@type\":\"ImageObject\",\"inLanguage\":\"pt-BR\",\"@id\":\"https:\\\/\\\/redsailaruba.com\\\/pt-br\\\/#\\\/schema\\\/logo\\\/image\\\/\",\"url\":\"https:\\\/\\\/redsailaruba.com\\\/app\\\/uploads\\\/2026\\\/02\\\/rsa-969.png\",\"contentUrl\":\"https:\\\/\\\/redsailaruba.com\\\/app\\\/uploads\\\/2026\\\/02\\\/rsa-969.png\",\"width\":696,\"height\":696,\"caption\":\"Red Sail Aruba\"},\"image\":{\"@id\":\"https:\\\/\\\/redsailaruba.com\\\/pt-br\\\/#\\\/schema\\\/logo\\\/image\\\/\"}}]}<\/script>\n<!-- \/ Yoast SEO Premium plugin. -->","yoast_head_json":{"title":"Locais de mergulho em Aruba: Principais pontos para aventuras subaqu\u00e1ticas - Red Sail Aruba","description":"Explore os melhores pontos de mergulho de Aruba, com vida marinha diversificada e naufr\u00e1gios emocionantes, como o Antilla Wreck.","robots":{"index":"index","follow":"follow","max-snippet":"max-snippet:-1","max-image-preview":"max-image-preview:large","max-video-preview":"max-video-preview:-1"},"canonical":"https:\/\/redsailaruba.com\/pt-br\/locais-de-mergulho\/","og_locale":"pt_BR","og_type":"article","og_title":"Locais de mergulho","og_description":"Explore os melhores pontos de mergulho de Aruba, com vida marinha diversificada e naufr\u00e1gios emocionantes, como o Antilla Wreck.","og_url":"https:\/\/redsailaruba.com\/pt-br\/locais-de-mergulho\/","og_site_name":"Red Sail Aruba","article_modified_time":"2026-02-19T08:39:30+00:00","og_image":[{"width":1280,"height":854,"url":"https:\/\/redsailaruba.com\/app\/uploads\/2021\/11\/redsail-aruba-dive-6.webp","type":"image\/webp"}],"twitter_card":"summary_large_image","schema":{"@context":"https:\/\/schema.org","@graph":[{"@type":"WebPage","@id":"https:\/\/redsailaruba.com\/pt-br\/locais-de-mergulho\/","url":"https:\/\/redsailaruba.com\/pt-br\/locais-de-mergulho\/","name":"Locais de mergulho em Aruba: Principais pontos para aventuras subaqu\u00e1ticas - Red Sail Aruba","isPartOf":{"@id":"https:\/\/redsailaruba.com\/pt-br\/#website"},"primaryImageOfPage":{"@id":"https:\/\/redsailaruba.com\/pt-br\/locais-de-mergulho\/#primaryimage"},"image":{"@id":"https:\/\/redsailaruba.com\/pt-br\/locais-de-mergulho\/#primaryimage"},"thumbnailUrl":"https:\/\/redsailaruba.com\/app\/uploads\/2021\/11\/redsail-aruba-dive-6.webp","datePublished":"2026-01-29T14:07:52+00:00","dateModified":"2026-02-19T08:39:30+00:00","description":"Explore os melhores pontos de mergulho de Aruba, com vida marinha diversificada e naufr\u00e1gios emocionantes, como o Antilla Wreck.","breadcrumb":{"@id":"https:\/\/redsailaruba.com\/pt-br\/locais-de-mergulho\/#breadcrumb"},"inLanguage":"pt-BR","potentialAction":[{"@type":"ReadAction","target":["https:\/\/redsailaruba.com\/pt-br\/locais-de-mergulho\/"]}]},{"@type":"ImageObject","inLanguage":"pt-BR","@id":"https:\/\/redsailaruba.com\/pt-br\/locais-de-mergulho\/#primaryimage","url":"https:\/\/redsailaruba.com\/app\/uploads\/2021\/11\/redsail-aruba-dive-6.webp","contentUrl":"https:\/\/redsailaruba.com\/app\/uploads\/2021\/11\/redsail-aruba-dive-6.webp","width":1280,"height":854,"caption":"Um mergulhador da Red Sail Aruba silhueta debaixo d'\u00e1gua contra a \u00e1gua azul."},{"@type":"BreadcrumbList","@id":"https:\/\/redsailaruba.com\/pt-br\/locais-de-mergulho\/#breadcrumb","itemListElement":[{"@type":"ListItem","position":1,"name":"In\u00edcio","item":"https:\/\/redsailaruba.com\/pt-br\/"},{"@type":"ListItem","position":2,"name":"Locais de mergulho"}]},{"@type":"WebSite","@id":"https:\/\/redsailaruba.com\/pt-br\/#website","url":"https:\/\/redsailaruba.com\/pt-br\/","name":"Red Sail Aruba","description":"Os melhores esportes aqu\u00e1ticos, roupas t\u00edpicas e destinos de Aruba.","publisher":{"@id":"https:\/\/redsailaruba.com\/pt-br\/#organization"},"potentialAction":[{"@type":"SearchAction","target":{"@type":"EntryPoint","urlTemplate":"https:\/\/redsailaruba.com\/pt-br\/?s={search_term_string}"},"query-input":{"@type":"PropertyValueSpecification","valueRequired":true,"valueName":"search_term_string"}}],"inLanguage":"pt-BR"},{"@type":"Organization","@id":"https:\/\/redsailaruba.com\/pt-br\/#organization","name":"Red Sail Aruba","url":"https:\/\/redsailaruba.com\/pt-br\/","logo":{"@type":"ImageObject","inLanguage":"pt-BR","@id":"https:\/\/redsailaruba.com\/pt-br\/#\/schema\/logo\/image\/","url":"https:\/\/redsailaruba.com\/app\/uploads\/2026\/02\/rsa-969.png","contentUrl":"https:\/\/redsailaruba.com\/app\/uploads\/2026\/02\/rsa-969.png","width":696,"height":696,"caption":"Red Sail Aruba"},"image":{"@id":"https:\/\/redsailaruba.com\/pt-br\/#\/schema\/logo\/image\/"}}]}},"_links":{"self":[{"href":"https:\/\/redsailaruba.com\/pt-br\/wp-json\/wp\/v2\/pages\/3593","targetHints":{"allow":["GET"]}}],"collection":[{"href":"https:\/\/redsailaruba.com\/pt-br\/wp-json\/wp\/v2\/pages"}],"about":[{"href":"https:\/\/redsailaruba.com\/pt-br\/wp-json\/wp\/v2\/types\/page"}],"author":[{"embeddable":true,"href":"https:\/\/redsailaruba.com\/pt-br\/wp-json\/wp\/v2\/users\/1"}],"replies":[{"embeddable":true,"href":"https:\/\/redsailaruba.com\/pt-br\/wp-json\/wp\/v2\/comments?post=3593"}],"version-history":[{"count":2,"href":"https:\/\/redsailaruba.com\/pt-br\/wp-json\/wp\/v2\/pages\/3593\/revisions"}],"predecessor-version":[{"id":3896,"href":"https:\/\/redsailaruba.com\/pt-br\/wp-json\/wp\/v2\/pages\/3593\/revisions\/3896"}],"wp:featuredmedia":[{"embeddable":true,"href":"https:\/\/redsailaruba.com\/pt-br\/wp-json\/wp\/v2\/media\/3342"}],"wp:attachment":[{"href":"https:\/\/redsailaruba.com\/pt-br\/wp-json\/wp\/v2\/media?parent=3593"}],"curies":[{"name":"wp","href":"https:\/\/api.w.org\/{rel}","templated":true}]}}