{"id":3603,"date":"2026-01-29T14:11:08","date_gmt":"2026-01-29T14:11:08","guid":{"rendered":"https:\/\/redsailaruba.com\/boutiques-de-varejo\/"},"modified":"2026-02-19T08:42:53","modified_gmt":"2026-02-19T08:42:53","slug":"boutiques-de-varejo","status":"publish","type":"page","link":"https:\/\/redsailaruba.com\/pt-br\/boutiques-de-varejo\/","title":{"rendered":"Boutiques de varejo"},"content":{"rendered":"\n\n<div class=\"block block-text  my-4 my-lg-6\">\n     <div class=\"container\"> \n        <div class=\"row\">\n            <div class=\"col-12 col-lg-8 mx-auto \">\n                <p>N\u00e3o importa se voc\u00ea est\u00e1 procurando um conjunto atraente, um presente perfeito, \u00f3culos de sol, acess\u00f3rios ou itens para se divertir nas f\u00e9rias ao sol. As butiques da Red Sail t\u00eam exatamente o que voc\u00ea est\u00e1 procurando! Desde trajes esportivos descontra\u00eddos e atraentes, trajes de banho lisonjeiros, lindas capas, bolsas e outros acess\u00f3rios atraentes de todas as descri\u00e7\u00f5es e estilos, perfeitos para qualquer mulher, cavalheiro e crian\u00e7as. Para sua conveni\u00eancia, estamos localizados nos seguintes locais:   <\/p>\n<p><strong>Marriott Stellaris<\/strong><br \/>\nResort moderno, roupas de banho e uma butique de presentes. Localizada no sagu\u00e3o principal, aberta todos os dias das 9h \u00e0s 21h. <\/p>\n<p><strong>Hyatt Regency<\/strong><br \/>\nBoutique moderna de resorts, roupas de banho e presentes: -Localizada no piso principal do sagu\u00e3o, aberta todos os dias das 9h \u00e0s 21h.<\/p>\n<p><strong>Hyatt Regency<\/strong><br \/>\nBoutique de roupas de banho e acess\u00f3rios de luxo: Localizada no piso principal do sagu\u00e3o, aberta todos os dias das 9h \u00e0s 18h.<\/p>\n<p><strong>Embassy Suites<\/strong><br \/>\nBoutique moderna de resort e roupas de banho, presentes e conveni\u00eancia &#8211; Localizada no piso principal do lobby, aberta todos os dias das 9h \u00e0s 21h.<\/p>\n<p><strong>La Cabana Beach Resort<\/strong><br \/>\nBoutique moderna de resort, roupas de banho e presentes, aberta diariamente das 9h \u00e0s 18h.<\/p>\n<p><strong>JOIA Iberostar Grand<\/strong><br \/>\nBoutique moderna de resort e roupas de banho, presentes e conveni\u00eancia &#8211; Localizada no piso principal do lobby, aberta todos os dias das 9h \u00e0s 21h.<\/p>\n<p><strong>Manchebo Beach Resort<\/strong><br \/>\nBoutique moderna de resort, roupas de banho e presentes, aberta diariamente das 9h \u00e0s 18h.<\/p>\n<p><strong>Renaissance Private Island Resort<\/strong><br \/>\nBoutique moderna de resort, roupas de banho e presentes, aberta diariamente das 9h \u00e0s 17h30min.<\/p>\n            <\/div>\n        <\/div>\n        \n                <\/div> <\/div>","protected":false},"excerpt":{"rendered":"","protected":false},"author":1,"featured_media":3604,"parent":0,"menu_order":0,"comment_status":"closed","ping_status":"closed","template":"","meta":{"_acf_changed":false,"footnotes":""},"class_list":["post-3603","page","type-page","status-publish","has-post-thumbnail","hentry"],"acf":[],"yoast_head":"<!-- This site is optimized with the Yoast SEO Premium plugin v27.3 (Yoast SEO v27.3) - https:\/\/yoast.com\/product\/yoast-seo-premium-wordpress\/ -->\n<title>Boutiques de varejo em Aruba: Seu destino de compras - Red Sail Aruba<\/title>\n<meta name=\"description\" content=\"Encontre as melhores butiques de varejo de Aruba para roupas casuais, equipamentos de praia e presentes exclusivos. Convenientemente localizadas nos principais resorts.\" \/>\n<meta name=\"robots\" content=\"index, follow, max-snippet:-1, max-image-preview:large, max-video-preview:-1\" \/>\n<link rel=\"canonical\" href=\"https:\/\/redsailaruba.com\/pt-br\/boutiques-de-varejo\/\" \/>\n<meta property=\"og:locale\" content=\"pt_BR\" \/>\n<meta property=\"og:type\" content=\"article\" \/>\n<meta property=\"og:title\" content=\"Boutiques de varejo\" \/>\n<meta property=\"og:description\" content=\"Encontre as melhores butiques de varejo de Aruba para roupas casuais, equipamentos de praia e presentes exclusivos. Convenientemente localizadas nos principais resorts.\" \/>\n<meta property=\"og:url\" content=\"https:\/\/redsailaruba.com\/pt-br\/boutiques-de-varejo\/\" \/>\n<meta property=\"og:site_name\" content=\"Red Sail Aruba\" \/>\n<meta property=\"article:modified_time\" content=\"2026-02-19T08:42:53+00:00\" \/>\n<meta property=\"og:image\" content=\"https:\/\/redsailaruba.com\/app\/uploads\/2026\/01\/2025112735-bathing-suits-boutiques-01.jpg\" \/>\n\t<meta property=\"og:image:width\" content=\"600\" \/>\n\t<meta property=\"og:image:height\" content=\"824\" \/>\n\t<meta property=\"og:image:type\" content=\"image\/jpeg\" \/>\n<meta name=\"twitter:card\" content=\"summary_large_image\" \/>\n<script type=\"application\/ld+json\" class=\"yoast-schema-graph\">{\"@context\":\"https:\\\/\\\/schema.org\",\"@graph\":[{\"@type\":\"WebPage\",\"@id\":\"https:\\\/\\\/redsailaruba.com\\\/pt-br\\\/boutiques-de-varejo\\\/\",\"url\":\"https:\\\/\\\/redsailaruba.com\\\/pt-br\\\/boutiques-de-varejo\\\/\",\"name\":\"Boutiques de varejo em Aruba: Seu destino de compras - Red Sail Aruba\",\"isPartOf\":{\"@id\":\"https:\\\/\\\/redsailaruba.com\\\/pt-br\\\/#website\"},\"primaryImageOfPage\":{\"@id\":\"https:\\\/\\\/redsailaruba.com\\\/pt-br\\\/boutiques-de-varejo\\\/#primaryimage\"},\"image\":{\"@id\":\"https:\\\/\\\/redsailaruba.com\\\/pt-br\\\/boutiques-de-varejo\\\/#primaryimage\"},\"thumbnailUrl\":\"https:\\\/\\\/redsailaruba.com\\\/app\\\/uploads\\\/2026\\\/01\\\/2025112735-bathing-suits-boutiques-01.jpg\",\"datePublished\":\"2026-01-29T14:11:08+00:00\",\"dateModified\":\"2026-02-19T08:42:53+00:00\",\"description\":\"Encontre as melhores butiques de varejo de Aruba para roupas casuais, equipamentos de praia e presentes exclusivos. Convenientemente localizadas nos principais resorts.\",\"breadcrumb\":{\"@id\":\"https:\\\/\\\/redsailaruba.com\\\/pt-br\\\/boutiques-de-varejo\\\/#breadcrumb\"},\"inLanguage\":\"pt-BR\",\"potentialAction\":[{\"@type\":\"ReadAction\",\"target\":[\"https:\\\/\\\/redsailaruba.com\\\/pt-br\\\/boutiques-de-varejo\\\/\"]}]},{\"@type\":\"ImageObject\",\"inLanguage\":\"pt-BR\",\"@id\":\"https:\\\/\\\/redsailaruba.com\\\/pt-br\\\/boutiques-de-varejo\\\/#primaryimage\",\"url\":\"https:\\\/\\\/redsailaruba.com\\\/app\\\/uploads\\\/2026\\\/01\\\/2025112735-bathing-suits-boutiques-01.jpg\",\"contentUrl\":\"https:\\\/\\\/redsailaruba.com\\\/app\\\/uploads\\\/2026\\\/01\\\/2025112735-bathing-suits-boutiques-01.jpg\",\"width\":600,\"height\":824,\"caption\":\"A girl in a brown bikini\"},{\"@type\":\"BreadcrumbList\",\"@id\":\"https:\\\/\\\/redsailaruba.com\\\/pt-br\\\/boutiques-de-varejo\\\/#breadcrumb\",\"itemListElement\":[{\"@type\":\"ListItem\",\"position\":1,\"name\":\"In\u00edcio\",\"item\":\"https:\\\/\\\/redsailaruba.com\\\/pt-br\\\/\"},{\"@type\":\"ListItem\",\"position\":2,\"name\":\"Boutiques de varejo\"}]},{\"@type\":\"WebSite\",\"@id\":\"https:\\\/\\\/redsailaruba.com\\\/pt-br\\\/#website\",\"url\":\"https:\\\/\\\/redsailaruba.com\\\/pt-br\\\/\",\"name\":\"Red Sail Aruba\",\"description\":\"Os melhores esportes aqu\u00e1ticos, roupas t\u00edpicas e destinos de Aruba.\",\"publisher\":{\"@id\":\"https:\\\/\\\/redsailaruba.com\\\/pt-br\\\/#organization\"},\"potentialAction\":[{\"@type\":\"SearchAction\",\"target\":{\"@type\":\"EntryPoint\",\"urlTemplate\":\"https:\\\/\\\/redsailaruba.com\\\/pt-br\\\/?s={search_term_string}\"},\"query-input\":{\"@type\":\"PropertyValueSpecification\",\"valueRequired\":true,\"valueName\":\"search_term_string\"}}],\"inLanguage\":\"pt-BR\"},{\"@type\":\"Organization\",\"@id\":\"https:\\\/\\\/redsailaruba.com\\\/pt-br\\\/#organization\",\"name\":\"Red Sail Aruba\",\"url\":\"https:\\\/\\\/redsailaruba.com\\\/pt-br\\\/\",\"logo\":{\"@type\":\"ImageObject\",\"inLanguage\":\"pt-BR\",\"@id\":\"https:\\\/\\\/redsailaruba.com\\\/pt-br\\\/#\\\/schema\\\/logo\\\/image\\\/\",\"url\":\"https:\\\/\\\/redsailaruba.com\\\/app\\\/uploads\\\/2026\\\/02\\\/rsa-969.png\",\"contentUrl\":\"https:\\\/\\\/redsailaruba.com\\\/app\\\/uploads\\\/2026\\\/02\\\/rsa-969.png\",\"width\":696,\"height\":696,\"caption\":\"Red Sail Aruba\"},\"image\":{\"@id\":\"https:\\\/\\\/redsailaruba.com\\\/pt-br\\\/#\\\/schema\\\/logo\\\/image\\\/\"}}]}<\/script>\n<!-- \/ Yoast SEO Premium plugin. -->","yoast_head_json":{"title":"Boutiques de varejo em Aruba: Seu destino de compras - Red Sail Aruba","description":"Encontre as melhores butiques de varejo de Aruba para roupas casuais, equipamentos de praia e presentes exclusivos. Convenientemente localizadas nos principais resorts.","robots":{"index":"index","follow":"follow","max-snippet":"max-snippet:-1","max-image-preview":"max-image-preview:large","max-video-preview":"max-video-preview:-1"},"canonical":"https:\/\/redsailaruba.com\/pt-br\/boutiques-de-varejo\/","og_locale":"pt_BR","og_type":"article","og_title":"Boutiques de varejo","og_description":"Encontre as melhores butiques de varejo de Aruba para roupas casuais, equipamentos de praia e presentes exclusivos. Convenientemente localizadas nos principais resorts.","og_url":"https:\/\/redsailaruba.com\/pt-br\/boutiques-de-varejo\/","og_site_name":"Red Sail Aruba","article_modified_time":"2026-02-19T08:42:53+00:00","og_image":[{"width":600,"height":824,"url":"https:\/\/redsailaruba.com\/app\/uploads\/2026\/01\/2025112735-bathing-suits-boutiques-01.jpg","type":"image\/jpeg"}],"twitter_card":"summary_large_image","schema":{"@context":"https:\/\/schema.org","@graph":[{"@type":"WebPage","@id":"https:\/\/redsailaruba.com\/pt-br\/boutiques-de-varejo\/","url":"https:\/\/redsailaruba.com\/pt-br\/boutiques-de-varejo\/","name":"Boutiques de varejo em Aruba: Seu destino de compras - Red Sail Aruba","isPartOf":{"@id":"https:\/\/redsailaruba.com\/pt-br\/#website"},"primaryImageOfPage":{"@id":"https:\/\/redsailaruba.com\/pt-br\/boutiques-de-varejo\/#primaryimage"},"image":{"@id":"https:\/\/redsailaruba.com\/pt-br\/boutiques-de-varejo\/#primaryimage"},"thumbnailUrl":"https:\/\/redsailaruba.com\/app\/uploads\/2026\/01\/2025112735-bathing-suits-boutiques-01.jpg","datePublished":"2026-01-29T14:11:08+00:00","dateModified":"2026-02-19T08:42:53+00:00","description":"Encontre as melhores butiques de varejo de Aruba para roupas casuais, equipamentos de praia e presentes exclusivos. Convenientemente localizadas nos principais resorts.","breadcrumb":{"@id":"https:\/\/redsailaruba.com\/pt-br\/boutiques-de-varejo\/#breadcrumb"},"inLanguage":"pt-BR","potentialAction":[{"@type":"ReadAction","target":["https:\/\/redsailaruba.com\/pt-br\/boutiques-de-varejo\/"]}]},{"@type":"ImageObject","inLanguage":"pt-BR","@id":"https:\/\/redsailaruba.com\/pt-br\/boutiques-de-varejo\/#primaryimage","url":"https:\/\/redsailaruba.com\/app\/uploads\/2026\/01\/2025112735-bathing-suits-boutiques-01.jpg","contentUrl":"https:\/\/redsailaruba.com\/app\/uploads\/2026\/01\/2025112735-bathing-suits-boutiques-01.jpg","width":600,"height":824,"caption":"A girl in a brown bikini"},{"@type":"BreadcrumbList","@id":"https:\/\/redsailaruba.com\/pt-br\/boutiques-de-varejo\/#breadcrumb","itemListElement":[{"@type":"ListItem","position":1,"name":"In\u00edcio","item":"https:\/\/redsailaruba.com\/pt-br\/"},{"@type":"ListItem","position":2,"name":"Boutiques de varejo"}]},{"@type":"WebSite","@id":"https:\/\/redsailaruba.com\/pt-br\/#website","url":"https:\/\/redsailaruba.com\/pt-br\/","name":"Red Sail Aruba","description":"Os melhores esportes aqu\u00e1ticos, roupas t\u00edpicas e destinos de Aruba.","publisher":{"@id":"https:\/\/redsailaruba.com\/pt-br\/#organization"},"potentialAction":[{"@type":"SearchAction","target":{"@type":"EntryPoint","urlTemplate":"https:\/\/redsailaruba.com\/pt-br\/?s={search_term_string}"},"query-input":{"@type":"PropertyValueSpecification","valueRequired":true,"valueName":"search_term_string"}}],"inLanguage":"pt-BR"},{"@type":"Organization","@id":"https:\/\/redsailaruba.com\/pt-br\/#organization","name":"Red Sail Aruba","url":"https:\/\/redsailaruba.com\/pt-br\/","logo":{"@type":"ImageObject","inLanguage":"pt-BR","@id":"https:\/\/redsailaruba.com\/pt-br\/#\/schema\/logo\/image\/","url":"https:\/\/redsailaruba.com\/app\/uploads\/2026\/02\/rsa-969.png","contentUrl":"https:\/\/redsailaruba.com\/app\/uploads\/2026\/02\/rsa-969.png","width":696,"height":696,"caption":"Red Sail Aruba"},"image":{"@id":"https:\/\/redsailaruba.com\/pt-br\/#\/schema\/logo\/image\/"}}]}},"_links":{"self":[{"href":"https:\/\/redsailaruba.com\/pt-br\/wp-json\/wp\/v2\/pages\/3603","targetHints":{"allow":["GET"]}}],"collection":[{"href":"https:\/\/redsailaruba.com\/pt-br\/wp-json\/wp\/v2\/pages"}],"about":[{"href":"https:\/\/redsailaruba.com\/pt-br\/wp-json\/wp\/v2\/types\/page"}],"author":[{"embeddable":true,"href":"https:\/\/redsailaruba.com\/pt-br\/wp-json\/wp\/v2\/users\/1"}],"replies":[{"embeddable":true,"href":"https:\/\/redsailaruba.com\/pt-br\/wp-json\/wp\/v2\/comments?post=3603"}],"version-history":[{"count":1,"href":"https:\/\/redsailaruba.com\/pt-br\/wp-json\/wp\/v2\/pages\/3603\/revisions"}],"predecessor-version":[{"id":3605,"href":"https:\/\/redsailaruba.com\/pt-br\/wp-json\/wp\/v2\/pages\/3603\/revisions\/3605"}],"wp:featuredmedia":[{"embeddable":true,"href":"https:\/\/redsailaruba.com\/pt-br\/wp-json\/wp\/v2\/media\/3604"}],"wp:attachment":[{"href":"https:\/\/redsailaruba.com\/pt-br\/wp-json\/wp\/v2\/media?parent=3603"}],"curies":[{"name":"wp","href":"https:\/\/api.w.org\/{rel}","templated":true}]}}