{"id":3638,"date":"2026-01-29T14:18:23","date_gmt":"2026-01-29T14:18:23","guid":{"rendered":"https:\/\/redsailaruba.com\/politicas-e-procedimentos-gerais\/"},"modified":"2026-02-19T08:45:21","modified_gmt":"2026-02-19T08:45:21","slug":"politicas-e-procedimentos-gerais","status":"publish","type":"page","link":"https:\/\/redsailaruba.com\/pt-br\/politicas-e-procedimentos-gerais\/","title":{"rendered":"Pol\u00edticas e procedimentos gerais"},"content":{"rendered":"\n\n<div class=\"block block-text  my-4 my-lg-6\">\n     <div class=\"container\"> \n        <div class=\"row\">\n            <div class=\"col-12 col-lg-8 mx-auto \">\n                <p>Todas as tarifas est\u00e3o sujeitas a altera\u00e7\u00f5es sem aviso pr\u00e9vio.<\/p>\n<h3>Mergulhadores certificados juniores<\/h3>\n<p>Os Junior Divers certificados de 10-11 anos de idade est\u00e3o limitados a 40 p\u00e9s em todos os mergulhos.<\/p>\n<p>Os Junior Divers certificados de 12 a 14 anos de idade podem mergulhar a uma profundidade m\u00e1xima de 72 p\u00e9s, embora a profundidade real seja determinada pelo divemaster. Os Junior Divers devem estar acompanhados por um dos pais ou respons\u00e1vel legal certificado ou por um instrutor. <\/p>\n<p>Com um mergulhador j\u00fanior avan\u00e7ado qualificado, a profundidade m\u00e1xima \u00e9 de 70 p\u00e9s.<\/p>\n<h3>Mergulho e pacotes de mergulho<\/h3>\n<p>Todos os mergulhadores certificados devem ter um cart\u00e3o de certifica\u00e7\u00e3o. A Red Sail Sports aceita os seguintes cart\u00f5es de certifica\u00e7\u00e3o, entre outros: BSAC, PADI, NAUI, ANDI, NASDS, SSI, YMCA, SDI e TDI. <\/p>\n<p>O cancelamento de todos os pacotes de mergulho deve ser feito com 24 horas de anteced\u00eancia para que voc\u00ea receba um reembolso total. Com menos de 24 horas de anteced\u00eancia, ser\u00e1 cobrada uma multa de 50%. <\/p>\n<p>O cancelamento de reservas \u00e0 la carte requer um aviso pr\u00e9vio de 24 horas.<\/p>\n<h3>Pol\u00edtica de cursos de atualiza\u00e7\u00e3o<\/h3>\n<p>Se o \u00faltimo mergulho que voc\u00ea fez foi h\u00e1 mais de um ano, \u00e9 recomend\u00e1vel fazer um curso de atualiza\u00e7\u00e3o.<br \/>\nSe o \u00faltimo mergulho que voc\u00ea fez foi h\u00e1 2 a 4 anos, \u00e9 necess\u00e1rio um curso de atualiza\u00e7\u00e3o.<br \/>\nSe voc\u00ea mergulhou pela \u00faltima vez h\u00e1 5 a 9 anos, \u00e9 necess\u00e1rio um curso de atualiza\u00e7\u00e3o completo.<br \/>\nE se o \u00faltimo mergulho que voc\u00ea fez foi h\u00e1 mais de 10 anos, \u00e9 necess\u00e1rio um curso de resort ou um curso de certifica\u00e7\u00e3o completo.<\/p>\n<h3>Curso de resort e cursos de certifica\u00e7\u00e3o<\/h3>\n<p>Todos os mergulhadores iniciantes t\u00eam permiss\u00e3o para mergulhar a uma profundidade m\u00e1xima de 40 p\u00e9s.<\/p>\n<h3>Fatos de mergulho<\/h3>\n<p>A temperatura da \u00e1gua de novembro a maio \u00e9 de 77 a 78 graus. De junho a outubro, \u00e9 de 79 a 82 graus. Uma roupa de mergulho curta de 3 mm no ver\u00e3o normalmente \u00e9 suficiente. Uma roupa de mergulho completa de 3 mm \u00e9 recomendada nos meses de inverno.   <\/p>\n<h3>Servi\u00e7o de traslado<\/h3>\n<p>A Red Sail Sports oferece transporte gratuito de ida e volta dos mergulhos para os h\u00f3spedes.<\/p>\n<h3>Escolhendo um local de mergulho<\/h3>\n<p>O capit\u00e3o do barco de mergulho far\u00e1 todos os esfor\u00e7os para chegar aos locais de mergulho solicitados. Entretanto, como h\u00e1 uma pol\u00edtica de &#8220;primeiro a chegar, primeiro a ser servido&#8221; para os ancoradouros, os locais n\u00e3o podem ser pr\u00e9-reservados ou garantidos. O clima tamb\u00e9m \u00e9 um fator na sele\u00e7\u00e3o do local de mergulho apropriado para o grupo.  <\/p>\n<h3>Seguran\u00e7a e conserva\u00e7\u00e3o<\/h3>\n<p>A Red Sail Sports endossa pr\u00e1ticas seguras de mergulho e incentiva a conserva\u00e7\u00e3o ambiental entre seus membros. Os mergulhadores s\u00e3o incentivados a permanecer acima de 100 p\u00e9s e a evitar danos ao recife de coral. <\/p>\n<h3>Propor\u00e7\u00f5es de mergulho<\/h3>\n<p>A propor\u00e7\u00e3o de mergulho da Red Sail Sports \u00e9 de um divemaster para cada dez mergulhadores certificados em cada mergulho guiado. Fornecemos um instrutor para cada quatro alunos do Curso de Resort. N\u00e3o permitimos que os mergulhadores mergulhem sozinhos em nossos barcos de mergulho.  <\/p>\n<h3>Pol\u00edtica de computadores de mergulho<\/h3>\n<p>A Red Sail Sports aceita computadores de mergulho a bordo de todos os nossos barcos de mergulho. Os computadores proporcionar\u00e3o aos mergulhadores mais tempo no fundo do mar; no entanto, pedimos que voc\u00ea siga estas regras se planejar mergulhar com um computador: <\/p>\n<ul>\n<li>Cada mergulhador deve ter seu pr\u00f3prio computador.<\/li>\n<li>Os mergulhadores devem voltar ao barco com pelo menos 500 psi no tanque e voltar no hor\u00e1rio anunciado pelos chefes de mergulho antes de cada mergulho.<\/li>\n<li>Os mergulhadores devem permanecer dentro de cinco minutos do limite de n\u00e3o descompress\u00e3o.<\/li>\n<li>Recomendamos que voc\u00ea fa\u00e7a uma parada de seguran\u00e7a de cinco minutos a 15 p\u00e9s ap\u00f3s cada mergulho.<\/li>\n<li>Os perfis ser\u00e3o registrados ap\u00f3s cada mergulho em um livro de registro (os mergulhadores devem fornecer seus pr\u00f3prios livros de registro).<\/li>\n<\/ul>\n            <\/div>\n        <\/div>\n        \n                <\/div> <\/div>","protected":false},"excerpt":{"rendered":"","protected":false},"author":1,"featured_media":3222,"parent":0,"menu_order":0,"comment_status":"closed","ping_status":"closed","template":"","meta":{"_acf_changed":false,"footnotes":""},"class_list":["post-3638","page","type-page","status-publish","has-post-thumbnail","hentry"],"acf":[],"yoast_head":"<!-- This site is optimized with the Yoast SEO Premium plugin v27.3 (Yoast SEO v27.3) - https:\/\/yoast.com\/product\/yoast-seo-premium-wordpress\/ -->\n<title>Pol\u00edticas e procedimentos gerais da Aruba que voc\u00ea deve conhecer - Red Sail Aruba<\/title>\n<meta name=\"description\" content=\"Saiba mais sobre as Pol\u00edticas e Procedimentos Gerais de Aruba para todos os mergulhadores certificados. Informa\u00e7\u00f5es importantes sobre profundidades de mergulho e cancelamentos.\" \/>\n<meta name=\"robots\" content=\"index, follow, max-snippet:-1, max-image-preview:large, max-video-preview:-1\" \/>\n<link rel=\"canonical\" href=\"https:\/\/redsailaruba.com\/pt-br\/politicas-e-procedimentos-gerais\/\" \/>\n<meta property=\"og:locale\" content=\"pt_BR\" \/>\n<meta property=\"og:type\" content=\"article\" \/>\n<meta property=\"og:title\" content=\"Pol\u00edticas e procedimentos gerais\" \/>\n<meta property=\"og:description\" content=\"Saiba mais sobre as Pol\u00edticas e Procedimentos Gerais de Aruba para todos os mergulhadores certificados. Informa\u00e7\u00f5es importantes sobre profundidades de mergulho e cancelamentos.\" \/>\n<meta property=\"og:url\" content=\"https:\/\/redsailaruba.com\/pt-br\/politicas-e-procedimentos-gerais\/\" \/>\n<meta property=\"og:site_name\" content=\"Red Sail Aruba\" \/>\n<meta property=\"article:modified_time\" content=\"2026-02-19T08:45:21+00:00\" \/>\n<meta property=\"og:image\" content=\"https:\/\/redsailaruba.com\/app\/uploads\/2021\/10\/Students-viewing-Ipad-lesson-scaled.webp\" \/>\n\t<meta property=\"og:image:width\" content=\"1707\" \/>\n\t<meta property=\"og:image:height\" content=\"2560\" \/>\n\t<meta property=\"og:image:type\" content=\"image\/webp\" \/>\n<meta name=\"twitter:card\" content=\"summary_large_image\" \/>\n<script type=\"application\/ld+json\" class=\"yoast-schema-graph\">{\"@context\":\"https:\\\/\\\/schema.org\",\"@graph\":[{\"@type\":\"WebPage\",\"@id\":\"https:\\\/\\\/redsailaruba.com\\\/pt-br\\\/politicas-e-procedimentos-gerais\\\/\",\"url\":\"https:\\\/\\\/redsailaruba.com\\\/pt-br\\\/politicas-e-procedimentos-gerais\\\/\",\"name\":\"Pol\u00edticas e procedimentos gerais da Aruba que voc\u00ea deve conhecer - Red Sail Aruba\",\"isPartOf\":{\"@id\":\"https:\\\/\\\/redsailaruba.com\\\/pt-br\\\/#website\"},\"primaryImageOfPage\":{\"@id\":\"https:\\\/\\\/redsailaruba.com\\\/pt-br\\\/politicas-e-procedimentos-gerais\\\/#primaryimage\"},\"image\":{\"@id\":\"https:\\\/\\\/redsailaruba.com\\\/pt-br\\\/politicas-e-procedimentos-gerais\\\/#primaryimage\"},\"thumbnailUrl\":\"https:\\\/\\\/redsailaruba.com\\\/app\\\/uploads\\\/2021\\\/10\\\/Students-viewing-Ipad-lesson-scaled.webp\",\"datePublished\":\"2026-01-29T14:18:23+00:00\",\"dateModified\":\"2026-02-19T08:45:21+00:00\",\"description\":\"Saiba mais sobre as Pol\u00edticas e Procedimentos Gerais de Aruba para todos os mergulhadores certificados. Informa\u00e7\u00f5es importantes sobre profundidades de mergulho e cancelamentos.\",\"breadcrumb\":{\"@id\":\"https:\\\/\\\/redsailaruba.com\\\/pt-br\\\/politicas-e-procedimentos-gerais\\\/#breadcrumb\"},\"inLanguage\":\"pt-BR\",\"potentialAction\":[{\"@type\":\"ReadAction\",\"target\":[\"https:\\\/\\\/redsailaruba.com\\\/pt-br\\\/politicas-e-procedimentos-gerais\\\/\"]}]},{\"@type\":\"ImageObject\",\"inLanguage\":\"pt-BR\",\"@id\":\"https:\\\/\\\/redsailaruba.com\\\/pt-br\\\/politicas-e-procedimentos-gerais\\\/#primaryimage\",\"url\":\"https:\\\/\\\/redsailaruba.com\\\/app\\\/uploads\\\/2021\\\/10\\\/Students-viewing-Ipad-lesson-scaled.webp\",\"contentUrl\":\"https:\\\/\\\/redsailaruba.com\\\/app\\\/uploads\\\/2021\\\/10\\\/Students-viewing-Ipad-lesson-scaled.webp\",\"width\":1707,\"height\":2560,\"caption\":\"Alunos assistindo \u00e0 aula no Ipad\"},{\"@type\":\"BreadcrumbList\",\"@id\":\"https:\\\/\\\/redsailaruba.com\\\/pt-br\\\/politicas-e-procedimentos-gerais\\\/#breadcrumb\",\"itemListElement\":[{\"@type\":\"ListItem\",\"position\":1,\"name\":\"In\u00edcio\",\"item\":\"https:\\\/\\\/redsailaruba.com\\\/pt-br\\\/\"},{\"@type\":\"ListItem\",\"position\":2,\"name\":\"Pol\u00edticas e procedimentos gerais\"}]},{\"@type\":\"WebSite\",\"@id\":\"https:\\\/\\\/redsailaruba.com\\\/pt-br\\\/#website\",\"url\":\"https:\\\/\\\/redsailaruba.com\\\/pt-br\\\/\",\"name\":\"Red Sail Aruba\",\"description\":\"Os melhores esportes aqu\u00e1ticos, roupas t\u00edpicas e destinos de Aruba.\",\"publisher\":{\"@id\":\"https:\\\/\\\/redsailaruba.com\\\/pt-br\\\/#organization\"},\"potentialAction\":[{\"@type\":\"SearchAction\",\"target\":{\"@type\":\"EntryPoint\",\"urlTemplate\":\"https:\\\/\\\/redsailaruba.com\\\/pt-br\\\/?s={search_term_string}\"},\"query-input\":{\"@type\":\"PropertyValueSpecification\",\"valueRequired\":true,\"valueName\":\"search_term_string\"}}],\"inLanguage\":\"pt-BR\"},{\"@type\":\"Organization\",\"@id\":\"https:\\\/\\\/redsailaruba.com\\\/pt-br\\\/#organization\",\"name\":\"Red Sail Aruba\",\"url\":\"https:\\\/\\\/redsailaruba.com\\\/pt-br\\\/\",\"logo\":{\"@type\":\"ImageObject\",\"inLanguage\":\"pt-BR\",\"@id\":\"https:\\\/\\\/redsailaruba.com\\\/pt-br\\\/#\\\/schema\\\/logo\\\/image\\\/\",\"url\":\"https:\\\/\\\/redsailaruba.com\\\/app\\\/uploads\\\/2026\\\/02\\\/rsa-969.png\",\"contentUrl\":\"https:\\\/\\\/redsailaruba.com\\\/app\\\/uploads\\\/2026\\\/02\\\/rsa-969.png\",\"width\":696,\"height\":696,\"caption\":\"Red Sail Aruba\"},\"image\":{\"@id\":\"https:\\\/\\\/redsailaruba.com\\\/pt-br\\\/#\\\/schema\\\/logo\\\/image\\\/\"}}]}<\/script>\n<!-- \/ Yoast SEO Premium plugin. -->","yoast_head_json":{"title":"Pol\u00edticas e procedimentos gerais da Aruba que voc\u00ea deve conhecer - Red Sail Aruba","description":"Saiba mais sobre as Pol\u00edticas e Procedimentos Gerais de Aruba para todos os mergulhadores certificados. Informa\u00e7\u00f5es importantes sobre profundidades de mergulho e cancelamentos.","robots":{"index":"index","follow":"follow","max-snippet":"max-snippet:-1","max-image-preview":"max-image-preview:large","max-video-preview":"max-video-preview:-1"},"canonical":"https:\/\/redsailaruba.com\/pt-br\/politicas-e-procedimentos-gerais\/","og_locale":"pt_BR","og_type":"article","og_title":"Pol\u00edticas e procedimentos gerais","og_description":"Saiba mais sobre as Pol\u00edticas e Procedimentos Gerais de Aruba para todos os mergulhadores certificados. Informa\u00e7\u00f5es importantes sobre profundidades de mergulho e cancelamentos.","og_url":"https:\/\/redsailaruba.com\/pt-br\/politicas-e-procedimentos-gerais\/","og_site_name":"Red Sail Aruba","article_modified_time":"2026-02-19T08:45:21+00:00","og_image":[{"width":1707,"height":2560,"url":"https:\/\/redsailaruba.com\/app\/uploads\/2021\/10\/Students-viewing-Ipad-lesson-scaled.webp","type":"image\/webp"}],"twitter_card":"summary_large_image","schema":{"@context":"https:\/\/schema.org","@graph":[{"@type":"WebPage","@id":"https:\/\/redsailaruba.com\/pt-br\/politicas-e-procedimentos-gerais\/","url":"https:\/\/redsailaruba.com\/pt-br\/politicas-e-procedimentos-gerais\/","name":"Pol\u00edticas e procedimentos gerais da Aruba que voc\u00ea deve conhecer - Red Sail Aruba","isPartOf":{"@id":"https:\/\/redsailaruba.com\/pt-br\/#website"},"primaryImageOfPage":{"@id":"https:\/\/redsailaruba.com\/pt-br\/politicas-e-procedimentos-gerais\/#primaryimage"},"image":{"@id":"https:\/\/redsailaruba.com\/pt-br\/politicas-e-procedimentos-gerais\/#primaryimage"},"thumbnailUrl":"https:\/\/redsailaruba.com\/app\/uploads\/2021\/10\/Students-viewing-Ipad-lesson-scaled.webp","datePublished":"2026-01-29T14:18:23+00:00","dateModified":"2026-02-19T08:45:21+00:00","description":"Saiba mais sobre as Pol\u00edticas e Procedimentos Gerais de Aruba para todos os mergulhadores certificados. Informa\u00e7\u00f5es importantes sobre profundidades de mergulho e cancelamentos.","breadcrumb":{"@id":"https:\/\/redsailaruba.com\/pt-br\/politicas-e-procedimentos-gerais\/#breadcrumb"},"inLanguage":"pt-BR","potentialAction":[{"@type":"ReadAction","target":["https:\/\/redsailaruba.com\/pt-br\/politicas-e-procedimentos-gerais\/"]}]},{"@type":"ImageObject","inLanguage":"pt-BR","@id":"https:\/\/redsailaruba.com\/pt-br\/politicas-e-procedimentos-gerais\/#primaryimage","url":"https:\/\/redsailaruba.com\/app\/uploads\/2021\/10\/Students-viewing-Ipad-lesson-scaled.webp","contentUrl":"https:\/\/redsailaruba.com\/app\/uploads\/2021\/10\/Students-viewing-Ipad-lesson-scaled.webp","width":1707,"height":2560,"caption":"Alunos assistindo \u00e0 aula no Ipad"},{"@type":"BreadcrumbList","@id":"https:\/\/redsailaruba.com\/pt-br\/politicas-e-procedimentos-gerais\/#breadcrumb","itemListElement":[{"@type":"ListItem","position":1,"name":"In\u00edcio","item":"https:\/\/redsailaruba.com\/pt-br\/"},{"@type":"ListItem","position":2,"name":"Pol\u00edticas e procedimentos gerais"}]},{"@type":"WebSite","@id":"https:\/\/redsailaruba.com\/pt-br\/#website","url":"https:\/\/redsailaruba.com\/pt-br\/","name":"Red Sail Aruba","description":"Os melhores esportes aqu\u00e1ticos, roupas t\u00edpicas e destinos de Aruba.","publisher":{"@id":"https:\/\/redsailaruba.com\/pt-br\/#organization"},"potentialAction":[{"@type":"SearchAction","target":{"@type":"EntryPoint","urlTemplate":"https:\/\/redsailaruba.com\/pt-br\/?s={search_term_string}"},"query-input":{"@type":"PropertyValueSpecification","valueRequired":true,"valueName":"search_term_string"}}],"inLanguage":"pt-BR"},{"@type":"Organization","@id":"https:\/\/redsailaruba.com\/pt-br\/#organization","name":"Red Sail Aruba","url":"https:\/\/redsailaruba.com\/pt-br\/","logo":{"@type":"ImageObject","inLanguage":"pt-BR","@id":"https:\/\/redsailaruba.com\/pt-br\/#\/schema\/logo\/image\/","url":"https:\/\/redsailaruba.com\/app\/uploads\/2026\/02\/rsa-969.png","contentUrl":"https:\/\/redsailaruba.com\/app\/uploads\/2026\/02\/rsa-969.png","width":696,"height":696,"caption":"Red Sail Aruba"},"image":{"@id":"https:\/\/redsailaruba.com\/pt-br\/#\/schema\/logo\/image\/"}}]}},"_links":{"self":[{"href":"https:\/\/redsailaruba.com\/pt-br\/wp-json\/wp\/v2\/pages\/3638","targetHints":{"allow":["GET"]}}],"collection":[{"href":"https:\/\/redsailaruba.com\/pt-br\/wp-json\/wp\/v2\/pages"}],"about":[{"href":"https:\/\/redsailaruba.com\/pt-br\/wp-json\/wp\/v2\/types\/page"}],"author":[{"embeddable":true,"href":"https:\/\/redsailaruba.com\/pt-br\/wp-json\/wp\/v2\/users\/1"}],"replies":[{"embeddable":true,"href":"https:\/\/redsailaruba.com\/pt-br\/wp-json\/wp\/v2\/comments?post=3638"}],"version-history":[{"count":1,"href":"https:\/\/redsailaruba.com\/pt-br\/wp-json\/wp\/v2\/pages\/3638\/revisions"}],"predecessor-version":[{"id":3639,"href":"https:\/\/redsailaruba.com\/pt-br\/wp-json\/wp\/v2\/pages\/3638\/revisions\/3639"}],"wp:featuredmedia":[{"embeddable":true,"href":"https:\/\/redsailaruba.com\/pt-br\/wp-json\/wp\/v2\/media\/3222"}],"wp:attachment":[{"href":"https:\/\/redsailaruba.com\/pt-br\/wp-json\/wp\/v2\/media?parent=3638"}],"curies":[{"name":"wp","href":"https:\/\/api.w.org\/{rel}","templated":true}]}}