{"id":3667,"date":"2026-02-02T08:25:31","date_gmt":"2026-02-02T08:25:31","guid":{"rendered":"https:\/\/redsailaruba.com\/empregos\/"},"modified":"2026-02-19T08:47:01","modified_gmt":"2026-02-19T08:47:01","slug":"empregos","status":"publish","type":"page","link":"https:\/\/redsailaruba.com\/pt-br\/empregos\/","title":{"rendered":"Empregos"},"content":{"rendered":"\n\n<div class=\"block block-text  my-4 my-lg-6\">\n     <div class=\"container\"> \n        <div class=\"row\">\n            <div class=\"col-12 col-lg-8 mx-auto \">\n                <p>A Red Sail Sports \u00e9 a maior operadora de mergulho e esportes aqu\u00e1ticos com base em resorts em Aruba. Operamos uma frota de barcos de mergulho e catamar\u00e3s de luxo, al\u00e9m de uma variedade de brinquedos para praia e esportes aqu\u00e1ticos. Tamb\u00e9m operamos v\u00e1rias lojas de varejo bem-sucedidas.  <\/p>\n<p>Os funcion\u00e1rios da Red Sail Sports s\u00e3o uma equipe divertida e esfor\u00e7ada de pessoas talentosas que combinam seus esfor\u00e7os para garantir o sucesso cont\u00ednuo de nossa empresa. Explore nossas oportunidades de emprego para encontrar uma que combine com seus interesses e habilidades. Se voc\u00ea se encaixar, candidate-se on-line.  <\/p>\n<p><a href=\"https:\/\/redsailaruba.com\/job-application\/\">Candidatar-se a um emprego on-line<\/a>.<\/p>\n<h2 class=\"subhead\">Oportunidades de emprego na Red Sail<\/h2>\n<p>As vagas listadas abaixo est\u00e3o dispon\u00edveis ocasionalmente, portanto, volte a nos visitar com frequ\u00eancia.<\/p>\n<p>Todos os funcion\u00e1rios da Red Sail Sports recebem uniformes gratuitos, seguro-sa\u00fade, uso gratuito de servi\u00e7os e um desconto no varejo da Red Sail Sports.<\/p>\n<h2>Departamento de mergulho<\/h2>\n<h3>Supervisor de mergulho<\/h3>\n<ul>\n<li>Instrutor da equipe PADI IDC<\/li>\n<li>M\u00ednimo de 1.000 mergulhos registrados<\/li>\n<li>5 anos de experi\u00eancia como funcion\u00e1rio em tempo integral em um resort de mergulho<\/li>\n<li>Conhecimento de manuten\u00e7\u00e3o de equipamentos e tanques<\/li>\n<li>Conhecimento de manuten\u00e7\u00e3o de compressores Bauer<\/li>\n<li>Experi\u00eancia no manuseio de barcos com dois motores<\/li>\n<li>Habilidades de lideran\u00e7a<\/li>\n<li>Habilidades organizacionais<\/li>\n<li>Baixo n\u00edvel de estresse<\/li>\n<\/ul>\n<h3>Requisitos adicionais:<\/h3>\n<ul>\n<li>Licen\u00e7a de capit\u00e3o<\/li>\n<li>Experi\u00eancia em manuten\u00e7\u00e3o de motores a diesel, Cummins e Perkins<\/li>\n<\/ul>\n<h3>Instrutores de mergulho<\/h3>\n<p>Viva e trabalhe em um dos melhores locais de mergulho do mundo! Estamos procurando instrutores de mergulho que sejam capazes de ensinar e orientar mergulhadores de todas as idades e habilidades. A Red Sail Sports oferece instru\u00e7\u00e3o di\u00e1ria de mergulho, incluindo cursos de resort, certifica\u00e7\u00e3o completa, cursos especializados e treinamento de instrutores. Voc\u00ea precisa ter a certifica\u00e7\u00e3o de instrutor de mergulho da PADI, uma associa\u00e7\u00e3o atualizada e seguro, al\u00e9m de pelo menos dois anos de experi\u00eancia como instrutor.   <\/p>\n<h2>Reservas de praia\/esportes aqu\u00e1ticos<\/h2>\n<p>Trabalhe ao ar livre na praia, auxiliando nossos h\u00f3spedes com Waverunners, esqui aqu\u00e1tico, wakeboard, parasailing, veleiros, caiaques e todos os outros brinquedos de esportes aqu\u00e1ticos. \u00c9 necess\u00e1rio ter certifica\u00e7\u00e3o e experi\u00eancia anterior em esportes aqu\u00e1ticos. (Nata\u00e7\u00e3o, salva-vidas, vela, Waverunners, esqui aqu\u00e1tico).  <\/p>\n<h2>Capit\u00e3es de catamar\u00e3 e membros da tripula\u00e7\u00e3o<\/h2>\n<p>Chamando todos os capit\u00e3es e tripulantes! Os membros da tripula\u00e7\u00e3o do catamar\u00e3 ter\u00e3o o prazer di\u00e1rio de trabalhar em um de nossos luxuosos catamar\u00e3s. Oferecemos passeios de um dia, incluindo almo\u00e7o com uma viagem ao famoso naufr\u00e1gio do Antilla e v\u00e1rias paradas para mergulho com snorkel. Al\u00e9m disso, os catamar\u00e3s navegam no in\u00edcio da noite para ver o deslumbrante p\u00f4r do sol caribenho.   <\/p>\n<p>As fun\u00e7\u00f5es incluem (mas n\u00e3o se limitam a): auxiliar o capit\u00e3o a navegar na embarca\u00e7\u00e3o, fazer o check-in e dar as boas-vindas aos h\u00f3spedes, realizar briefings da viagem para os h\u00f3spedes a bordo, supervisionar os mergulhadores enquanto estiverem na \u00e1gua para detectar quaisquer problemas, servir alimentos e bebidas a bordo, invent\u00e1rio e manuten\u00e7\u00e3o geral. \u00c9 necess\u00e1rio ter certifica\u00e7\u00e3o em navega\u00e7\u00e3o e experi\u00eancia em nata\u00e7\u00e3o. <\/p>\n<h2>Funcion\u00e1rios de varejo<\/h2>\n<p>Estamos procurando pessoas orientadas para o atendimento ao cliente que tenham experi\u00eancia anterior em vendas no varejo.<\/p>\n<p>As fun\u00e7\u00f5es incluem (mas n\u00e3o est\u00e3o limitadas a): atendimento ao cliente, vendas, manuseio\/equil\u00edbrio de caixa, invent\u00e1rio, pedidos e merchandising.<\/p>\n            <\/div>\n        <\/div>\n        \n                <\/div> <\/div>","protected":false},"excerpt":{"rendered":"","protected":false},"author":1,"featured_media":3370,"parent":0,"menu_order":0,"comment_status":"closed","ping_status":"closed","template":"","meta":{"_acf_changed":false,"footnotes":""},"class_list":["post-3667","page","type-page","status-publish","has-post-thumbnail","hentry"],"acf":[],"yoast_head":"<!-- This site is optimized with the Yoast SEO Premium plugin v27.3 (Yoast SEO v27.3) - https:\/\/yoast.com\/product\/yoast-seo-premium-wordpress\/ -->\n<title>Oportunidades de emprego na Red Sail: Junte-se \u00e0 nossa equipe talentosa - Red Sail Aruba<\/title>\n<meta name=\"description\" content=\"Descubra as empolgantes oportunidades de emprego na Red Sail. Candidate-se on-line e fa\u00e7a parte de uma equipe talentosa dedicada ao sucesso nos esportes aqu\u00e1ticos.\" \/>\n<meta name=\"robots\" content=\"index, follow, max-snippet:-1, max-image-preview:large, max-video-preview:-1\" \/>\n<link rel=\"canonical\" href=\"https:\/\/redsailaruba.com\/pt-br\/empregos\/\" \/>\n<meta property=\"og:locale\" content=\"pt_BR\" \/>\n<meta property=\"og:type\" content=\"article\" \/>\n<meta property=\"og:title\" content=\"Empregos\" \/>\n<meta property=\"og:description\" content=\"Descubra as empolgantes oportunidades de emprego na Red Sail. Candidate-se on-line e fa\u00e7a parte de uma equipe talentosa dedicada ao sucesso nos esportes aqu\u00e1ticos.\" \/>\n<meta property=\"og:url\" content=\"https:\/\/redsailaruba.com\/pt-br\/empregos\/\" \/>\n<meta property=\"og:site_name\" content=\"Red Sail Aruba\" \/>\n<meta property=\"article:modified_time\" content=\"2026-02-19T08:47:01+00:00\" \/>\n<meta property=\"og:image\" content=\"https:\/\/redsailaruba.com\/app\/uploads\/2021\/11\/redsail-aruba-sail-24.webp\" \/>\n\t<meta property=\"og:image:width\" content=\"1280\" \/>\n\t<meta property=\"og:image:height\" content=\"854\" \/>\n\t<meta property=\"og:image:type\" content=\"image\/webp\" \/>\n<meta name=\"twitter:card\" content=\"summary_large_image\" \/>\n<script type=\"application\/ld+json\" class=\"yoast-schema-graph\">{\"@context\":\"https:\\\/\\\/schema.org\",\"@graph\":[{\"@type\":\"WebPage\",\"@id\":\"https:\\\/\\\/redsailaruba.com\\\/pt-br\\\/empregos\\\/\",\"url\":\"https:\\\/\\\/redsailaruba.com\\\/pt-br\\\/empregos\\\/\",\"name\":\"Oportunidades de emprego na Red Sail: Junte-se \u00e0 nossa equipe talentosa - Red Sail Aruba\",\"isPartOf\":{\"@id\":\"https:\\\/\\\/redsailaruba.com\\\/pt-br\\\/#website\"},\"primaryImageOfPage\":{\"@id\":\"https:\\\/\\\/redsailaruba.com\\\/pt-br\\\/empregos\\\/#primaryimage\"},\"image\":{\"@id\":\"https:\\\/\\\/redsailaruba.com\\\/pt-br\\\/empregos\\\/#primaryimage\"},\"thumbnailUrl\":\"https:\\\/\\\/redsailaruba.com\\\/app\\\/uploads\\\/2021\\\/11\\\/redsail-aruba-sail-24.webp\",\"datePublished\":\"2026-02-02T08:25:31+00:00\",\"dateModified\":\"2026-02-19T08:47:01+00:00\",\"description\":\"Descubra as empolgantes oportunidades de emprego na Red Sail. Candidate-se on-line e fa\u00e7a parte de uma equipe talentosa dedicada ao sucesso nos esportes aqu\u00e1ticos.\",\"breadcrumb\":{\"@id\":\"https:\\\/\\\/redsailaruba.com\\\/pt-br\\\/empregos\\\/#breadcrumb\"},\"inLanguage\":\"pt-BR\",\"potentialAction\":[{\"@type\":\"ReadAction\",\"target\":[\"https:\\\/\\\/redsailaruba.com\\\/pt-br\\\/empregos\\\/\"]}]},{\"@type\":\"ImageObject\",\"inLanguage\":\"pt-BR\",\"@id\":\"https:\\\/\\\/redsailaruba.com\\\/pt-br\\\/empregos\\\/#primaryimage\",\"url\":\"https:\\\/\\\/redsailaruba.com\\\/app\\\/uploads\\\/2021\\\/11\\\/redsail-aruba-sail-24.webp\",\"contentUrl\":\"https:\\\/\\\/redsailaruba.com\\\/app\\\/uploads\\\/2021\\\/11\\\/redsail-aruba-sail-24.webp\",\"width\":1280,\"height\":854,\"caption\":\"Um membro da tripula\u00e7\u00e3o da Red Sail servindo comida em uma cafeteria.\"},{\"@type\":\"BreadcrumbList\",\"@id\":\"https:\\\/\\\/redsailaruba.com\\\/pt-br\\\/empregos\\\/#breadcrumb\",\"itemListElement\":[{\"@type\":\"ListItem\",\"position\":1,\"name\":\"In\u00edcio\",\"item\":\"https:\\\/\\\/redsailaruba.com\\\/pt-br\\\/\"},{\"@type\":\"ListItem\",\"position\":2,\"name\":\"Empregos\"}]},{\"@type\":\"WebSite\",\"@id\":\"https:\\\/\\\/redsailaruba.com\\\/pt-br\\\/#website\",\"url\":\"https:\\\/\\\/redsailaruba.com\\\/pt-br\\\/\",\"name\":\"Red Sail Aruba\",\"description\":\"Os melhores esportes aqu\u00e1ticos, roupas t\u00edpicas e destinos de Aruba.\",\"publisher\":{\"@id\":\"https:\\\/\\\/redsailaruba.com\\\/pt-br\\\/#organization\"},\"potentialAction\":[{\"@type\":\"SearchAction\",\"target\":{\"@type\":\"EntryPoint\",\"urlTemplate\":\"https:\\\/\\\/redsailaruba.com\\\/pt-br\\\/?s={search_term_string}\"},\"query-input\":{\"@type\":\"PropertyValueSpecification\",\"valueRequired\":true,\"valueName\":\"search_term_string\"}}],\"inLanguage\":\"pt-BR\"},{\"@type\":\"Organization\",\"@id\":\"https:\\\/\\\/redsailaruba.com\\\/pt-br\\\/#organization\",\"name\":\"Red Sail Aruba\",\"url\":\"https:\\\/\\\/redsailaruba.com\\\/pt-br\\\/\",\"logo\":{\"@type\":\"ImageObject\",\"inLanguage\":\"pt-BR\",\"@id\":\"https:\\\/\\\/redsailaruba.com\\\/pt-br\\\/#\\\/schema\\\/logo\\\/image\\\/\",\"url\":\"https:\\\/\\\/redsailaruba.com\\\/app\\\/uploads\\\/2026\\\/02\\\/rsa-969.png\",\"contentUrl\":\"https:\\\/\\\/redsailaruba.com\\\/app\\\/uploads\\\/2026\\\/02\\\/rsa-969.png\",\"width\":696,\"height\":696,\"caption\":\"Red Sail Aruba\"},\"image\":{\"@id\":\"https:\\\/\\\/redsailaruba.com\\\/pt-br\\\/#\\\/schema\\\/logo\\\/image\\\/\"}}]}<\/script>\n<!-- \/ Yoast SEO Premium plugin. -->","yoast_head_json":{"title":"Oportunidades de emprego na Red Sail: Junte-se \u00e0 nossa equipe talentosa - Red Sail Aruba","description":"Descubra as empolgantes oportunidades de emprego na Red Sail. Candidate-se on-line e fa\u00e7a parte de uma equipe talentosa dedicada ao sucesso nos esportes aqu\u00e1ticos.","robots":{"index":"index","follow":"follow","max-snippet":"max-snippet:-1","max-image-preview":"max-image-preview:large","max-video-preview":"max-video-preview:-1"},"canonical":"https:\/\/redsailaruba.com\/pt-br\/empregos\/","og_locale":"pt_BR","og_type":"article","og_title":"Empregos","og_description":"Descubra as empolgantes oportunidades de emprego na Red Sail. Candidate-se on-line e fa\u00e7a parte de uma equipe talentosa dedicada ao sucesso nos esportes aqu\u00e1ticos.","og_url":"https:\/\/redsailaruba.com\/pt-br\/empregos\/","og_site_name":"Red Sail Aruba","article_modified_time":"2026-02-19T08:47:01+00:00","og_image":[{"width":1280,"height":854,"url":"https:\/\/redsailaruba.com\/app\/uploads\/2021\/11\/redsail-aruba-sail-24.webp","type":"image\/webp"}],"twitter_card":"summary_large_image","schema":{"@context":"https:\/\/schema.org","@graph":[{"@type":"WebPage","@id":"https:\/\/redsailaruba.com\/pt-br\/empregos\/","url":"https:\/\/redsailaruba.com\/pt-br\/empregos\/","name":"Oportunidades de emprego na Red Sail: Junte-se \u00e0 nossa equipe talentosa - Red Sail Aruba","isPartOf":{"@id":"https:\/\/redsailaruba.com\/pt-br\/#website"},"primaryImageOfPage":{"@id":"https:\/\/redsailaruba.com\/pt-br\/empregos\/#primaryimage"},"image":{"@id":"https:\/\/redsailaruba.com\/pt-br\/empregos\/#primaryimage"},"thumbnailUrl":"https:\/\/redsailaruba.com\/app\/uploads\/2021\/11\/redsail-aruba-sail-24.webp","datePublished":"2026-02-02T08:25:31+00:00","dateModified":"2026-02-19T08:47:01+00:00","description":"Descubra as empolgantes oportunidades de emprego na Red Sail. Candidate-se on-line e fa\u00e7a parte de uma equipe talentosa dedicada ao sucesso nos esportes aqu\u00e1ticos.","breadcrumb":{"@id":"https:\/\/redsailaruba.com\/pt-br\/empregos\/#breadcrumb"},"inLanguage":"pt-BR","potentialAction":[{"@type":"ReadAction","target":["https:\/\/redsailaruba.com\/pt-br\/empregos\/"]}]},{"@type":"ImageObject","inLanguage":"pt-BR","@id":"https:\/\/redsailaruba.com\/pt-br\/empregos\/#primaryimage","url":"https:\/\/redsailaruba.com\/app\/uploads\/2021\/11\/redsail-aruba-sail-24.webp","contentUrl":"https:\/\/redsailaruba.com\/app\/uploads\/2021\/11\/redsail-aruba-sail-24.webp","width":1280,"height":854,"caption":"Um membro da tripula\u00e7\u00e3o da Red Sail servindo comida em uma cafeteria."},{"@type":"BreadcrumbList","@id":"https:\/\/redsailaruba.com\/pt-br\/empregos\/#breadcrumb","itemListElement":[{"@type":"ListItem","position":1,"name":"In\u00edcio","item":"https:\/\/redsailaruba.com\/pt-br\/"},{"@type":"ListItem","position":2,"name":"Empregos"}]},{"@type":"WebSite","@id":"https:\/\/redsailaruba.com\/pt-br\/#website","url":"https:\/\/redsailaruba.com\/pt-br\/","name":"Red Sail Aruba","description":"Os melhores esportes aqu\u00e1ticos, roupas t\u00edpicas e destinos de Aruba.","publisher":{"@id":"https:\/\/redsailaruba.com\/pt-br\/#organization"},"potentialAction":[{"@type":"SearchAction","target":{"@type":"EntryPoint","urlTemplate":"https:\/\/redsailaruba.com\/pt-br\/?s={search_term_string}"},"query-input":{"@type":"PropertyValueSpecification","valueRequired":true,"valueName":"search_term_string"}}],"inLanguage":"pt-BR"},{"@type":"Organization","@id":"https:\/\/redsailaruba.com\/pt-br\/#organization","name":"Red Sail Aruba","url":"https:\/\/redsailaruba.com\/pt-br\/","logo":{"@type":"ImageObject","inLanguage":"pt-BR","@id":"https:\/\/redsailaruba.com\/pt-br\/#\/schema\/logo\/image\/","url":"https:\/\/redsailaruba.com\/app\/uploads\/2026\/02\/rsa-969.png","contentUrl":"https:\/\/redsailaruba.com\/app\/uploads\/2026\/02\/rsa-969.png","width":696,"height":696,"caption":"Red Sail Aruba"},"image":{"@id":"https:\/\/redsailaruba.com\/pt-br\/#\/schema\/logo\/image\/"}}]}},"_links":{"self":[{"href":"https:\/\/redsailaruba.com\/pt-br\/wp-json\/wp\/v2\/pages\/3667","targetHints":{"allow":["GET"]}}],"collection":[{"href":"https:\/\/redsailaruba.com\/pt-br\/wp-json\/wp\/v2\/pages"}],"about":[{"href":"https:\/\/redsailaruba.com\/pt-br\/wp-json\/wp\/v2\/types\/page"}],"author":[{"embeddable":true,"href":"https:\/\/redsailaruba.com\/pt-br\/wp-json\/wp\/v2\/users\/1"}],"replies":[{"embeddable":true,"href":"https:\/\/redsailaruba.com\/pt-br\/wp-json\/wp\/v2\/comments?post=3667"}],"version-history":[{"count":3,"href":"https:\/\/redsailaruba.com\/pt-br\/wp-json\/wp\/v2\/pages\/3667\/revisions"}],"predecessor-version":[{"id":3899,"href":"https:\/\/redsailaruba.com\/pt-br\/wp-json\/wp\/v2\/pages\/3667\/revisions\/3899"}],"wp:featuredmedia":[{"embeddable":true,"href":"https:\/\/redsailaruba.com\/pt-br\/wp-json\/wp\/v2\/media\/3370"}],"wp:attachment":[{"href":"https:\/\/redsailaruba.com\/pt-br\/wp-json\/wp\/v2\/media?parent=3667"}],"curies":[{"name":"wp","href":"https:\/\/api.w.org\/{rel}","templated":true}]}}